{"id":3968,"date":"2017-01-04T11:24:19","date_gmt":"2017-01-04T13:24:19","guid":{"rendered":"http:\/\/totallubri.com.br\/?post_type=product&#038;p=3968"},"modified":"2024-12-01T12:25:19","modified_gmt":"2024-12-01T15:25:19","slug":"medidor-de-pulso-2160-p-piusi","status":"publish","type":"product","link":"https:\/\/totallubri.com.br\/?product=medidor-de-pulso-2160-p-piusi","title":{"rendered":"Medidor de Pulso &#8211; 2160-P &#8211; Piusi"},"content":{"rendered":"<p><span style=\"font-family: HelveticaNeue-Light;\">Em alum\u00ednio, para \u00f3leo diesel e lubrificante.<\/span><\/p>\n<p>Vaz\u00e3o livre\u00a0<strong>10 a\u00a0100\u00a0\u00a0L\/min<\/strong><br \/>\nPress\u00e3o m\u00e1xima de opera\u00e7\u00e3o <strong>430 PSI<\/strong><br \/>\nEntrada e sa\u00edda <span style=\"font-family: HelveticaNeue-Light;\"><strong>\u00f8<\/strong> <\/span><strong>1&#8243; BSP\/ flange<\/strong><br \/>\nPrecis\u00e3o<strong>\u00a00,5 %<\/strong><br \/>\nPPL <strong>35<br \/>\n<\/strong>Sistema de medi\u00e7\u00e3o <strong>engrenagens ovais<\/strong><\/p>\n<p>Peso\u00a0<strong>2,6\u00a0\u00a0Kg<br \/>\n<\/strong>Medidas <strong>(A)\u00a090 mm x (L)\u00a0158 mm<\/strong><\/p>\n","protected":false},"excerpt":{"rendered":"<p>Em alum\u00ednio, para \u00f3leo diesel e lubrificante. Vaz\u00e3o livre\u00a010 a\u00a0100\u00a0\u00a0L\/min Press\u00e3o m\u00e1xima de opera\u00e7\u00e3o 430 PSI Entrada e sa\u00edda \u00f8 1&#8243; BSP\/ flange Precis\u00e3o\u00a00,5 % PPL 35 Sistema de medi\u00e7\u00e3o engrenagens ovais Peso\u00a02,6\u00a0\u00a0Kg Medidas (A)\u00a090 mm x (L)\u00a0158 mm<\/p>\n","protected":false},"featured_media":3969,"comment_status":"open","ping_status":"closed","template":"","meta":{"_exactmetrics_skip_tracking":false,"_exactmetrics_sitenote_active":false,"_exactmetrics_sitenote_note":"","_exactmetrics_sitenote_category":0},"product_brand":[],"product_cat":[109],"product_tag":[],"class_list":{"0":"post-3968","1":"product","2":"type-product","3":"status-publish","4":"has-post-thumbnail","6":"product_cat-medidor-mecanico","8":"first","9":"instock","10":"shipping-taxable","11":"product-type-simple"},"_links":{"self":[{"href":"https:\/\/totallubri.com.br\/index.php?rest_route=\/wp\/v2\/product\/3968","targetHints":{"allow":["GET"]}}],"collection":[{"href":"https:\/\/totallubri.com.br\/index.php?rest_route=\/wp\/v2\/product"}],"about":[{"href":"https:\/\/totallubri.com.br\/index.php?rest_route=\/wp\/v2\/types\/product"}],"replies":[{"embeddable":true,"href":"https:\/\/totallubri.com.br\/index.php?rest_route=%2Fwp%2Fv2%2Fcomments&post=3968"}],"wp:featuredmedia":[{"embeddable":true,"href":"https:\/\/totallubri.com.br\/index.php?rest_route=\/wp\/v2\/media\/3969"}],"wp:attachment":[{"href":"https:\/\/totallubri.com.br\/index.php?rest_route=%2Fwp%2Fv2%2Fmedia&parent=3968"}],"wp:term":[{"taxonomy":"product_brand","embeddable":true,"href":"https:\/\/totallubri.com.br\/index.php?rest_route=%2Fwp%2Fv2%2Fproduct_brand&post=3968"},{"taxonomy":"product_cat","embeddable":true,"href":"https:\/\/totallubri.com.br\/index.php?rest_route=%2Fwp%2Fv2%2Fproduct_cat&post=3968"},{"taxonomy":"product_tag","embeddable":true,"href":"https:\/\/totallubri.com.br\/index.php?rest_route=%2Fwp%2Fv2%2Fproduct_tag&post=3968"}],"curies":[{"name":"wp","href":"https:\/\/api.w.org\/{rel}","templated":true}]}}