{"id":3972,"date":"2017-01-04T11:29:34","date_gmt":"2017-01-04T13:29:34","guid":{"rendered":"http:\/\/totallubri.com.br\/?post_type=product&#038;p=3972"},"modified":"2024-11-30T18:09:19","modified_gmt":"2024-11-30T21:09:19","slug":"medidor-digital-2101-o-piusi","status":"publish","type":"product","link":"https:\/\/totallubri.com.br\/?product=medidor-digital-2101-o-piusi","title":{"rendered":"Medidor Digital \u2013 2101-O \u2013 Piusi"},"content":{"rendered":"<div class=\"cont_produto\">\n<p>Em alum\u00ednio, para \u00f3leo lubrificante.<\/p>\n<p>Vaz\u00e3o livre\u00a0<strong>2,5 L\/min<\/strong><br \/>\nPress\u00e3o m\u00e1xima de opera\u00e7\u00e3o <strong>7.800 PSI<\/strong><br \/>\nEntrada e sa\u00edda <strong>1\/8&#8243; NPT<\/strong><br \/>\nPrecis\u00e3o<strong>\u00a00,5 %<\/strong><\/p>\n<p>Peso\u00a0<strong>600\u00a0\u00a0g<br \/>\n<\/strong>Medidas <strong>(A)\u00a085 mm x (L)\u00a045 mm<\/strong> <strong>x (C) 68 mm<\/strong><\/p>\n<\/div>\n<div><\/div>\n","protected":false},"excerpt":{"rendered":"<p>Em alum\u00ednio, para \u00f3leo lubrificante. Vaz\u00e3o livre\u00a02,5 L\/min Press\u00e3o m\u00e1xima de opera\u00e7\u00e3o 7.800 PSI Entrada e sa\u00edda 1\/8&#8243; NPT Precis\u00e3o\u00a00,5 % Peso\u00a0600\u00a0\u00a0g Medidas (A)\u00a085 mm x (L)\u00a045 mm x (C) 68 mm<\/p>\n","protected":false},"featured_media":3973,"comment_status":"open","ping_status":"closed","template":"","meta":{"_exactmetrics_skip_tracking":false,"_exactmetrics_sitenote_active":false,"_exactmetrics_sitenote_note":"","_exactmetrics_sitenote_category":0},"product_brand":[],"product_cat":[108],"product_tag":[],"class_list":{"0":"post-3972","1":"product","2":"type-product","3":"status-publish","4":"has-post-thumbnail","6":"product_cat-medidor-digital","8":"first","9":"instock","10":"shipping-taxable","11":"product-type-simple"},"_links":{"self":[{"href":"https:\/\/totallubri.com.br\/index.php?rest_route=\/wp\/v2\/product\/3972","targetHints":{"allow":["GET"]}}],"collection":[{"href":"https:\/\/totallubri.com.br\/index.php?rest_route=\/wp\/v2\/product"}],"about":[{"href":"https:\/\/totallubri.com.br\/index.php?rest_route=\/wp\/v2\/types\/product"}],"replies":[{"embeddable":true,"href":"https:\/\/totallubri.com.br\/index.php?rest_route=%2Fwp%2Fv2%2Fcomments&post=3972"}],"wp:featuredmedia":[{"embeddable":true,"href":"https:\/\/totallubri.com.br\/index.php?rest_route=\/wp\/v2\/media\/3973"}],"wp:attachment":[{"href":"https:\/\/totallubri.com.br\/index.php?rest_route=%2Fwp%2Fv2%2Fmedia&parent=3972"}],"wp:term":[{"taxonomy":"product_brand","embeddable":true,"href":"https:\/\/totallubri.com.br\/index.php?rest_route=%2Fwp%2Fv2%2Fproduct_brand&post=3972"},{"taxonomy":"product_cat","embeddable":true,"href":"https:\/\/totallubri.com.br\/index.php?rest_route=%2Fwp%2Fv2%2Fproduct_cat&post=3972"},{"taxonomy":"product_tag","embeddable":true,"href":"https:\/\/totallubri.com.br\/index.php?rest_route=%2Fwp%2Fv2%2Fproduct_tag&post=3972"}],"curies":[{"name":"wp","href":"https:\/\/api.w.org\/{rel}","templated":true}]}}