{"id":3974,"date":"2017-01-04T11:34:48","date_gmt":"2017-01-04T13:34:48","guid":{"rendered":"http:\/\/totallubri.com.br\/?post_type=product&#038;p=3974"},"modified":"2024-11-30T18:50:07","modified_gmt":"2024-11-30T21:50:07","slug":"medidor-digital-programavel-2100-dp-piusi","status":"publish","type":"product","link":"https:\/\/totallubri.com.br\/?product=medidor-digital-programavel-2100-dp-piusi","title":{"rendered":"Medidor Digital Program\u00e1vel &#8211; 2100-DP &#8211; Piusi"},"content":{"rendered":"<p>Em alum\u00ednio, com controle de vaz\u00e3o reset\u00e1vel, para \u00f3leo lubrificante.<\/p>\n<p>Vaz\u00e3o livre\u00a0<strong>30 L\/min<\/strong><br \/>\nPress\u00e3o m\u00e1xima de opera\u00e7\u00e3o <strong>1.000PSI<\/strong><br \/>\nEntrada e sa\u00edda <strong>1\/2&#8243; BSP<\/strong><br \/>\nPrecis\u00e3o<strong>\u00a00,5 %<\/strong><br \/>\nGatilho <strong>bico prolongado antigotejante<\/strong><\/p>\n<p>Peso\u00a0<strong>1,8\u00a0\u00a0kg<br \/>\n<\/strong>Medidas <strong>(A)\u00a0340 mm x (L)\u00a0400 mm<\/strong><\/p>\n","protected":false},"excerpt":{"rendered":"<p>Em alum\u00ednio, com controle de vaz\u00e3o reset\u00e1vel, para \u00f3leo lubrificante. Vaz\u00e3o livre\u00a030 L\/min Press\u00e3o m\u00e1xima de opera\u00e7\u00e3o 1.000PSI Entrada e sa\u00edda 1\/2&#8243; BSP Precis\u00e3o\u00a00,5 % Gatilho bico prolongado antigotejante Peso\u00a01,8\u00a0\u00a0kg Medidas (A)\u00a0340 mm x (L)\u00a0400 mm<\/p>\n","protected":false},"featured_media":3975,"comment_status":"open","ping_status":"closed","template":"","meta":{"_exactmetrics_skip_tracking":false,"_exactmetrics_sitenote_active":false,"_exactmetrics_sitenote_note":"","_exactmetrics_sitenote_category":0},"product_brand":[],"product_cat":[108],"product_tag":[],"class_list":{"0":"post-3974","1":"product","2":"type-product","3":"status-publish","4":"has-post-thumbnail","6":"product_cat-medidor-digital","8":"first","9":"instock","10":"shipping-taxable","11":"product-type-simple"},"_links":{"self":[{"href":"https:\/\/totallubri.com.br\/index.php?rest_route=\/wp\/v2\/product\/3974","targetHints":{"allow":["GET"]}}],"collection":[{"href":"https:\/\/totallubri.com.br\/index.php?rest_route=\/wp\/v2\/product"}],"about":[{"href":"https:\/\/totallubri.com.br\/index.php?rest_route=\/wp\/v2\/types\/product"}],"replies":[{"embeddable":true,"href":"https:\/\/totallubri.com.br\/index.php?rest_route=%2Fwp%2Fv2%2Fcomments&post=3974"}],"wp:featuredmedia":[{"embeddable":true,"href":"https:\/\/totallubri.com.br\/index.php?rest_route=\/wp\/v2\/media\/3975"}],"wp:attachment":[{"href":"https:\/\/totallubri.com.br\/index.php?rest_route=%2Fwp%2Fv2%2Fmedia&parent=3974"}],"wp:term":[{"taxonomy":"product_brand","embeddable":true,"href":"https:\/\/totallubri.com.br\/index.php?rest_route=%2Fwp%2Fv2%2Fproduct_brand&post=3974"},{"taxonomy":"product_cat","embeddable":true,"href":"https:\/\/totallubri.com.br\/index.php?rest_route=%2Fwp%2Fv2%2Fproduct_cat&post=3974"},{"taxonomy":"product_tag","embeddable":true,"href":"https:\/\/totallubri.com.br\/index.php?rest_route=%2Fwp%2Fv2%2Fproduct_tag&post=3974"}],"curies":[{"name":"wp","href":"https:\/\/api.w.org\/{rel}","templated":true}]}}