{"id":3978,"date":"2017-01-04T11:40:28","date_gmt":"2017-01-04T13:40:28","guid":{"rendered":"http:\/\/totallubri.com.br\/?post_type=product&#038;p=3978"},"modified":"2024-11-30T18:39:02","modified_gmt":"2024-11-30T21:39:02","slug":"medidor-digital-com-gatilho-2100p-dog-piusi","status":"publish","type":"product","link":"https:\/\/totallubri.com.br\/?product=medidor-digital-com-gatilho-2100p-dog-piusi","title":{"rendered":"Medidor Digital com Gatilho &#8211; 2100P-DOG &#8211; Piusi"},"content":{"rendered":"<p>Em alum\u00ednio, com extens\u00e3o flex\u00edvel com gatilho<br \/>\nantigotejante, para \u00f3leo lubrificante e diesel.<\/p>\n<p>Vaz\u00e3o livre . <strong>60 L\/min<br \/>\n<\/strong>Press\u00e3o m\u00e1xima de opera\u00e7\u00e3o . <strong>1.000 PSI<\/strong><br \/>\nEntrada . \u00f8 <strong>3\/4\u201d BSP<\/strong><br \/>\nPrecis\u00e3o . <strong>0,5%<br \/>\n<\/strong>Sistema de medi\u00e7\u00e3o . <strong>engrenagens ovais<\/strong><\/p>\n<p>Peso: 2,6 kg . Medida: (A) 310 mm<\/p>\n","protected":false},"excerpt":{"rendered":"<p>Em alum\u00ednio, com extens\u00e3o flex\u00edvel com gatilho antigotejante, para \u00f3leo lubrificante e diesel. Vaz\u00e3o livre . 60 L\/min Press\u00e3o m\u00e1xima de opera\u00e7\u00e3o . 1.000 PSI Entrada . \u00f8 3\/4\u201d BSP Precis\u00e3o . 0,5% Sistema de medi\u00e7\u00e3o . engrenagens ovais Peso: 2,6 kg . Medida: (A) 310 mm<\/p>\n","protected":false},"featured_media":3979,"comment_status":"open","ping_status":"closed","template":"","meta":{"_exactmetrics_skip_tracking":false,"_exactmetrics_sitenote_active":false,"_exactmetrics_sitenote_note":"","_exactmetrics_sitenote_category":0},"product_brand":[],"product_cat":[108],"product_tag":[],"class_list":{"0":"post-3978","1":"product","2":"type-product","3":"status-publish","4":"has-post-thumbnail","6":"product_cat-medidor-digital","8":"first","9":"instock","10":"shipping-taxable","11":"product-type-simple"},"_links":{"self":[{"href":"https:\/\/totallubri.com.br\/index.php?rest_route=\/wp\/v2\/product\/3978","targetHints":{"allow":["GET"]}}],"collection":[{"href":"https:\/\/totallubri.com.br\/index.php?rest_route=\/wp\/v2\/product"}],"about":[{"href":"https:\/\/totallubri.com.br\/index.php?rest_route=\/wp\/v2\/types\/product"}],"replies":[{"embeddable":true,"href":"https:\/\/totallubri.com.br\/index.php?rest_route=%2Fwp%2Fv2%2Fcomments&post=3978"}],"wp:featuredmedia":[{"embeddable":true,"href":"https:\/\/totallubri.com.br\/index.php?rest_route=\/wp\/v2\/media\/3979"}],"wp:attachment":[{"href":"https:\/\/totallubri.com.br\/index.php?rest_route=%2Fwp%2Fv2%2Fmedia&parent=3978"}],"wp:term":[{"taxonomy":"product_brand","embeddable":true,"href":"https:\/\/totallubri.com.br\/index.php?rest_route=%2Fwp%2Fv2%2Fproduct_brand&post=3978"},{"taxonomy":"product_cat","embeddable":true,"href":"https:\/\/totallubri.com.br\/index.php?rest_route=%2Fwp%2Fv2%2Fproduct_cat&post=3978"},{"taxonomy":"product_tag","embeddable":true,"href":"https:\/\/totallubri.com.br\/index.php?rest_route=%2Fwp%2Fv2%2Fproduct_tag&post=3978"}],"curies":[{"name":"wp","href":"https:\/\/api.w.org\/{rel}","templated":true}]}}