{"id":3980,"date":"2017-01-04T11:42:41","date_gmt":"2017-01-04T13:42:41","guid":{"rendered":"http:\/\/totallubri.com.br\/?post_type=product&#038;p=3980"},"modified":"2024-11-30T18:15:23","modified_gmt":"2024-11-30T21:15:23","slug":"medidor-digital-2150-piusi","status":"publish","type":"product","link":"https:\/\/totallubri.com.br\/?product=medidor-digital-2150-piusi","title":{"rendered":"Medidor Digital &#8211; 2150 &#8211; Piusi"},"content":{"rendered":"<div class=\"cont_produto\">\n<p>Em alum\u00ednio, para \u00f3leo lubrificante e diesel.<\/p>\n<p>Vaz\u00e3o livre . <strong>6 a 60 L\/min<\/strong><br \/>\nPress\u00e3o m\u00e1xima de opera\u00e7\u00e3o . 994<strong>\u00a0PSI<\/strong><br \/>\nEntrada e sa\u00edda . \u00f8 <strong>3\/4\u201d BSP \/ flangeado<\/strong><br \/>\nPrecis\u00e3o .<strong> 0,5%<\/strong><br \/>\nSistema de medi\u00e7\u00e3o . <strong>engrenagens ovais<\/strong><\/p>\n<p>Peso: 1,6 kg . Medidas: (A) 112 mm x (L) 78 mm<\/p>\n<\/div>\n<div><\/div>\n","protected":false},"excerpt":{"rendered":"<p>Em alum\u00ednio, para \u00f3leo lubrificante e diesel. Vaz\u00e3o livre . 6 a 60 L\/min Press\u00e3o m\u00e1xima de opera\u00e7\u00e3o . 994\u00a0PSI Entrada e sa\u00edda . \u00f8 3\/4\u201d BSP \/ flangeado Precis\u00e3o . 0,5% Sistema de medi\u00e7\u00e3o . engrenagens ovais Peso: 1,6 kg . Medidas: (A) 112 mm x (L) 78 mm<\/p>\n","protected":false},"featured_media":3981,"comment_status":"open","ping_status":"closed","template":"","meta":{"_exactmetrics_skip_tracking":false,"_exactmetrics_sitenote_active":false,"_exactmetrics_sitenote_note":"","_exactmetrics_sitenote_category":0},"product_brand":[],"product_cat":[108],"product_tag":[],"class_list":{"0":"post-3980","1":"product","2":"type-product","3":"status-publish","4":"has-post-thumbnail","6":"product_cat-medidor-digital","8":"first","9":"instock","10":"shipping-taxable","11":"product-type-simple"},"_links":{"self":[{"href":"https:\/\/totallubri.com.br\/index.php?rest_route=\/wp\/v2\/product\/3980","targetHints":{"allow":["GET"]}}],"collection":[{"href":"https:\/\/totallubri.com.br\/index.php?rest_route=\/wp\/v2\/product"}],"about":[{"href":"https:\/\/totallubri.com.br\/index.php?rest_route=\/wp\/v2\/types\/product"}],"replies":[{"embeddable":true,"href":"https:\/\/totallubri.com.br\/index.php?rest_route=%2Fwp%2Fv2%2Fcomments&post=3980"}],"wp:featuredmedia":[{"embeddable":true,"href":"https:\/\/totallubri.com.br\/index.php?rest_route=\/wp\/v2\/media\/3981"}],"wp:attachment":[{"href":"https:\/\/totallubri.com.br\/index.php?rest_route=%2Fwp%2Fv2%2Fmedia&parent=3980"}],"wp:term":[{"taxonomy":"product_brand","embeddable":true,"href":"https:\/\/totallubri.com.br\/index.php?rest_route=%2Fwp%2Fv2%2Fproduct_brand&post=3980"},{"taxonomy":"product_cat","embeddable":true,"href":"https:\/\/totallubri.com.br\/index.php?rest_route=%2Fwp%2Fv2%2Fproduct_cat&post=3980"},{"taxonomy":"product_tag","embeddable":true,"href":"https:\/\/totallubri.com.br\/index.php?rest_route=%2Fwp%2Fv2%2Fproduct_tag&post=3980"}],"curies":[{"name":"wp","href":"https:\/\/api.w.org\/{rel}","templated":true}]}}