{"id":3986,"date":"2017-01-04T11:48:29","date_gmt":"2017-01-04T13:48:29","guid":{"rendered":"http:\/\/totallubri.com.br\/?post_type=product&#038;p=3986"},"modified":"2024-11-30T18:19:29","modified_gmt":"2024-11-30T21:19:29","slug":"medidor-digital-2180-piusi","status":"publish","type":"product","link":"https:\/\/totallubri.com.br\/?product=medidor-digital-2180-piusi","title":{"rendered":"Medidor Digital &#8211; 2180 &#8211; Piusi"},"content":{"rendered":"<div class=\"cont_produto\">\n<p>Em alum\u00ednio, para \u00f3leo diesel e lubrificante.<\/p>\n<p>Vaz\u00e3o livre . <strong>50 a 500 L\/min<\/strong><br \/>\nPress\u00e3o m\u00e1xima de opera\u00e7\u00e3o . 284<strong>\u00a0PSI<\/strong><br \/>\nEntrada e sa\u00edda . \u00f8 <strong>3\u201d NPT \/ flangeado<\/strong><br \/>\nPrecis\u00e3o . <strong>0,5%<\/strong><br \/>\nSistema de medi\u00e7\u00e3o . <strong>engrenagens ovais<\/strong><\/p>\n<p>Peso: 12 kg . Medidas: (A) 185 mm x (L) 376 mm<\/p>\n<\/div>\n<div><\/div>\n","protected":false},"excerpt":{"rendered":"<p>Em alum\u00ednio, para \u00f3leo diesel e lubrificante. Vaz\u00e3o livre . 50 a 500 L\/min Press\u00e3o m\u00e1xima de opera\u00e7\u00e3o . 284\u00a0PSI Entrada e sa\u00edda . \u00f8 3\u201d NPT \/ flangeado Precis\u00e3o . 0,5% Sistema de medi\u00e7\u00e3o . engrenagens ovais Peso: 12 kg . Medidas: (A) 185 mm x (L) 376 mm<\/p>\n","protected":false},"featured_media":3987,"comment_status":"open","ping_status":"closed","template":"","meta":{"_exactmetrics_skip_tracking":false,"_exactmetrics_sitenote_active":false,"_exactmetrics_sitenote_note":"","_exactmetrics_sitenote_category":0},"product_brand":[],"product_cat":[108],"product_tag":[],"class_list":{"0":"post-3986","1":"product","2":"type-product","3":"status-publish","4":"has-post-thumbnail","6":"product_cat-medidor-digital","8":"first","9":"instock","10":"shipping-taxable","11":"product-type-simple"},"_links":{"self":[{"href":"https:\/\/totallubri.com.br\/index.php?rest_route=\/wp\/v2\/product\/3986","targetHints":{"allow":["GET"]}}],"collection":[{"href":"https:\/\/totallubri.com.br\/index.php?rest_route=\/wp\/v2\/product"}],"about":[{"href":"https:\/\/totallubri.com.br\/index.php?rest_route=\/wp\/v2\/types\/product"}],"replies":[{"embeddable":true,"href":"https:\/\/totallubri.com.br\/index.php?rest_route=%2Fwp%2Fv2%2Fcomments&post=3986"}],"wp:featuredmedia":[{"embeddable":true,"href":"https:\/\/totallubri.com.br\/index.php?rest_route=\/wp\/v2\/media\/3987"}],"wp:attachment":[{"href":"https:\/\/totallubri.com.br\/index.php?rest_route=%2Fwp%2Fv2%2Fmedia&parent=3986"}],"wp:term":[{"taxonomy":"product_brand","embeddable":true,"href":"https:\/\/totallubri.com.br\/index.php?rest_route=%2Fwp%2Fv2%2Fproduct_brand&post=3986"},{"taxonomy":"product_cat","embeddable":true,"href":"https:\/\/totallubri.com.br\/index.php?rest_route=%2Fwp%2Fv2%2Fproduct_cat&post=3986"},{"taxonomy":"product_tag","embeddable":true,"href":"https:\/\/totallubri.com.br\/index.php?rest_route=%2Fwp%2Fv2%2Fproduct_tag&post=3986"}],"curies":[{"name":"wp","href":"https:\/\/api.w.org\/{rel}","templated":true}]}}