{"id":3988,"date":"2017-01-04T11:55:03","date_gmt":"2017-01-04T13:55:03","guid":{"rendered":"http:\/\/totallubri.com.br\/?post_type=product&#038;p=3988"},"modified":"2024-11-25T21:31:10","modified_gmt":"2024-11-26T00:31:10","slug":"carretel-automatico-com-mangueira-3002-mo12-samoa","status":"publish","type":"product","link":"https:\/\/totallubri.com.br\/?product=carretel-automatico-com-mangueira-3002-mo12-samoa","title":{"rendered":"Carretel Autom\u00e1tico com Mangueira \u2013 3002-MO12 \u2013 Samoa"},"content":{"rendered":"<div class=\"cont_produto\">Em a\u00e7o, com base simples e retra\u00e7\u00e3o autom\u00e1tica.<br \/>\nMontado com mangueira hidr\u00e1ulica.Mangueira<br \/>\n<strong>12 m \/ 1\/2&#8243;\/ 1 trama \/ SAE 100R1<\/strong><br \/>\nPress\u00e3o m\u00e1xima de opera\u00e7\u00e3o <strong>1.100 PSI<br \/>\n<\/strong><br \/>\nPeso\u00a0<strong>15 kg<\/strong><br \/>\nMedidas<strong> (A)\u00a0535 mm x (L)\u00a0535 mm<\/strong><strong>OPCIONAL 3002<\/strong><br \/>\nCarretel\u00a0autom\u00e1tico sem mangueira<\/div>\n","protected":false},"excerpt":{"rendered":"<p>Em a\u00e7o, com base simples e retra\u00e7\u00e3o autom\u00e1tica. Montado com mangueira hidr\u00e1ulica.Mangueira 12 m \/ 1\/2&#8243;\/ 1 trama \/ SAE 100R1 Press\u00e3o m\u00e1xima de opera\u00e7\u00e3o 1.100 PSI Peso\u00a015 kg Medidas (A)\u00a0535 mm x (L)\u00a0535 mmOPCIONAL 3002 Carretel\u00a0autom\u00e1tico sem mangueira<\/p>\n","protected":false},"featured_media":3989,"comment_status":"open","ping_status":"closed","template":"","meta":{"_exactmetrics_skip_tracking":false,"_exactmetrics_sitenote_active":false,"_exactmetrics_sitenote_note":"","_exactmetrics_sitenote_category":0},"product_brand":[],"product_cat":[101],"product_tag":[],"class_list":{"0":"post-3988","1":"product","2":"type-product","3":"status-publish","4":"has-post-thumbnail","6":"product_cat-carreteis-samoa-e-coxreels","8":"first","9":"instock","10":"shipping-taxable","11":"product-type-simple"},"_links":{"self":[{"href":"https:\/\/totallubri.com.br\/index.php?rest_route=\/wp\/v2\/product\/3988","targetHints":{"allow":["GET"]}}],"collection":[{"href":"https:\/\/totallubri.com.br\/index.php?rest_route=\/wp\/v2\/product"}],"about":[{"href":"https:\/\/totallubri.com.br\/index.php?rest_route=\/wp\/v2\/types\/product"}],"replies":[{"embeddable":true,"href":"https:\/\/totallubri.com.br\/index.php?rest_route=%2Fwp%2Fv2%2Fcomments&post=3988"}],"wp:featuredmedia":[{"embeddable":true,"href":"https:\/\/totallubri.com.br\/index.php?rest_route=\/wp\/v2\/media\/3989"}],"wp:attachment":[{"href":"https:\/\/totallubri.com.br\/index.php?rest_route=%2Fwp%2Fv2%2Fmedia&parent=3988"}],"wp:term":[{"taxonomy":"product_brand","embeddable":true,"href":"https:\/\/totallubri.com.br\/index.php?rest_route=%2Fwp%2Fv2%2Fproduct_brand&post=3988"},{"taxonomy":"product_cat","embeddable":true,"href":"https:\/\/totallubri.com.br\/index.php?rest_route=%2Fwp%2Fv2%2Fproduct_cat&post=3988"},{"taxonomy":"product_tag","embeddable":true,"href":"https:\/\/totallubri.com.br\/index.php?rest_route=%2Fwp%2Fv2%2Fproduct_tag&post=3988"}],"curies":[{"name":"wp","href":"https:\/\/api.w.org\/{rel}","templated":true}]}}