{"id":3990,"date":"2017-01-04T11:58:52","date_gmt":"2017-01-04T13:58:52","guid":{"rendered":"http:\/\/totallubri.com.br\/?post_type=product&#038;p=3990"},"modified":"2024-11-25T16:16:56","modified_gmt":"2024-11-25T19:16:56","slug":"carretel-automatico-3002-samoa","status":"publish","type":"product","link":"https:\/\/totallubri.com.br\/?product=carretel-automatico-3002-samoa","title":{"rendered":"Carretel Autom\u00e1tico &#8211; 3002 &#8211; Samoa"},"content":{"rendered":"<p>Em a\u00e7o, com base simples e retra\u00e7\u00e3o autom\u00e1tica.<br \/>\nMontado com mangueira hidr\u00e1ulica.<\/p>\n<p>Capacidade . at\u00e9 12m de mang. 01\/2&#8243; \/SAE 100R1 e 100R2<\/p>\n<p>Press\u00e3o m\u00e1xima de trabalho 2.300 PSI<\/p>\n<p>Peso:15 kg<\/p>\n<p>Medidas: (A) 520 mm x (L) 510 mm<\/p>\n","protected":false},"excerpt":{"rendered":"<p>Em a\u00e7o, com base simples e retra\u00e7\u00e3o autom\u00e1tica. Montado com mangueira hidr\u00e1ulica. Capacidade . at\u00e9 12m de mang. 01\/2&#8243; \/SAE 100R1 e 100R2 Press\u00e3o m\u00e1xima de trabalho 2.300 PSI Peso:15 kg Medidas: (A) 520 mm x (L) 510 mm<\/p>\n","protected":false},"featured_media":3991,"comment_status":"open","ping_status":"closed","template":"","meta":{"_exactmetrics_skip_tracking":false,"_exactmetrics_sitenote_active":false,"_exactmetrics_sitenote_note":"","_exactmetrics_sitenote_category":0},"product_brand":[],"product_cat":[101],"product_tag":[],"class_list":{"0":"post-3990","1":"product","2":"type-product","3":"status-publish","4":"has-post-thumbnail","6":"product_cat-carreteis-samoa-e-coxreels","8":"first","9":"instock","10":"shipping-taxable","11":"product-type-simple"},"_links":{"self":[{"href":"https:\/\/totallubri.com.br\/index.php?rest_route=\/wp\/v2\/product\/3990","targetHints":{"allow":["GET"]}}],"collection":[{"href":"https:\/\/totallubri.com.br\/index.php?rest_route=\/wp\/v2\/product"}],"about":[{"href":"https:\/\/totallubri.com.br\/index.php?rest_route=\/wp\/v2\/types\/product"}],"replies":[{"embeddable":true,"href":"https:\/\/totallubri.com.br\/index.php?rest_route=%2Fwp%2Fv2%2Fcomments&post=3990"}],"wp:featuredmedia":[{"embeddable":true,"href":"https:\/\/totallubri.com.br\/index.php?rest_route=\/wp\/v2\/media\/3991"}],"wp:attachment":[{"href":"https:\/\/totallubri.com.br\/index.php?rest_route=%2Fwp%2Fv2%2Fmedia&parent=3990"}],"wp:term":[{"taxonomy":"product_brand","embeddable":true,"href":"https:\/\/totallubri.com.br\/index.php?rest_route=%2Fwp%2Fv2%2Fproduct_brand&post=3990"},{"taxonomy":"product_cat","embeddable":true,"href":"https:\/\/totallubri.com.br\/index.php?rest_route=%2Fwp%2Fv2%2Fproduct_cat&post=3990"},{"taxonomy":"product_tag","embeddable":true,"href":"https:\/\/totallubri.com.br\/index.php?rest_route=%2Fwp%2Fv2%2Fproduct_tag&post=3990"}],"curies":[{"name":"wp","href":"https:\/\/api.w.org\/{rel}","templated":true}]}}