{"id":4002,"date":"2017-01-04T12:25:27","date_gmt":"2017-01-04T14:25:27","guid":{"rendered":"http:\/\/totallubri.com.br\/?post_type=product&#038;p=4002"},"modified":"2024-11-25T21:58:05","modified_gmt":"2024-11-26T00:58:05","slug":"carretel-automatico-montado-com-mangueira-3008-mo15-samoa","status":"publish","type":"product","link":"https:\/\/totallubri.com.br\/?product=carretel-automatico-montado-com-mangueira-3008-mo15-samoa","title":{"rendered":"Carretel Autom\u00e1tico Montado Com Mangueira \u2013 3008-MO15 \u2013 Samoa"},"content":{"rendered":"<p>Em a\u00e7o, com base simples e retra\u00e7\u00e3o autom\u00e1tica com rolamentos.<br \/>\nMontado com mangueira.<\/p>\n<p>Mangueira .\u00a0<strong>\u00f8 1\/2\u201d\/ Comp. 15m\/ SAE 100R2<\/strong><\/p>\n<p>Press\u00e3o m\u00e1xima de opera\u00e7\u00e3o . <strong>1.100 PSI<br \/>\n<\/strong><br \/>\n<strong>Peso: 44 kg . Medidas: (A) 585 mm x (L) 570 mm<\/strong><\/p>\n","protected":false},"excerpt":{"rendered":"<p>Em a\u00e7o, com base simples e retra\u00e7\u00e3o autom\u00e1tica com rolamentos. Montado com mangueira. Mangueira .\u00a0\u00f8 1\/2\u201d\/ Comp. 15m\/ SAE 100R2 Press\u00e3o m\u00e1xima de opera\u00e7\u00e3o . 1.100 PSI Peso: 44 kg . Medidas: (A) 585 mm x (L) 570 mm<\/p>\n","protected":false},"featured_media":4003,"comment_status":"open","ping_status":"closed","template":"","meta":{"_exactmetrics_skip_tracking":false,"_exactmetrics_sitenote_active":false,"_exactmetrics_sitenote_note":"","_exactmetrics_sitenote_category":0},"product_brand":[],"product_cat":[101],"product_tag":[],"class_list":{"0":"post-4002","1":"product","2":"type-product","3":"status-publish","4":"has-post-thumbnail","6":"product_cat-carreteis-samoa-e-coxreels","8":"first","9":"instock","10":"shipping-taxable","11":"product-type-simple"},"_links":{"self":[{"href":"https:\/\/totallubri.com.br\/index.php?rest_route=\/wp\/v2\/product\/4002","targetHints":{"allow":["GET"]}}],"collection":[{"href":"https:\/\/totallubri.com.br\/index.php?rest_route=\/wp\/v2\/product"}],"about":[{"href":"https:\/\/totallubri.com.br\/index.php?rest_route=\/wp\/v2\/types\/product"}],"replies":[{"embeddable":true,"href":"https:\/\/totallubri.com.br\/index.php?rest_route=%2Fwp%2Fv2%2Fcomments&post=4002"}],"wp:featuredmedia":[{"embeddable":true,"href":"https:\/\/totallubri.com.br\/index.php?rest_route=\/wp\/v2\/media\/4003"}],"wp:attachment":[{"href":"https:\/\/totallubri.com.br\/index.php?rest_route=%2Fwp%2Fv2%2Fmedia&parent=4002"}],"wp:term":[{"taxonomy":"product_brand","embeddable":true,"href":"https:\/\/totallubri.com.br\/index.php?rest_route=%2Fwp%2Fv2%2Fproduct_brand&post=4002"},{"taxonomy":"product_cat","embeddable":true,"href":"https:\/\/totallubri.com.br\/index.php?rest_route=%2Fwp%2Fv2%2Fproduct_cat&post=4002"},{"taxonomy":"product_tag","embeddable":true,"href":"https:\/\/totallubri.com.br\/index.php?rest_route=%2Fwp%2Fv2%2Fproduct_tag&post=4002"}],"curies":[{"name":"wp","href":"https:\/\/api.w.org\/{rel}","templated":true}]}}