{"id":4006,"date":"2017-01-04T12:32:09","date_gmt":"2017-01-04T14:32:09","guid":{"rendered":"http:\/\/totallubri.com.br\/?post_type=product&#038;p=4006"},"modified":"2024-11-25T16:43:32","modified_gmt":"2024-11-25T19:43:32","slug":"carretel-automatico-blindado-3009-mh15-samoa","status":"publish","type":"product","link":"https:\/\/totallubri.com.br\/?product=carretel-automatico-blindado-3009-mh15-samoa","title":{"rendered":"Carretel Autom\u00e1tico Blindado &#8211; 3009-MH15 &#8211; Samoa"},"content":{"rendered":"<div class=\"cont_produto\">Em a\u00e7o, com base simples e retra\u00e7\u00e3o autom\u00e1tica com rolamentos.<br \/>\nMontado com mangueira hidr\u00e1ulica.Mangueira<br \/>\n<strong>15 m \/ 1&#8243;\/ 1 trama \/ SAE 100R1<\/strong><br \/>\nPress\u00e3o m\u00e1xima de opera\u00e7\u00e3o <strong>1.100 PSI<br \/>\n<\/strong><br \/>\nPeso\u00a0<strong>34 kg<\/strong><br \/>\nMedidas<strong> (A)\u00a0600 mm x (L)\u00a0550 mm<\/strong><\/p>\n<p><strong>OPCIONAL 3009-MH20<br \/>\n<\/strong>Mangueira 20<strong>\u00a0m\/ 3\/4&#8243;\/ 1 trama\/ SAE 100R1<br \/>\n3009-MH30<br \/>\n<\/strong>Mangueira <strong>30 m\/ 1\/2&#8243;\/\u00a01 trama\/ SAE 100R1<br \/>\n3009<br \/>\n<\/strong>Carretel\u00a0autom\u00e1tico sem mangueira<\/p>\n<\/div>\n","protected":false},"excerpt":{"rendered":"<p>Em a\u00e7o, com base simples e retra\u00e7\u00e3o autom\u00e1tica com rolamentos. Montado com mangueira hidr\u00e1ulica.Mangueira 15 m \/ 1&#8243;\/ 1 trama \/ SAE 100R1 Press\u00e3o m\u00e1xima de opera\u00e7\u00e3o 1.100 PSI Peso\u00a034 kg Medidas (A)\u00a0600 mm x (L)\u00a0550 mm OPCIONAL 3009-MH20 Mangueira 20\u00a0m\/ 3\/4&#8243;\/ 1 trama\/ SAE 100R1 3009-MH30 Mangueira 30 m\/ 1\/2&#8243;\/\u00a01 trama\/ SAE 100R1 3009 [&hellip;]<\/p>\n","protected":false},"featured_media":4007,"comment_status":"open","ping_status":"closed","template":"","meta":{"_exactmetrics_skip_tracking":false,"_exactmetrics_sitenote_active":false,"_exactmetrics_sitenote_note":"","_exactmetrics_sitenote_category":0},"product_brand":[],"product_cat":[101],"product_tag":[],"class_list":{"0":"post-4006","1":"product","2":"type-product","3":"status-publish","4":"has-post-thumbnail","6":"product_cat-carreteis-samoa-e-coxreels","8":"first","9":"instock","10":"shipping-taxable","11":"product-type-simple"},"_links":{"self":[{"href":"https:\/\/totallubri.com.br\/index.php?rest_route=\/wp\/v2\/product\/4006","targetHints":{"allow":["GET"]}}],"collection":[{"href":"https:\/\/totallubri.com.br\/index.php?rest_route=\/wp\/v2\/product"}],"about":[{"href":"https:\/\/totallubri.com.br\/index.php?rest_route=\/wp\/v2\/types\/product"}],"replies":[{"embeddable":true,"href":"https:\/\/totallubri.com.br\/index.php?rest_route=%2Fwp%2Fv2%2Fcomments&post=4006"}],"wp:featuredmedia":[{"embeddable":true,"href":"https:\/\/totallubri.com.br\/index.php?rest_route=\/wp\/v2\/media\/4007"}],"wp:attachment":[{"href":"https:\/\/totallubri.com.br\/index.php?rest_route=%2Fwp%2Fv2%2Fmedia&parent=4006"}],"wp:term":[{"taxonomy":"product_brand","embeddable":true,"href":"https:\/\/totallubri.com.br\/index.php?rest_route=%2Fwp%2Fv2%2Fproduct_brand&post=4006"},{"taxonomy":"product_cat","embeddable":true,"href":"https:\/\/totallubri.com.br\/index.php?rest_route=%2Fwp%2Fv2%2Fproduct_cat&post=4006"},{"taxonomy":"product_tag","embeddable":true,"href":"https:\/\/totallubri.com.br\/index.php?rest_route=%2Fwp%2Fv2%2Fproduct_tag&post=4006"}],"curies":[{"name":"wp","href":"https:\/\/api.w.org\/{rel}","templated":true}]}}