{"id":4009,"date":"2017-01-04T12:38:25","date_gmt":"2017-01-04T14:38:25","guid":{"rendered":"http:\/\/totallubri.com.br\/?post_type=product&#038;p=4009"},"modified":"2024-11-25T21:59:34","modified_gmt":"2024-11-26T00:59:34","slug":"carretel-automatico-montado-com-mangueira-3009-mo15-samoa","status":"publish","type":"product","link":"https:\/\/totallubri.com.br\/?product=carretel-automatico-montado-com-mangueira-3009-mo15-samoa","title":{"rendered":"Carretel Autom\u00e1tico Montado Com Mangueira &#8211; 3009-MO15 &#8211; Samoa"},"content":{"rendered":"<p>Em a\u00e7o, com base simples e retra\u00e7\u00e3o autom\u00e1tica com rolamentos.<br \/>\nMontado com mangueira.<\/p>\n<p>Mangueira .01\/2&#8243;\/ Comp. 15m\/ SAE 100R1<\/p>\n<p>Press\u00e3o m\u00e1xima de trabalho 1.100 PSI<\/p>\n<p>Peso: 34 kg<\/p>\n<p>Medidas:(A) 600 mm x (L) 550 mm<\/p>\n<p>&nbsp;<\/p>\n","protected":false},"excerpt":{"rendered":"<p>Em a\u00e7o, com base simples e retra\u00e7\u00e3o autom\u00e1tica com rolamentos. Montado com mangueira. Mangueira .01\/2&#8243;\/ Comp. 15m\/ SAE 100R1 Press\u00e3o m\u00e1xima de trabalho 1.100 PSI Peso: 34 kg Medidas:(A) 600 mm x (L) 550 mm &nbsp;<\/p>\n","protected":false},"featured_media":4010,"comment_status":"open","ping_status":"closed","template":"","meta":{"_exactmetrics_skip_tracking":false,"_exactmetrics_sitenote_active":false,"_exactmetrics_sitenote_note":"","_exactmetrics_sitenote_category":0},"product_brand":[],"product_cat":[101],"product_tag":[],"class_list":{"0":"post-4009","1":"product","2":"type-product","3":"status-publish","4":"has-post-thumbnail","6":"product_cat-carreteis-samoa-e-coxreels","8":"first","9":"instock","10":"shipping-taxable","11":"product-type-simple"},"_links":{"self":[{"href":"https:\/\/totallubri.com.br\/index.php?rest_route=\/wp\/v2\/product\/4009","targetHints":{"allow":["GET"]}}],"collection":[{"href":"https:\/\/totallubri.com.br\/index.php?rest_route=\/wp\/v2\/product"}],"about":[{"href":"https:\/\/totallubri.com.br\/index.php?rest_route=\/wp\/v2\/types\/product"}],"replies":[{"embeddable":true,"href":"https:\/\/totallubri.com.br\/index.php?rest_route=%2Fwp%2Fv2%2Fcomments&post=4009"}],"wp:featuredmedia":[{"embeddable":true,"href":"https:\/\/totallubri.com.br\/index.php?rest_route=\/wp\/v2\/media\/4010"}],"wp:attachment":[{"href":"https:\/\/totallubri.com.br\/index.php?rest_route=%2Fwp%2Fv2%2Fmedia&parent=4009"}],"wp:term":[{"taxonomy":"product_brand","embeddable":true,"href":"https:\/\/totallubri.com.br\/index.php?rest_route=%2Fwp%2Fv2%2Fproduct_brand&post=4009"},{"taxonomy":"product_cat","embeddable":true,"href":"https:\/\/totallubri.com.br\/index.php?rest_route=%2Fwp%2Fv2%2Fproduct_cat&post=4009"},{"taxonomy":"product_tag","embeddable":true,"href":"https:\/\/totallubri.com.br\/index.php?rest_route=%2Fwp%2Fv2%2Fproduct_tag&post=4009"}],"curies":[{"name":"wp","href":"https:\/\/api.w.org\/{rel}","templated":true}]}}