{"id":4012,"date":"2017-01-05T08:16:30","date_gmt":"2017-01-05T10:16:30","guid":{"rendered":"http:\/\/totallubri.com.br\/?post_type=product&#038;p=4012"},"modified":"2024-11-25T16:25:34","modified_gmt":"2024-11-25T19:25:34","slug":"carretel-automatico-3009-samoa","status":"publish","type":"product","link":"https:\/\/totallubri.com.br\/?product=carretel-automatico-3009-samoa","title":{"rendered":"Carretel Autom\u00e1tico &#8211; 3009 &#8211; Samoa"},"content":{"rendered":"<p>Em a\u00e7o, com base simples e retra\u00e7\u00e3o autom\u00e1tica com rolamentos.<br \/>\nSem mangueira.<\/p>\n<p>Capacidade . para 15 m \/ 01\/2&#8243; \/ SAE 100R1 R2<\/p>\n<p>Press\u00e3o m\u00e1xima de trabalho 1.100 PSI<\/p>\n<p>Peso: 39 Kg<\/p>\n<p>Medidas:(A) 600 mm x (L) 550 mm<\/p>\n","protected":false},"excerpt":{"rendered":"<p>Em a\u00e7o, com base simples e retra\u00e7\u00e3o autom\u00e1tica com rolamentos. Sem mangueira. Capacidade . para 15 m \/ 01\/2&#8243; \/ SAE 100R1 R2 Press\u00e3o m\u00e1xima de trabalho 1.100 PSI Peso: 39 Kg Medidas:(A) 600 mm x (L) 550 mm<\/p>\n","protected":false},"featured_media":4013,"comment_status":"open","ping_status":"closed","template":"","meta":{"_exactmetrics_skip_tracking":false,"_exactmetrics_sitenote_active":false,"_exactmetrics_sitenote_note":"","_exactmetrics_sitenote_category":0},"product_brand":[],"product_cat":[101],"product_tag":[],"class_list":{"0":"post-4012","1":"product","2":"type-product","3":"status-publish","4":"has-post-thumbnail","6":"product_cat-carreteis-samoa-e-coxreels","8":"first","9":"instock","10":"shipping-taxable","11":"product-type-simple"},"_links":{"self":[{"href":"https:\/\/totallubri.com.br\/index.php?rest_route=\/wp\/v2\/product\/4012","targetHints":{"allow":["GET"]}}],"collection":[{"href":"https:\/\/totallubri.com.br\/index.php?rest_route=\/wp\/v2\/product"}],"about":[{"href":"https:\/\/totallubri.com.br\/index.php?rest_route=\/wp\/v2\/types\/product"}],"replies":[{"embeddable":true,"href":"https:\/\/totallubri.com.br\/index.php?rest_route=%2Fwp%2Fv2%2Fcomments&post=4012"}],"wp:featuredmedia":[{"embeddable":true,"href":"https:\/\/totallubri.com.br\/index.php?rest_route=\/wp\/v2\/media\/4013"}],"wp:attachment":[{"href":"https:\/\/totallubri.com.br\/index.php?rest_route=%2Fwp%2Fv2%2Fmedia&parent=4012"}],"wp:term":[{"taxonomy":"product_brand","embeddable":true,"href":"https:\/\/totallubri.com.br\/index.php?rest_route=%2Fwp%2Fv2%2Fproduct_brand&post=4012"},{"taxonomy":"product_cat","embeddable":true,"href":"https:\/\/totallubri.com.br\/index.php?rest_route=%2Fwp%2Fv2%2Fproduct_cat&post=4012"},{"taxonomy":"product_tag","embeddable":true,"href":"https:\/\/totallubri.com.br\/index.php?rest_route=%2Fwp%2Fv2%2Fproduct_tag&post=4012"}],"curies":[{"name":"wp","href":"https:\/\/api.w.org\/{rel}","templated":true}]}}