{"id":4014,"date":"2017-01-05T08:18:40","date_gmt":"2017-01-05T10:18:40","guid":{"rendered":"http:\/\/totallubri.com.br\/?post_type=product&#038;p=4014"},"modified":"2024-11-25T21:42:26","modified_gmt":"2024-11-26T00:42:26","slug":"carretel-automatico-com-mangueira-3020-mh20-samoa","status":"publish","type":"product","link":"https:\/\/totallubri.com.br\/?product=carretel-automatico-com-mangueira-3020-mh20-samoa","title":{"rendered":"Carretel autom\u00e1tico com mangueira &#8211; 3020-MH20 &#8211; Samoa"},"content":{"rendered":"<p><span style=\"font-family: HelveticaNeue-LightCond;\"><span style=\"color: #000000;\">Em a\u00e7o, com base simples e retra\u00e7\u00e3o <\/span><span style=\"color: #000000;\">autom\u00e1tica. Montado com mangueira <\/span><span style=\"color: #000000;\">hidr\u00e1ulica.<br \/>\n<\/span><\/span><span style=\"font-family: HelveticaNeue-LightCond;\"><span style=\"color: #000000; font-family: HelveticaNeue-LightCond;\"><br \/>\nMangueira <\/span><\/span><b><span style=\"font-family: HelveticaNeue-Bold;\"><span style=\"color: #000000;\">25 m <\/span><\/span><\/b><span style=\"color: #000000;\"><span style=\"font-family: HelveticaNeue-UltraLight;\">\/ <\/span><span style=\"font-family: HelveticaNeue-Light;\">\u00f8 <\/span><b><span style=\"font-family: HelveticaNeue-Bold;\">1\/2\u201d <\/span><\/b><\/span><span style=\"color: #000000;\"><span style=\"font-family: HelveticaNeue-UltraLight;\">\/ <\/span><b><span style=\"font-family: HelveticaNeue-Bold;\">2 tramas <\/span><\/b><\/span><span style=\"color: #000000;\"><span style=\"font-family: HelveticaNeue-UltraLight;\">\/ <\/span><b><span style=\"font-family: HelveticaNeue-Bold;\">SAE 100R2<br \/>\n<\/span><\/b><\/span><span style=\"font-family: HelveticaNeue-LightCond;\"><span style=\"color: #000000;\">Press\u00e3o m\u00e1xima de opera\u00e7\u00e3o . <\/span><\/span><b><span style=\"font-family: HelveticaNeue-Bold;\"><span style=\"color: #000000;\">6.000 PSI<\/span><\/span><\/b><\/p>\n<p><span style=\"font-family: HelveticaNeue-LightCond;\"><span style=\"color: #000000; font-family: HelveticaNeue-LightCond;\">Peso: 39 kg . Medidas: (A) 594 mm x (L) 270 mm<br \/>\n<\/span><\/span><b><span style=\"font-family: HelveticaNeue-Bold;\"><span style=\"color: #000000; font-family: HelveticaNeue-Bold;\"><br \/>\nOPCIONAIS:<br \/>\n<\/span><\/span><span style=\"font-family: HelveticaNeue-Bold;\"><span style=\"color: #000000;\">3020-M20 &#8211; <\/span><\/span><\/b><span style=\"font-family: HelveticaNeue-LightCond;\"><span style=\"color: #000000; font-family: HelveticaNeue-LightCond;\">Mangueira <\/span><\/span><b><span style=\"font-family: HelveticaNeue-Bold;\"><span style=\"color: #000000; font-family: HelveticaNeue-Bold;\">20 m \/ \u00f8 1\/4\u201d \/ 2 tramas \/ SAE 100R2<br \/>\n<\/span><\/span><span style=\"font-family: HelveticaNeue-Bold;\"><span style=\"color: #000000;\">3020 &#8211; <\/span><\/span><\/b><span style=\"font-family: HelveticaNeue-LightCond;\"><span style=\"color: #000000; font-family: HelveticaNeue-LightCond;\">Carretel autom\u00e1tico sem mangueira<\/span><\/span><\/p>\n","protected":false},"excerpt":{"rendered":"<p>Em a\u00e7o, com base simples e retra\u00e7\u00e3o autom\u00e1tica. Montado com mangueira hidr\u00e1ulica. Mangueira 25 m \/ \u00f8 1\/2\u201d \/ 2 tramas \/ SAE 100R2 Press\u00e3o m\u00e1xima de opera\u00e7\u00e3o . 6.000 PSI Peso: 39 kg . Medidas: (A) 594 mm x (L) 270 mm OPCIONAIS: 3020-M20 &#8211; Mangueira 20 m \/ \u00f8 1\/4\u201d \/ 2 tramas [&hellip;]<\/p>\n","protected":false},"featured_media":4015,"comment_status":"open","ping_status":"closed","template":"","meta":{"_exactmetrics_skip_tracking":false,"_exactmetrics_sitenote_active":false,"_exactmetrics_sitenote_note":"","_exactmetrics_sitenote_category":0},"product_brand":[],"product_cat":[101],"product_tag":[],"class_list":{"0":"post-4014","1":"product","2":"type-product","3":"status-publish","4":"has-post-thumbnail","6":"product_cat-carreteis-samoa-e-coxreels","8":"first","9":"instock","10":"shipping-taxable","11":"product-type-simple"},"_links":{"self":[{"href":"https:\/\/totallubri.com.br\/index.php?rest_route=\/wp\/v2\/product\/4014","targetHints":{"allow":["GET"]}}],"collection":[{"href":"https:\/\/totallubri.com.br\/index.php?rest_route=\/wp\/v2\/product"}],"about":[{"href":"https:\/\/totallubri.com.br\/index.php?rest_route=\/wp\/v2\/types\/product"}],"replies":[{"embeddable":true,"href":"https:\/\/totallubri.com.br\/index.php?rest_route=%2Fwp%2Fv2%2Fcomments&post=4014"}],"wp:featuredmedia":[{"embeddable":true,"href":"https:\/\/totallubri.com.br\/index.php?rest_route=\/wp\/v2\/media\/4015"}],"wp:attachment":[{"href":"https:\/\/totallubri.com.br\/index.php?rest_route=%2Fwp%2Fv2%2Fmedia&parent=4014"}],"wp:term":[{"taxonomy":"product_brand","embeddable":true,"href":"https:\/\/totallubri.com.br\/index.php?rest_route=%2Fwp%2Fv2%2Fproduct_brand&post=4014"},{"taxonomy":"product_cat","embeddable":true,"href":"https:\/\/totallubri.com.br\/index.php?rest_route=%2Fwp%2Fv2%2Fproduct_cat&post=4014"},{"taxonomy":"product_tag","embeddable":true,"href":"https:\/\/totallubri.com.br\/index.php?rest_route=%2Fwp%2Fv2%2Fproduct_tag&post=4014"}],"curies":[{"name":"wp","href":"https:\/\/api.w.org\/{rel}","templated":true}]}}