{"id":4018,"date":"2017-01-05T08:32:17","date_gmt":"2017-01-05T10:32:17","guid":{"rendered":"http:\/\/totallubri.com.br\/?post_type=product&#038;p=4018"},"modified":"2024-11-25T16:27:09","modified_gmt":"2024-11-25T19:27:09","slug":"carretel-automatico-3020-samoa","status":"publish","type":"product","link":"https:\/\/totallubri.com.br\/?product=carretel-automatico-3020-samoa","title":{"rendered":"Carretel Autom\u00e1tico \u2013 3020 \u2013 Samoa"},"content":{"rendered":"<p>Em a\u00e7o, com base simples e retra\u00e7\u00e3o autom\u00e1tica, com rolamentos. Sem mangueira<\/p>\n<p><strong>Capacidade . 20 m\/ 1\/2&#8243;\/ SAE 100R1<\/strong><br \/>\nPress\u00e3o m\u00e1xima de opera\u00e7\u00e3o <strong>1.100 PSI<br \/>\n<\/strong><br \/>\nPeso\u00a0<strong>39 kg<\/strong><br \/>\nMedidas<strong> (A)\u00a0494 mm x (L)\u00a0270 mm<\/strong><\/p>\n","protected":false},"excerpt":{"rendered":"<p>Em a\u00e7o, com base simples e retra\u00e7\u00e3o autom\u00e1tica, com rolamentos. Sem mangueira Capacidade . 20 m\/ 1\/2&#8243;\/ SAE 100R1 Press\u00e3o m\u00e1xima de opera\u00e7\u00e3o 1.100 PSI Peso\u00a039 kg Medidas (A)\u00a0494 mm x (L)\u00a0270 mm<\/p>\n","protected":false},"featured_media":4019,"comment_status":"open","ping_status":"closed","template":"","meta":{"_exactmetrics_skip_tracking":false,"_exactmetrics_sitenote_active":false,"_exactmetrics_sitenote_note":"","_exactmetrics_sitenote_category":0},"product_brand":[],"product_cat":[101],"product_tag":[],"class_list":{"0":"post-4018","1":"product","2":"type-product","3":"status-publish","4":"has-post-thumbnail","6":"product_cat-carreteis-samoa-e-coxreels","8":"first","9":"instock","10":"shipping-taxable","11":"product-type-simple"},"_links":{"self":[{"href":"https:\/\/totallubri.com.br\/index.php?rest_route=\/wp\/v2\/product\/4018","targetHints":{"allow":["GET"]}}],"collection":[{"href":"https:\/\/totallubri.com.br\/index.php?rest_route=\/wp\/v2\/product"}],"about":[{"href":"https:\/\/totallubri.com.br\/index.php?rest_route=\/wp\/v2\/types\/product"}],"replies":[{"embeddable":true,"href":"https:\/\/totallubri.com.br\/index.php?rest_route=%2Fwp%2Fv2%2Fcomments&post=4018"}],"wp:featuredmedia":[{"embeddable":true,"href":"https:\/\/totallubri.com.br\/index.php?rest_route=\/wp\/v2\/media\/4019"}],"wp:attachment":[{"href":"https:\/\/totallubri.com.br\/index.php?rest_route=%2Fwp%2Fv2%2Fmedia&parent=4018"}],"wp:term":[{"taxonomy":"product_brand","embeddable":true,"href":"https:\/\/totallubri.com.br\/index.php?rest_route=%2Fwp%2Fv2%2Fproduct_brand&post=4018"},{"taxonomy":"product_cat","embeddable":true,"href":"https:\/\/totallubri.com.br\/index.php?rest_route=%2Fwp%2Fv2%2Fproduct_cat&post=4018"},{"taxonomy":"product_tag","embeddable":true,"href":"https:\/\/totallubri.com.br\/index.php?rest_route=%2Fwp%2Fv2%2Fproduct_tag&post=4018"}],"curies":[{"name":"wp","href":"https:\/\/api.w.org\/{rel}","templated":true}]}}