{"id":4026,"date":"2017-01-05T08:47:22","date_gmt":"2017-01-05T10:47:22","guid":{"rendered":"http:\/\/totallubri.com.br\/?post_type=product&#038;p=4026"},"modified":"2024-11-25T21:52:16","modified_gmt":"2024-11-26T00:52:16","slug":"carretel-automatico-com-mangueira-3025-m18-samoa","status":"publish","type":"product","link":"https:\/\/totallubri.com.br\/?product=carretel-automatico-com-mangueira-3025-m18-samoa","title":{"rendered":"Carretel Autom\u00e1tico com Mangueira &#8211; 3025-M18 &#8211; Samoa"},"content":{"rendered":"<p>Em alum\u00ednio ABS, com base simples e retra\u00e7\u00e3o autom\u00e1tica com rolamentos.<br \/>\nMontado com mangueira hidr\u00e1ulica.<\/p>\n<p>Mangueira<br \/>\n<strong>18 m \/ 1\/2&#8243;\/ \u00a0SAE 100R2<\/strong><br \/>\nPress\u00e3o m\u00e1xima de opera\u00e7\u00e3o 2.320<strong>\u00a0PSI<br \/>\n<\/strong><br \/>\nPeso 25,6<strong>\u00a0kg<\/strong><br \/>\nMedidas<strong> (A)\u00a0480 mm x (L)\u00a0480 mm<\/strong><\/p>\n<p><strong>OPCIONAL 3025<\/strong><strong><br \/>\n<\/strong>Carretel\u00a0autom\u00e1tico sem mangueira<\/p>\n","protected":false},"excerpt":{"rendered":"<p>Em alum\u00ednio ABS, com base simples e retra\u00e7\u00e3o autom\u00e1tica com rolamentos. Montado com mangueira hidr\u00e1ulica. Mangueira 18 m \/ 1\/2&#8243;\/ \u00a0SAE 100R2 Press\u00e3o m\u00e1xima de opera\u00e7\u00e3o 2.320\u00a0PSI Peso 25,6\u00a0kg Medidas (A)\u00a0480 mm x (L)\u00a0480 mm OPCIONAL 3025 Carretel\u00a0autom\u00e1tico sem mangueira<\/p>\n","protected":false},"featured_media":4027,"comment_status":"open","ping_status":"closed","template":"","meta":{"_exactmetrics_skip_tracking":false,"_exactmetrics_sitenote_active":false,"_exactmetrics_sitenote_note":"","_exactmetrics_sitenote_category":0},"product_brand":[],"product_cat":[101],"product_tag":[],"class_list":{"0":"post-4026","1":"product","2":"type-product","3":"status-publish","4":"has-post-thumbnail","6":"product_cat-carreteis-samoa-e-coxreels","8":"first","9":"instock","10":"shipping-taxable","11":"product-type-simple"},"_links":{"self":[{"href":"https:\/\/totallubri.com.br\/index.php?rest_route=\/wp\/v2\/product\/4026","targetHints":{"allow":["GET"]}}],"collection":[{"href":"https:\/\/totallubri.com.br\/index.php?rest_route=\/wp\/v2\/product"}],"about":[{"href":"https:\/\/totallubri.com.br\/index.php?rest_route=\/wp\/v2\/types\/product"}],"replies":[{"embeddable":true,"href":"https:\/\/totallubri.com.br\/index.php?rest_route=%2Fwp%2Fv2%2Fcomments&post=4026"}],"wp:featuredmedia":[{"embeddable":true,"href":"https:\/\/totallubri.com.br\/index.php?rest_route=\/wp\/v2\/media\/4027"}],"wp:attachment":[{"href":"https:\/\/totallubri.com.br\/index.php?rest_route=%2Fwp%2Fv2%2Fmedia&parent=4026"}],"wp:term":[{"taxonomy":"product_brand","embeddable":true,"href":"https:\/\/totallubri.com.br\/index.php?rest_route=%2Fwp%2Fv2%2Fproduct_brand&post=4026"},{"taxonomy":"product_cat","embeddable":true,"href":"https:\/\/totallubri.com.br\/index.php?rest_route=%2Fwp%2Fv2%2Fproduct_cat&post=4026"},{"taxonomy":"product_tag","embeddable":true,"href":"https:\/\/totallubri.com.br\/index.php?rest_route=%2Fwp%2Fv2%2Fproduct_tag&post=4026"}],"curies":[{"name":"wp","href":"https:\/\/api.w.org\/{rel}","templated":true}]}}