{"id":4028,"date":"2017-01-05T08:50:40","date_gmt":"2017-01-05T10:50:40","guid":{"rendered":"http:\/\/totallubri.com.br\/?post_type=product&#038;p=4028"},"modified":"2024-11-25T16:39:47","modified_gmt":"2024-11-25T19:39:47","slug":"carretel-automatico-3025-samoa","status":"publish","type":"product","link":"https:\/\/totallubri.com.br\/?product=carretel-automatico-3025-samoa","title":{"rendered":"Carretel Autom\u00e1tico &#8211; 3025 &#8211; Samoa"},"content":{"rendered":"<p>Em alum\u00ednio ABS, com base simples e retra\u00e7\u00e3o autom\u00e1tica com rolamentos. Sem mangueira.<\/p>\n<p>Capacidade . 18m \/ 01\/2&#8243; \/ SAE 100R1 e R2<\/p>\n<p>Press\u00e3o m\u00e1xima de trabalho 2.320 PSI<\/p>\n<p>Peso:\u00a0<strong>16 kg<\/strong><br \/>\nMedidas:<strong> (A)\u00a0480 mm x (L)\u00a0480 mm<\/strong><\/p>\n","protected":false},"excerpt":{"rendered":"<p>Em alum\u00ednio ABS, com base simples e retra\u00e7\u00e3o autom\u00e1tica com rolamentos. Sem mangueira. Capacidade . 18m \/ 01\/2&#8243; \/ SAE 100R1 e R2 Press\u00e3o m\u00e1xima de trabalho 2.320 PSI Peso:\u00a016 kg Medidas: (A)\u00a0480 mm x (L)\u00a0480 mm<\/p>\n","protected":false},"featured_media":4029,"comment_status":"open","ping_status":"closed","template":"","meta":{"_exactmetrics_skip_tracking":false,"_exactmetrics_sitenote_active":false,"_exactmetrics_sitenote_note":"","_exactmetrics_sitenote_category":0},"product_brand":[],"product_cat":[101],"product_tag":[],"class_list":{"0":"post-4028","1":"product","2":"type-product","3":"status-publish","4":"has-post-thumbnail","6":"product_cat-carreteis-samoa-e-coxreels","8":"first","9":"instock","10":"shipping-taxable","11":"product-type-simple"},"_links":{"self":[{"href":"https:\/\/totallubri.com.br\/index.php?rest_route=\/wp\/v2\/product\/4028","targetHints":{"allow":["GET"]}}],"collection":[{"href":"https:\/\/totallubri.com.br\/index.php?rest_route=\/wp\/v2\/product"}],"about":[{"href":"https:\/\/totallubri.com.br\/index.php?rest_route=\/wp\/v2\/types\/product"}],"replies":[{"embeddable":true,"href":"https:\/\/totallubri.com.br\/index.php?rest_route=%2Fwp%2Fv2%2Fcomments&post=4028"}],"wp:featuredmedia":[{"embeddable":true,"href":"https:\/\/totallubri.com.br\/index.php?rest_route=\/wp\/v2\/media\/4029"}],"wp:attachment":[{"href":"https:\/\/totallubri.com.br\/index.php?rest_route=%2Fwp%2Fv2%2Fmedia&parent=4028"}],"wp:term":[{"taxonomy":"product_brand","embeddable":true,"href":"https:\/\/totallubri.com.br\/index.php?rest_route=%2Fwp%2Fv2%2Fproduct_brand&post=4028"},{"taxonomy":"product_cat","embeddable":true,"href":"https:\/\/totallubri.com.br\/index.php?rest_route=%2Fwp%2Fv2%2Fproduct_cat&post=4028"},{"taxonomy":"product_tag","embeddable":true,"href":"https:\/\/totallubri.com.br\/index.php?rest_route=%2Fwp%2Fv2%2Fproduct_tag&post=4028"}],"curies":[{"name":"wp","href":"https:\/\/api.w.org\/{rel}","templated":true}]}}