{"id":4032,"date":"2017-01-05T08:59:34","date_gmt":"2017-01-05T10:59:34","guid":{"rendered":"http:\/\/totallubri.com.br\/?post_type=product&#038;p=4032"},"modified":"2024-11-25T15:52:55","modified_gmt":"2024-11-25T18:52:55","slug":"carretel-eletrico-antiexplosao-com-mangueira-3060-mh15-coxreel","status":"publish","type":"product","link":"https:\/\/totallubri.com.br\/?product=carretel-eletrico-antiexplosao-com-mangueira-3060-mh15-coxreel","title":{"rendered":"Carretel El\u00e9trico Antiexplos\u00e3o com Mangueira &#8211; 3060-MH15 &#8211; Coxreel"},"content":{"rendered":"<p>Em a\u00e7o, com base simples.<br \/>\nMontado com mangueira.<\/p>\n<p>Mangueira<br \/>\n<strong>15 m \/ 0 1\/2&#8243; \/ SAE 100R2<\/strong><br \/>\nPress\u00e3o m\u00e1xima de opera\u00e7\u00e3o <strong>600PSI<\/strong><\/p>\n<p>Peso:56,5 Kg<\/p>\n<p>Medidas: (A) 635 mm x (L) 665 mm<\/p>\n","protected":false},"excerpt":{"rendered":"<p>Em a\u00e7o, com base simples. Montado com mangueira. Mangueira 15 m \/ 0 1\/2&#8243; \/ SAE 100R2 Press\u00e3o m\u00e1xima de opera\u00e7\u00e3o 600PSI Peso:56,5 Kg Medidas: (A) 635 mm x (L) 665 mm<\/p>\n","protected":false},"featured_media":4033,"comment_status":"open","ping_status":"closed","template":"","meta":{"_exactmetrics_skip_tracking":false,"_exactmetrics_sitenote_active":false,"_exactmetrics_sitenote_note":"","_exactmetrics_sitenote_category":0},"product_brand":[],"product_cat":[101],"product_tag":[],"class_list":{"0":"post-4032","1":"product","2":"type-product","3":"status-publish","4":"has-post-thumbnail","6":"product_cat-carreteis-samoa-e-coxreels","8":"first","9":"instock","10":"shipping-taxable","11":"product-type-simple"},"_links":{"self":[{"href":"https:\/\/totallubri.com.br\/index.php?rest_route=\/wp\/v2\/product\/4032","targetHints":{"allow":["GET"]}}],"collection":[{"href":"https:\/\/totallubri.com.br\/index.php?rest_route=\/wp\/v2\/product"}],"about":[{"href":"https:\/\/totallubri.com.br\/index.php?rest_route=\/wp\/v2\/types\/product"}],"replies":[{"embeddable":true,"href":"https:\/\/totallubri.com.br\/index.php?rest_route=%2Fwp%2Fv2%2Fcomments&post=4032"}],"wp:featuredmedia":[{"embeddable":true,"href":"https:\/\/totallubri.com.br\/index.php?rest_route=\/wp\/v2\/media\/4033"}],"wp:attachment":[{"href":"https:\/\/totallubri.com.br\/index.php?rest_route=%2Fwp%2Fv2%2Fmedia&parent=4032"}],"wp:term":[{"taxonomy":"product_brand","embeddable":true,"href":"https:\/\/totallubri.com.br\/index.php?rest_route=%2Fwp%2Fv2%2Fproduct_brand&post=4032"},{"taxonomy":"product_cat","embeddable":true,"href":"https:\/\/totallubri.com.br\/index.php?rest_route=%2Fwp%2Fv2%2Fproduct_cat&post=4032"},{"taxonomy":"product_tag","embeddable":true,"href":"https:\/\/totallubri.com.br\/index.php?rest_route=%2Fwp%2Fv2%2Fproduct_tag&post=4032"}],"curies":[{"name":"wp","href":"https:\/\/api.w.org\/{rel}","templated":true}]}}