{"id":4034,"date":"2017-01-05T09:06:34","date_gmt":"2017-01-05T11:06:34","guid":{"rendered":"http:\/\/totallubri.com.br\/?post_type=product&#038;p=4034"},"modified":"2024-11-25T15:35:29","modified_gmt":"2024-11-25T18:35:29","slug":"carretel-eletrico-antiexplosao-3060-coxreels","status":"publish","type":"product","link":"https:\/\/totallubri.com.br\/?product=carretel-eletrico-antiexplosao-3060-coxreels","title":{"rendered":"Carretel El\u00e9trico Antiexplos\u00e3o &#8211; 3060 &#8211; Coxreels"},"content":{"rendered":"<p>Em a\u00e7o, com base simples.<\/p>\n<p>Sem mangueira.<\/p>\n<p>Capacidade . At\u00e9 50m \/0 1&#8243; ou 15m \/ 0 1\/2&#8243; \/ SAE 100R2<\/p>\n<p>Press\u00e3o m\u00e1xima \u00a0de trabalho 600 PSI<\/p>\n<p>Peso: 31 Kg<\/p>\n<p>Medidas: (A) 635 mm x (L) 665 mm<\/p>\n","protected":false},"excerpt":{"rendered":"<p>Em a\u00e7o, com base simples. Sem mangueira. Capacidade . At\u00e9 50m \/0 1&#8243; ou 15m \/ 0 1\/2&#8243; \/ SAE 100R2 Press\u00e3o m\u00e1xima \u00a0de trabalho 600 PSI Peso: 31 Kg Medidas: (A) 635 mm x (L) 665 mm<\/p>\n","protected":false},"featured_media":4035,"comment_status":"open","ping_status":"closed","template":"","meta":{"_exactmetrics_skip_tracking":false,"_exactmetrics_sitenote_active":false,"_exactmetrics_sitenote_note":"","_exactmetrics_sitenote_category":0},"product_brand":[],"product_cat":[101],"product_tag":[],"class_list":{"0":"post-4034","1":"product","2":"type-product","3":"status-publish","4":"has-post-thumbnail","6":"product_cat-carreteis-samoa-e-coxreels","8":"first","9":"instock","10":"shipping-taxable","11":"product-type-simple"},"_links":{"self":[{"href":"https:\/\/totallubri.com.br\/index.php?rest_route=\/wp\/v2\/product\/4034","targetHints":{"allow":["GET"]}}],"collection":[{"href":"https:\/\/totallubri.com.br\/index.php?rest_route=\/wp\/v2\/product"}],"about":[{"href":"https:\/\/totallubri.com.br\/index.php?rest_route=\/wp\/v2\/types\/product"}],"replies":[{"embeddable":true,"href":"https:\/\/totallubri.com.br\/index.php?rest_route=%2Fwp%2Fv2%2Fcomments&post=4034"}],"wp:featuredmedia":[{"embeddable":true,"href":"https:\/\/totallubri.com.br\/index.php?rest_route=\/wp\/v2\/media\/4035"}],"wp:attachment":[{"href":"https:\/\/totallubri.com.br\/index.php?rest_route=%2Fwp%2Fv2%2Fmedia&parent=4034"}],"wp:term":[{"taxonomy":"product_brand","embeddable":true,"href":"https:\/\/totallubri.com.br\/index.php?rest_route=%2Fwp%2Fv2%2Fproduct_brand&post=4034"},{"taxonomy":"product_cat","embeddable":true,"href":"https:\/\/totallubri.com.br\/index.php?rest_route=%2Fwp%2Fv2%2Fproduct_cat&post=4034"},{"taxonomy":"product_tag","embeddable":true,"href":"https:\/\/totallubri.com.br\/index.php?rest_route=%2Fwp%2Fv2%2Fproduct_tag&post=4034"}],"curies":[{"name":"wp","href":"https:\/\/api.w.org\/{rel}","templated":true}]}}