{"id":4036,"date":"2017-01-05T09:11:04","date_gmt":"2017-01-05T11:11:04","guid":{"rendered":"http:\/\/totallubri.com.br\/?post_type=product&#038;p=4036"},"modified":"2024-11-25T16:03:35","modified_gmt":"2024-11-25T19:03:35","slug":"carretel-eletrico-antiexplosao-com-mangueira-3068-mh30-coxreels","status":"publish","type":"product","link":"https:\/\/totallubri.com.br\/?product=carretel-eletrico-antiexplosao-com-mangueira-3068-mh30-coxreels","title":{"rendered":"Carretel El\u00e9trico Antiexplos\u00e3o com Mangueira &#8211; 3068-MH30 &#8211; Coxreels"},"content":{"rendered":"<p>Em a\u00e7o, com base simples.<br \/>\nMontado com mangueira.<\/p>\n<p>Mangueira<br \/>\n<strong>30 m \/0 1&#8243; \/ SAE 100R2<\/strong><br \/>\nPress\u00e3o m\u00e1xima de trabalho\u00a0<strong>600 PSI<\/strong><\/p>\n<p>Peso 81<strong>\u00a0kg<\/strong><br \/>\nMedidas<strong> (A)\u00a0666 mm x (L)\u00a0619 mm<\/strong><\/p>\n<p>&nbsp;<\/p>\n","protected":false},"excerpt":{"rendered":"<p>Em a\u00e7o, com base simples. Montado com mangueira. Mangueira 30 m \/0 1&#8243; \/ SAE 100R2 Press\u00e3o m\u00e1xima de trabalho\u00a0600 PSI Peso 81\u00a0kg Medidas (A)\u00a0666 mm x (L)\u00a0619 mm &nbsp;<\/p>\n","protected":false},"featured_media":4037,"comment_status":"open","ping_status":"closed","template":"","meta":{"_exactmetrics_skip_tracking":false,"_exactmetrics_sitenote_active":false,"_exactmetrics_sitenote_note":"","_exactmetrics_sitenote_category":0},"product_brand":[],"product_cat":[101],"product_tag":[],"class_list":{"0":"post-4036","1":"product","2":"type-product","3":"status-publish","4":"has-post-thumbnail","6":"product_cat-carreteis-samoa-e-coxreels","8":"first","9":"instock","10":"shipping-taxable","11":"product-type-simple"},"_links":{"self":[{"href":"https:\/\/totallubri.com.br\/index.php?rest_route=\/wp\/v2\/product\/4036","targetHints":{"allow":["GET"]}}],"collection":[{"href":"https:\/\/totallubri.com.br\/index.php?rest_route=\/wp\/v2\/product"}],"about":[{"href":"https:\/\/totallubri.com.br\/index.php?rest_route=\/wp\/v2\/types\/product"}],"replies":[{"embeddable":true,"href":"https:\/\/totallubri.com.br\/index.php?rest_route=%2Fwp%2Fv2%2Fcomments&post=4036"}],"wp:featuredmedia":[{"embeddable":true,"href":"https:\/\/totallubri.com.br\/index.php?rest_route=\/wp\/v2\/media\/4037"}],"wp:attachment":[{"href":"https:\/\/totallubri.com.br\/index.php?rest_route=%2Fwp%2Fv2%2Fmedia&parent=4036"}],"wp:term":[{"taxonomy":"product_brand","embeddable":true,"href":"https:\/\/totallubri.com.br\/index.php?rest_route=%2Fwp%2Fv2%2Fproduct_brand&post=4036"},{"taxonomy":"product_cat","embeddable":true,"href":"https:\/\/totallubri.com.br\/index.php?rest_route=%2Fwp%2Fv2%2Fproduct_cat&post=4036"},{"taxonomy":"product_tag","embeddable":true,"href":"https:\/\/totallubri.com.br\/index.php?rest_route=%2Fwp%2Fv2%2Fproduct_tag&post=4036"}],"curies":[{"name":"wp","href":"https:\/\/api.w.org\/{rel}","templated":true}]}}