{"id":4042,"date":"2017-01-05T09:20:11","date_gmt":"2017-01-05T11:20:11","guid":{"rendered":"http:\/\/totallubri.com.br\/?post_type=product&#038;p=4042"},"modified":"2024-11-19T21:44:02","modified_gmt":"2024-11-20T00:44:02","slug":"unidade-de-filtragem-e-transferencia-9180-df-piusi","status":"publish","type":"product","link":"https:\/\/totallubri.com.br\/?product=unidade-de-filtragem-e-transferencia-9180-df-piusi","title":{"rendered":"Unidade de Filtragem e Transfer\u00eancia &#8211; 9180-DF &#8211; Piusi"},"content":{"rendered":"<p>Em a\u00e7o, para \u00f3leo lubrificante (viscosidade 50 cSI), com 02 rodas acopladas fixas, bomba com v\u00e1lvula by-pass, v\u00e1lvula ecol\u00f3gica vantage,\u00a0man\u00f4metro de sinaliza\u00e7\u00e3o de\u00a0obstru\u00e7\u00e3o do filtro e suporte para gatilho.<\/p>\n<p>Vaz\u00e3o livre 25<strong>\u00a0L\/min<\/strong><br \/>\nAlimenta\u00e7\u00e3o <strong>220<\/strong> V<br \/>\nPress\u00e3o m\u00e1xima de opera\u00e7\u00e3o 85<strong>\u00a0PSI<\/strong><br \/>\nMangueira para suc\u00e7\u00e3o<strong> 3 m\/ 3\/4&#8243;<\/strong><br \/>\nMangueira para descarga<strong>\u00a03 m\/ 3\/4&#8243;<br \/>\n<\/strong>Gatilho manual\/ alum\u00ednio<br \/>\nFiltro part\u00edculas 5<strong>\u00a0micra\/ tipo cartucho<br \/>\n<\/strong>Filtro \u00e1gua <strong>30 micra<br \/>\n<\/strong>Satura\u00e7\u00e3o <strong>700 ml de \u00e1gua<\/strong><\/p>\n<p>Peso <strong>40 kg<br \/>\n<\/strong>Medidas <strong>(A)\u00a0 1300 mm x (L)\u00a0500 mm<\/strong><\/p>\n","protected":false},"excerpt":{"rendered":"<p>Em a\u00e7o, para \u00f3leo lubrificante (viscosidade 50 cSI), com 02 rodas acopladas fixas, bomba com v\u00e1lvula by-pass, v\u00e1lvula ecol\u00f3gica vantage,\u00a0man\u00f4metro de sinaliza\u00e7\u00e3o de\u00a0obstru\u00e7\u00e3o do filtro e suporte para gatilho. Vaz\u00e3o livre 25\u00a0L\/min Alimenta\u00e7\u00e3o 220 V Press\u00e3o m\u00e1xima de opera\u00e7\u00e3o 85\u00a0PSI Mangueira para suc\u00e7\u00e3o 3 m\/ 3\/4&#8243; Mangueira para descarga\u00a03 m\/ 3\/4&#8243; Gatilho manual\/ alum\u00ednio Filtro [&hellip;]<\/p>\n","protected":false},"featured_media":4043,"comment_status":"open","ping_status":"closed","template":"","meta":{"_exactmetrics_skip_tracking":false,"_exactmetrics_sitenote_active":false,"_exactmetrics_sitenote_note":"","_exactmetrics_sitenote_category":0},"product_brand":[],"product_cat":[93],"product_tag":[],"class_list":{"0":"post-4042","1":"product","2":"type-product","3":"status-publish","4":"has-post-thumbnail","6":"product_cat-filtros-e-elementos-filtrantes","8":"first","9":"instock","10":"shipping-taxable","11":"product-type-simple"},"_links":{"self":[{"href":"https:\/\/totallubri.com.br\/index.php?rest_route=\/wp\/v2\/product\/4042","targetHints":{"allow":["GET"]}}],"collection":[{"href":"https:\/\/totallubri.com.br\/index.php?rest_route=\/wp\/v2\/product"}],"about":[{"href":"https:\/\/totallubri.com.br\/index.php?rest_route=\/wp\/v2\/types\/product"}],"replies":[{"embeddable":true,"href":"https:\/\/totallubri.com.br\/index.php?rest_route=%2Fwp%2Fv2%2Fcomments&post=4042"}],"wp:featuredmedia":[{"embeddable":true,"href":"https:\/\/totallubri.com.br\/index.php?rest_route=\/wp\/v2\/media\/4043"}],"wp:attachment":[{"href":"https:\/\/totallubri.com.br\/index.php?rest_route=%2Fwp%2Fv2%2Fmedia&parent=4042"}],"wp:term":[{"taxonomy":"product_brand","embeddable":true,"href":"https:\/\/totallubri.com.br\/index.php?rest_route=%2Fwp%2Fv2%2Fproduct_brand&post=4042"},{"taxonomy":"product_cat","embeddable":true,"href":"https:\/\/totallubri.com.br\/index.php?rest_route=%2Fwp%2Fv2%2Fproduct_cat&post=4042"},{"taxonomy":"product_tag","embeddable":true,"href":"https:\/\/totallubri.com.br\/index.php?rest_route=%2Fwp%2Fv2%2Fproduct_tag&post=4042"}],"curies":[{"name":"wp","href":"https:\/\/api.w.org\/{rel}","templated":true}]}}