{"id":4050,"date":"2017-01-05T09:59:01","date_gmt":"2017-01-05T11:59:01","guid":{"rendered":"http:\/\/totallubri.com.br\/?post_type=product&#038;p=4050"},"modified":"2024-11-19T21:34:57","modified_gmt":"2024-11-20T00:34:57","slug":"filtro-para-absorcao-de-particulas-9180-f-cim-tek","status":"publish","type":"product","link":"https:\/\/totallubri.com.br\/?product=filtro-para-absorcao-de-particulas-9180-f-cim-tek","title":{"rendered":"Filtro para Absor\u00e7\u00e3o de Part\u00edculas \u2013 9180-F \u2013 Cim-Tek-LUPUS"},"content":{"rendered":"<p>Em a\u00e7o carbono, compat\u00edvel ao<br \/>\nadaptador 9180-A.<\/p>\n<p>Filtragem . <strong>part\u00edculas<br \/>\n<\/strong>Vaz\u00e3o livre . <strong>80 L\/min<\/strong><br \/>\nPress\u00e3o m\u00e1xima de opera\u00e7\u00e3o <strong>50 PSI<\/strong><br \/>\nMicragem . <strong>30 micra<\/strong><\/p>\n<p>Peso: 500 g<br \/>\nMedidas: (A) 140 mm x (\u00d8) 95 mm<\/p>\n","protected":false},"excerpt":{"rendered":"<p>Em a\u00e7o carbono, compat\u00edvel ao adaptador 9180-A. Filtragem . part\u00edculas Vaz\u00e3o livre . 80 L\/min Press\u00e3o m\u00e1xima de opera\u00e7\u00e3o 50 PSI Micragem . 30 micra Peso: 500 g Medidas: (A) 140 mm x (\u00d8) 95 mm<\/p>\n","protected":false},"featured_media":4051,"comment_status":"open","ping_status":"closed","template":"","meta":{"_exactmetrics_skip_tracking":false,"_exactmetrics_sitenote_active":false,"_exactmetrics_sitenote_note":"","_exactmetrics_sitenote_category":0},"product_brand":[],"product_cat":[93],"product_tag":[],"class_list":{"0":"post-4050","1":"product","2":"type-product","3":"status-publish","4":"has-post-thumbnail","6":"product_cat-filtros-e-elementos-filtrantes","8":"first","9":"instock","10":"shipping-taxable","11":"product-type-simple"},"_links":{"self":[{"href":"https:\/\/totallubri.com.br\/index.php?rest_route=\/wp\/v2\/product\/4050","targetHints":{"allow":["GET"]}}],"collection":[{"href":"https:\/\/totallubri.com.br\/index.php?rest_route=\/wp\/v2\/product"}],"about":[{"href":"https:\/\/totallubri.com.br\/index.php?rest_route=\/wp\/v2\/types\/product"}],"replies":[{"embeddable":true,"href":"https:\/\/totallubri.com.br\/index.php?rest_route=%2Fwp%2Fv2%2Fcomments&post=4050"}],"wp:featuredmedia":[{"embeddable":true,"href":"https:\/\/totallubri.com.br\/index.php?rest_route=\/wp\/v2\/media\/4051"}],"wp:attachment":[{"href":"https:\/\/totallubri.com.br\/index.php?rest_route=%2Fwp%2Fv2%2Fmedia&parent=4050"}],"wp:term":[{"taxonomy":"product_brand","embeddable":true,"href":"https:\/\/totallubri.com.br\/index.php?rest_route=%2Fwp%2Fv2%2Fproduct_brand&post=4050"},{"taxonomy":"product_cat","embeddable":true,"href":"https:\/\/totallubri.com.br\/index.php?rest_route=%2Fwp%2Fv2%2Fproduct_cat&post=4050"},{"taxonomy":"product_tag","embeddable":true,"href":"https:\/\/totallubri.com.br\/index.php?rest_route=%2Fwp%2Fv2%2Fproduct_tag&post=4050"}],"curies":[{"name":"wp","href":"https:\/\/api.w.org\/{rel}","templated":true}]}}