{"id":4058,"date":"2017-01-05T10:08:43","date_gmt":"2017-01-05T12:08:43","guid":{"rendered":"http:\/\/totallubri.com.br\/?post_type=product&#038;p=4058"},"modified":"2024-11-19T18:07:38","modified_gmt":"2024-11-19T21:07:38","slug":"filtro-para-absorcao-de-agua-e-particulas-9184-cim-tek","status":"publish","type":"product","link":"https:\/\/totallubri.com.br\/?product=filtro-para-absorcao-de-agua-e-particulas-9184-cim-tek","title":{"rendered":"Filtro para Absor\u00e7\u00e3o de \u00c1gua e Part\u00edculas \u2013 9184 \u2013 Cim-Tek-LUPUS"},"content":{"rendered":"<div class=\"cont_produto\">\n<p align=\"LEFT\"><span style=\"font-size: small;\">Em a\u00e7o carbono, acompanha 03 elementos filtrante de 10 micra.<\/span><\/p>\n<p align=\"LEFT\"><span style=\"font-size: small;\"><span style=\"font-family: HelveticaNeue-LightCond;\">Filtragem . <\/span><b><span style=\"font-family: HelveticaNeue-Bold;\">\u00e1gua <\/span><\/b><span style=\"font-family: HelveticaNeue-UltraLight;\">\/ <\/span><b><span style=\"font-family: HelveticaNeue-Bold;\">part\u00edculas<\/span><\/b><\/span><\/p>\n<p>&nbsp;<\/p>\n<p align=\"LEFT\"><span style=\"font-size: small;\"><span style=\"font-family: HelveticaNeue-LightCond;\">Vaz\u00e3o livre . <\/span><b><span style=\"font-family: HelveticaNeue-Bold;\">1.135 L\/min<\/span><\/b><\/span><\/p>\n<p>&nbsp;<\/p>\n<p align=\"LEFT\"><span style=\"font-size: small;\"><span style=\"font-family: HelveticaNeue-LightCond;\">Press\u00e3o m\u00e1xima de opera\u00e7\u00e3o . <\/span><b><span style=\"font-family: HelveticaNeue-Bold;\">150 PSI<\/span><\/b><\/span><\/p>\n<p>&nbsp;<\/p>\n<p align=\"LEFT\"><span style=\"font-size: small;\"><span style=\"font-family: HelveticaNeue-LightCond;\">Entrada e sa\u00edda . <\/span><span style=\"font-family: HelveticaNeue-Light;\">\u00f8 <\/span><b><span style=\"font-family: HelveticaNeue-Bold;\">3\u201d<\/span><\/b><\/span><\/p>\n<p>&nbsp;<\/p>\n<p align=\"LEFT\"><span style=\"font-size: small;\"><span style=\"font-family: HelveticaNeue-LightCond;\">Micragem . <\/span><b><span style=\"font-family: HelveticaNeue-Bold;\">10 micra<\/span><\/b><\/span><\/p>\n<p>&nbsp;<\/p>\n<p align=\"LEFT\"><span style=\"font-size: small;\">Peso: 332 kg . Medidas: (A) 1500 mm x (L) 535 mm<\/span><\/p>\n<p align=\"LEFT\">OBS: Aplica\u00e7\u00e3o em diversos fluidos sob consulta do Dep. T\u00e9cnico Lupus<\/p>\n<\/div>\n<div><\/div>\n","protected":false},"excerpt":{"rendered":"<p>Em a\u00e7o carbono, acompanha 03 elementos filtrante de 10 micra. Filtragem . \u00e1gua \/ part\u00edculas &nbsp; Vaz\u00e3o livre . 1.135 L\/min &nbsp; Press\u00e3o m\u00e1xima de opera\u00e7\u00e3o . 150 PSI &nbsp; Entrada e sa\u00edda . \u00f8 3\u201d &nbsp; Micragem . 10 micra &nbsp; Peso: 332 kg . Medidas: (A) 1500 mm x (L) 535 mm OBS: [&hellip;]<\/p>\n","protected":false},"featured_media":4059,"comment_status":"open","ping_status":"closed","template":"","meta":{"_exactmetrics_skip_tracking":false,"_exactmetrics_sitenote_active":false,"_exactmetrics_sitenote_note":"","_exactmetrics_sitenote_category":0},"product_brand":[],"product_cat":[93],"product_tag":[],"class_list":{"0":"post-4058","1":"product","2":"type-product","3":"status-publish","4":"has-post-thumbnail","6":"product_cat-filtros-e-elementos-filtrantes","8":"first","9":"instock","10":"shipping-taxable","11":"product-type-simple"},"_links":{"self":[{"href":"https:\/\/totallubri.com.br\/index.php?rest_route=\/wp\/v2\/product\/4058","targetHints":{"allow":["GET"]}}],"collection":[{"href":"https:\/\/totallubri.com.br\/index.php?rest_route=\/wp\/v2\/product"}],"about":[{"href":"https:\/\/totallubri.com.br\/index.php?rest_route=\/wp\/v2\/types\/product"}],"replies":[{"embeddable":true,"href":"https:\/\/totallubri.com.br\/index.php?rest_route=%2Fwp%2Fv2%2Fcomments&post=4058"}],"wp:featuredmedia":[{"embeddable":true,"href":"https:\/\/totallubri.com.br\/index.php?rest_route=\/wp\/v2\/media\/4059"}],"wp:attachment":[{"href":"https:\/\/totallubri.com.br\/index.php?rest_route=%2Fwp%2Fv2%2Fmedia&parent=4058"}],"wp:term":[{"taxonomy":"product_brand","embeddable":true,"href":"https:\/\/totallubri.com.br\/index.php?rest_route=%2Fwp%2Fv2%2Fproduct_brand&post=4058"},{"taxonomy":"product_cat","embeddable":true,"href":"https:\/\/totallubri.com.br\/index.php?rest_route=%2Fwp%2Fv2%2Fproduct_cat&post=4058"},{"taxonomy":"product_tag","embeddable":true,"href":"https:\/\/totallubri.com.br\/index.php?rest_route=%2Fwp%2Fv2%2Fproduct_tag&post=4058"}],"curies":[{"name":"wp","href":"https:\/\/api.w.org\/{rel}","templated":true}]}}