{"id":4064,"date":"2017-01-05T10:17:13","date_gmt":"2017-01-05T12:17:13","guid":{"rendered":"http:\/\/totallubri.com.br\/?post_type=product&#038;p=4064"},"modified":"2024-11-19T17:51:00","modified_gmt":"2024-11-19T20:51:00","slug":"filtro-para-absorcao-de-agua-e-particulas-9181-fh-piusi","status":"publish","type":"product","link":"https:\/\/totallubri.com.br\/?product=filtro-para-absorcao-de-agua-e-particulas-9181-fh-piusi","title":{"rendered":"Filtro para Absor\u00e7\u00e3o de \u00c1gua e Part\u00edculas &#8211; 9181-FH &#8211; Piusi"},"content":{"rendered":"<p>Em a\u00e7o e corpo em acr\u00edlico, com elemento filtrante 9180-FN.<\/p>\n<p>Filtragem <strong>\u00e1gua\/part\u00edculas<\/strong><br \/>\nVaz\u00e3o livre <strong>70 L\/min<\/strong><br \/>\nPress\u00e3o m\u00e1xima de opera\u00e7\u00e3o\u00a0<strong>70 PSI<br \/>\n<\/strong>Entrada e sa\u00edda<strong> 1&#8243;\/ flangeado<\/strong><br \/>\nMicragem <strong>30 micra<\/strong><\/p>\n<p>Peso\u00a0<strong>1,4 kg<\/strong><br \/>\nMedidas <strong>(A) 270 mm x\u00a0171 mm<\/strong><\/p>\n","protected":false},"excerpt":{"rendered":"<p>Em a\u00e7o e corpo em acr\u00edlico, com elemento filtrante 9180-FN. Filtragem \u00e1gua\/part\u00edculas Vaz\u00e3o livre 70 L\/min Press\u00e3o m\u00e1xima de opera\u00e7\u00e3o\u00a070 PSI Entrada e sa\u00edda 1&#8243;\/ flangeado Micragem 30 micra Peso\u00a01,4 kg Medidas (A) 270 mm x\u00a0171 mm<\/p>\n","protected":false},"featured_media":4065,"comment_status":"open","ping_status":"closed","template":"","meta":{"_exactmetrics_skip_tracking":false,"_exactmetrics_sitenote_active":false,"_exactmetrics_sitenote_note":"","_exactmetrics_sitenote_category":0},"product_brand":[],"product_cat":[93],"product_tag":[],"class_list":{"0":"post-4064","1":"product","2":"type-product","3":"status-publish","4":"has-post-thumbnail","6":"product_cat-filtros-e-elementos-filtrantes","8":"first","9":"instock","10":"shipping-taxable","11":"product-type-simple"},"_links":{"self":[{"href":"https:\/\/totallubri.com.br\/index.php?rest_route=\/wp\/v2\/product\/4064","targetHints":{"allow":["GET"]}}],"collection":[{"href":"https:\/\/totallubri.com.br\/index.php?rest_route=\/wp\/v2\/product"}],"about":[{"href":"https:\/\/totallubri.com.br\/index.php?rest_route=\/wp\/v2\/types\/product"}],"replies":[{"embeddable":true,"href":"https:\/\/totallubri.com.br\/index.php?rest_route=%2Fwp%2Fv2%2Fcomments&post=4064"}],"wp:featuredmedia":[{"embeddable":true,"href":"https:\/\/totallubri.com.br\/index.php?rest_route=\/wp\/v2\/media\/4065"}],"wp:attachment":[{"href":"https:\/\/totallubri.com.br\/index.php?rest_route=%2Fwp%2Fv2%2Fmedia&parent=4064"}],"wp:term":[{"taxonomy":"product_brand","embeddable":true,"href":"https:\/\/totallubri.com.br\/index.php?rest_route=%2Fwp%2Fv2%2Fproduct_brand&post=4064"},{"taxonomy":"product_cat","embeddable":true,"href":"https:\/\/totallubri.com.br\/index.php?rest_route=%2Fwp%2Fv2%2Fproduct_cat&post=4064"},{"taxonomy":"product_tag","embeddable":true,"href":"https:\/\/totallubri.com.br\/index.php?rest_route=%2Fwp%2Fv2%2Fproduct_tag&post=4064"}],"curies":[{"name":"wp","href":"https:\/\/api.w.org\/{rel}","templated":true}]}}