{"id":4068,"date":"2017-01-05T10:21:22","date_gmt":"2017-01-05T12:21:22","guid":{"rendered":"http:\/\/totallubri.com.br\/?post_type=product&#038;p=4068"},"modified":"2024-11-19T17:04:20","modified_gmt":"2024-11-19T20:04:20","slug":"elemento-filtrante-para-absorcao-de-particulas-9180-fp-piusi","status":"publish","type":"product","link":"https:\/\/totallubri.com.br\/?product=elemento-filtrante-para-absorcao-de-particulas-9180-fp-piusi","title":{"rendered":"Elemento Filtrante para Absor\u00e7\u00e3o de Part\u00edculas &#8211; 9180-FP &#8211; Piusi"},"content":{"rendered":"<div class=\"cont_produto\">Compat\u00edvel \u00e0s unidades de<br \/>\nfiltragem 9180-D e 9180-DF.Filtragem . <strong>part\u00edculas<\/strong><br \/>\nVaz\u00e3o livre . <strong>60 L\/min<\/strong><br \/>\nPress\u00e3o m\u00e1x. de opera\u00e7\u00e3o .<strong> 100 PSI<\/strong><br \/>\nMicragem . <strong>5 micra<\/strong><\/p>\n<p>Peso: 147 g<br \/>\nMedidas: (A) 130 mm x (\u00d8) 75 mm<\/p>\n<\/div>\n","protected":false},"excerpt":{"rendered":"<p>Compat\u00edvel \u00e0s unidades de filtragem 9180-D e 9180-DF.Filtragem . part\u00edculas Vaz\u00e3o livre . 60 L\/min Press\u00e3o m\u00e1x. de opera\u00e7\u00e3o . 100 PSI Micragem . 5 micra Peso: 147 g Medidas: (A) 130 mm x (\u00d8) 75 mm<\/p>\n","protected":false},"featured_media":4069,"comment_status":"open","ping_status":"closed","template":"","meta":{"_exactmetrics_skip_tracking":false,"_exactmetrics_sitenote_active":false,"_exactmetrics_sitenote_note":"","_exactmetrics_sitenote_category":0},"product_brand":[],"product_cat":[93],"product_tag":[],"class_list":{"0":"post-4068","1":"product","2":"type-product","3":"status-publish","4":"has-post-thumbnail","6":"product_cat-filtros-e-elementos-filtrantes","8":"first","9":"instock","10":"shipping-taxable","11":"product-type-simple"},"_links":{"self":[{"href":"https:\/\/totallubri.com.br\/index.php?rest_route=\/wp\/v2\/product\/4068","targetHints":{"allow":["GET"]}}],"collection":[{"href":"https:\/\/totallubri.com.br\/index.php?rest_route=\/wp\/v2\/product"}],"about":[{"href":"https:\/\/totallubri.com.br\/index.php?rest_route=\/wp\/v2\/types\/product"}],"replies":[{"embeddable":true,"href":"https:\/\/totallubri.com.br\/index.php?rest_route=%2Fwp%2Fv2%2Fcomments&post=4068"}],"wp:featuredmedia":[{"embeddable":true,"href":"https:\/\/totallubri.com.br\/index.php?rest_route=\/wp\/v2\/media\/4069"}],"wp:attachment":[{"href":"https:\/\/totallubri.com.br\/index.php?rest_route=%2Fwp%2Fv2%2Fmedia&parent=4068"}],"wp:term":[{"taxonomy":"product_brand","embeddable":true,"href":"https:\/\/totallubri.com.br\/index.php?rest_route=%2Fwp%2Fv2%2Fproduct_brand&post=4068"},{"taxonomy":"product_cat","embeddable":true,"href":"https:\/\/totallubri.com.br\/index.php?rest_route=%2Fwp%2Fv2%2Fproduct_cat&post=4068"},{"taxonomy":"product_tag","embeddable":true,"href":"https:\/\/totallubri.com.br\/index.php?rest_route=%2Fwp%2Fv2%2Fproduct_tag&post=4068"}],"curies":[{"name":"wp","href":"https:\/\/api.w.org\/{rel}","templated":true}]}}