{"id":4082,"date":"2017-01-05T10:44:26","date_gmt":"2017-01-05T12:44:26","guid":{"rendered":"http:\/\/totallubri.com.br\/?post_type=product&#038;p=4082"},"modified":"2024-12-05T21:38:17","modified_gmt":"2024-12-06T00:38:17","slug":"dispenser-digital-programavel-2100-pod-piusi","status":"publish","type":"product","link":"https:\/\/totallubri.com.br\/?product=dispenser-digital-programavel-2100-pod-piusi","title":{"rendered":"Dispenser Digital Program\u00e1vel &#8211; 2100-POD &#8211; Piusi"},"content":{"rendered":"<p>Em alum\u00ednio, com suporte adapt\u00e1vel \u00e0 parede.<\/p>\n<p>Vaz\u00e3o livre\u00a0<strong>15 L\/min<\/strong><br \/>\nMedidor\u00a0<strong>\u00a0digital<br \/>\n<\/strong>V\u00e1lvula <strong>antigotejante<br \/>\n<\/strong><br \/>\nPeso\u00a0<strong>3,2 kg<\/strong><br \/>\nMedidas <strong>(A)\u00a0325 mm x (L)\u00a0165 mm<\/strong><\/p>\n","protected":false},"excerpt":{"rendered":"<p>Em alum\u00ednio, com suporte adapt\u00e1vel \u00e0 parede. Vaz\u00e3o livre\u00a015 L\/min Medidor\u00a0\u00a0digital V\u00e1lvula antigotejante Peso\u00a03,2 kg Medidas (A)\u00a0325 mm x (L)\u00a0165 mm<\/p>\n","protected":false},"featured_media":4083,"comment_status":"open","ping_status":"closed","template":"","meta":{"_exactmetrics_skip_tracking":false,"_exactmetrics_sitenote_active":false,"_exactmetrics_sitenote_note":"","_exactmetrics_sitenote_category":0},"product_brand":[],"product_cat":[114],"product_tag":[],"class_list":{"0":"post-4082","1":"product","2":"type-product","3":"status-publish","4":"has-post-thumbnail","6":"product_cat-solucoes-para-abastecimento","8":"first","9":"instock","10":"shipping-taxable","11":"product-type-simple"},"_links":{"self":[{"href":"https:\/\/totallubri.com.br\/index.php?rest_route=\/wp\/v2\/product\/4082","targetHints":{"allow":["GET"]}}],"collection":[{"href":"https:\/\/totallubri.com.br\/index.php?rest_route=\/wp\/v2\/product"}],"about":[{"href":"https:\/\/totallubri.com.br\/index.php?rest_route=\/wp\/v2\/types\/product"}],"replies":[{"embeddable":true,"href":"https:\/\/totallubri.com.br\/index.php?rest_route=%2Fwp%2Fv2%2Fcomments&post=4082"}],"wp:featuredmedia":[{"embeddable":true,"href":"https:\/\/totallubri.com.br\/index.php?rest_route=\/wp\/v2\/media\/4083"}],"wp:attachment":[{"href":"https:\/\/totallubri.com.br\/index.php?rest_route=%2Fwp%2Fv2%2Fmedia&parent=4082"}],"wp:term":[{"taxonomy":"product_brand","embeddable":true,"href":"https:\/\/totallubri.com.br\/index.php?rest_route=%2Fwp%2Fv2%2Fproduct_brand&post=4082"},{"taxonomy":"product_cat","embeddable":true,"href":"https:\/\/totallubri.com.br\/index.php?rest_route=%2Fwp%2Fv2%2Fproduct_cat&post=4082"},{"taxonomy":"product_tag","embeddable":true,"href":"https:\/\/totallubri.com.br\/index.php?rest_route=%2Fwp%2Fv2%2Fproduct_tag&post=4082"}],"curies":[{"name":"wp","href":"https:\/\/api.w.org\/{rel}","templated":true}]}}