{"id":4088,"date":"2017-01-05T10:50:49","date_gmt":"2017-01-05T12:50:49","guid":{"rendered":"http:\/\/totallubri.com.br\/?post_type=product&#038;p=4088"},"modified":"2024-11-28T17:54:47","modified_gmt":"2024-11-28T20:54:47","slug":"chave-saca-filtro-2017-gr-lupus","status":"publish","type":"product","link":"https:\/\/totallubri.com.br\/?product=chave-saca-filtro-2017-gr-lupus","title":{"rendered":"Chave Saca Filtro &#8211; 2017-GR &#8211; Lupus"},"content":{"rendered":"<p>Em a\u00e7o, tipo garra, com 03 garras com regulagem autom\u00e1tica.<\/p>\n<p>Abertura m\u00ednima <strong>65 mm<\/strong><br \/>\nAbertura m\u00e1xima\u00a0<strong>130 mm<\/strong><\/p>\n<p>Peso \u00a0<strong>500<\/strong> <strong>g<\/strong><\/p>\n","protected":false},"excerpt":{"rendered":"<p>Em a\u00e7o, tipo garra, com 03 garras com regulagem autom\u00e1tica. Abertura m\u00ednima 65 mm Abertura m\u00e1xima\u00a0130 mm Peso \u00a0500 g<\/p>\n","protected":false},"featured_media":4089,"comment_status":"open","ping_status":"closed","template":"","meta":{"_exactmetrics_skip_tracking":false,"_exactmetrics_sitenote_active":false,"_exactmetrics_sitenote_note":"","_exactmetrics_sitenote_category":0},"product_brand":[],"product_cat":[107],"product_tag":[],"class_list":{"0":"post-4088","1":"product","2":"type-product","3":"status-publish","4":"has-post-thumbnail","6":"product_cat-equipamentos-para-troca-de-oleo","8":"first","9":"instock","10":"shipping-taxable","11":"product-type-simple"},"_links":{"self":[{"href":"https:\/\/totallubri.com.br\/index.php?rest_route=\/wp\/v2\/product\/4088","targetHints":{"allow":["GET"]}}],"collection":[{"href":"https:\/\/totallubri.com.br\/index.php?rest_route=\/wp\/v2\/product"}],"about":[{"href":"https:\/\/totallubri.com.br\/index.php?rest_route=\/wp\/v2\/types\/product"}],"replies":[{"embeddable":true,"href":"https:\/\/totallubri.com.br\/index.php?rest_route=%2Fwp%2Fv2%2Fcomments&post=4088"}],"wp:featuredmedia":[{"embeddable":true,"href":"https:\/\/totallubri.com.br\/index.php?rest_route=\/wp\/v2\/media\/4089"}],"wp:attachment":[{"href":"https:\/\/totallubri.com.br\/index.php?rest_route=%2Fwp%2Fv2%2Fmedia&parent=4088"}],"wp:term":[{"taxonomy":"product_brand","embeddable":true,"href":"https:\/\/totallubri.com.br\/index.php?rest_route=%2Fwp%2Fv2%2Fproduct_brand&post=4088"},{"taxonomy":"product_cat","embeddable":true,"href":"https:\/\/totallubri.com.br\/index.php?rest_route=%2Fwp%2Fv2%2Fproduct_cat&post=4088"},{"taxonomy":"product_tag","embeddable":true,"href":"https:\/\/totallubri.com.br\/index.php?rest_route=%2Fwp%2Fv2%2Fproduct_tag&post=4088"}],"curies":[{"name":"wp","href":"https:\/\/api.w.org\/{rel}","templated":true}]}}