{"id":4160,"date":"2017-01-06T08:45:57","date_gmt":"2017-01-06T10:45:57","guid":{"rendered":"http:\/\/totallubri.com.br\/?post_type=product&#038;p=4160"},"modified":"2024-12-04T14:35:59","modified_gmt":"2024-12-04T17:35:59","slug":"bacia-de-contencao-9300-b1000-lupus","status":"publish","type":"product","link":"https:\/\/totallubri.com.br\/?product=bacia-de-contencao-9300-b1000-lupus","title":{"rendered":"Bacia de Conten\u00e7\u00e3o &#8211; 9300-B1000 &#8211; Lupus"},"content":{"rendered":"<p>Em a\u00e7o, para conten\u00e7\u00e3o e vazamentos.<\/p>\n<p>Capacidade<br \/>\n<strong>01\u00a0reservat\u00f3rio \/ 1.000 L<\/strong><\/p>\n<p><strong>Peso\u00a0220 kg<\/strong><br \/>\nMedidas <strong>(A)\u00a0885 mm x (L)\u00a01200 mm x (C)\u00a01200 mm<\/strong><\/p>\n","protected":false},"excerpt":{"rendered":"<p>Em a\u00e7o, para conten\u00e7\u00e3o e vazamentos. Capacidade 01\u00a0reservat\u00f3rio \/ 1.000 L Peso\u00a0220 kg Medidas (A)\u00a0885 mm x (L)\u00a01200 mm x (C)\u00a01200 mm<\/p>\n","protected":false},"featured_media":4161,"comment_status":"open","ping_status":"closed","template":"","meta":{"_exactmetrics_skip_tracking":false,"_exactmetrics_sitenote_active":false,"_exactmetrics_sitenote_note":"","_exactmetrics_sitenote_category":0},"product_brand":[],"product_cat":[63],"product_tag":[],"class_list":{"0":"post-4160","1":"product","2":"type-product","3":"status-publish","4":"has-post-thumbnail","6":"product_cat-meio-ambiente","8":"first","9":"instock","10":"shipping-taxable","11":"product-type-simple"},"_links":{"self":[{"href":"https:\/\/totallubri.com.br\/index.php?rest_route=\/wp\/v2\/product\/4160","targetHints":{"allow":["GET"]}}],"collection":[{"href":"https:\/\/totallubri.com.br\/index.php?rest_route=\/wp\/v2\/product"}],"about":[{"href":"https:\/\/totallubri.com.br\/index.php?rest_route=\/wp\/v2\/types\/product"}],"replies":[{"embeddable":true,"href":"https:\/\/totallubri.com.br\/index.php?rest_route=%2Fwp%2Fv2%2Fcomments&post=4160"}],"wp:featuredmedia":[{"embeddable":true,"href":"https:\/\/totallubri.com.br\/index.php?rest_route=\/wp\/v2\/media\/4161"}],"wp:attachment":[{"href":"https:\/\/totallubri.com.br\/index.php?rest_route=%2Fwp%2Fv2%2Fmedia&parent=4160"}],"wp:term":[{"taxonomy":"product_brand","embeddable":true,"href":"https:\/\/totallubri.com.br\/index.php?rest_route=%2Fwp%2Fv2%2Fproduct_brand&post=4160"},{"taxonomy":"product_cat","embeddable":true,"href":"https:\/\/totallubri.com.br\/index.php?rest_route=%2Fwp%2Fv2%2Fproduct_cat&post=4160"},{"taxonomy":"product_tag","embeddable":true,"href":"https:\/\/totallubri.com.br\/index.php?rest_route=%2Fwp%2Fv2%2Fproduct_tag&post=4160"}],"curies":[{"name":"wp","href":"https:\/\/api.w.org\/{rel}","templated":true}]}}