{"id":4162,"date":"2017-01-06T08:47:34","date_gmt":"2017-01-06T10:47:34","guid":{"rendered":"http:\/\/totallubri.com.br\/?post_type=product&#038;p=4162"},"modified":"2024-12-04T17:08:20","modified_gmt":"2024-12-04T20:08:20","slug":"bacia-de-contencao-9300-bp200-lupus","status":"publish","type":"product","link":"https:\/\/totallubri.com.br\/?product=bacia-de-contencao-9300-bp200-lupus","title":{"rendered":"Bacia de Conten\u00e7\u00e3o \u2013 9300-BP200 \u2013 Lupus"},"content":{"rendered":"<p>Em polietileno, com dupla parede de prote\u00e7\u00e3o, para conten\u00e7\u00e3o de vazamentos.<\/p>\n<p>Capacidade<br \/>\n<strong>01 tambor \/ 200 L<\/strong><\/p>\n<p><strong>Peso 10,5 kg<\/strong><br \/>\nMedidas <strong>(A)\u00a0140 mm x (L)\u00a0770 mm x (C)\u00a0770 m<\/strong><\/p>\n","protected":false},"excerpt":{"rendered":"<p>Em polietileno, com dupla parede de prote\u00e7\u00e3o, para conten\u00e7\u00e3o de vazamentos. Capacidade 01 tambor \/ 200 L Peso 10,5 kg Medidas (A)\u00a0140 mm x (L)\u00a0770 mm x (C)\u00a0770 m<\/p>\n","protected":false},"featured_media":4163,"comment_status":"open","ping_status":"closed","template":"","meta":{"_exactmetrics_skip_tracking":false,"_exactmetrics_sitenote_active":false,"_exactmetrics_sitenote_note":"","_exactmetrics_sitenote_category":0},"product_brand":[],"product_cat":[63],"product_tag":[],"class_list":{"0":"post-4162","1":"product","2":"type-product","3":"status-publish","4":"has-post-thumbnail","6":"product_cat-meio-ambiente","8":"first","9":"instock","10":"shipping-taxable","11":"product-type-simple"},"_links":{"self":[{"href":"https:\/\/totallubri.com.br\/index.php?rest_route=\/wp\/v2\/product\/4162","targetHints":{"allow":["GET"]}}],"collection":[{"href":"https:\/\/totallubri.com.br\/index.php?rest_route=\/wp\/v2\/product"}],"about":[{"href":"https:\/\/totallubri.com.br\/index.php?rest_route=\/wp\/v2\/types\/product"}],"replies":[{"embeddable":true,"href":"https:\/\/totallubri.com.br\/index.php?rest_route=%2Fwp%2Fv2%2Fcomments&post=4162"}],"wp:featuredmedia":[{"embeddable":true,"href":"https:\/\/totallubri.com.br\/index.php?rest_route=\/wp\/v2\/media\/4163"}],"wp:attachment":[{"href":"https:\/\/totallubri.com.br\/index.php?rest_route=%2Fwp%2Fv2%2Fmedia&parent=4162"}],"wp:term":[{"taxonomy":"product_brand","embeddable":true,"href":"https:\/\/totallubri.com.br\/index.php?rest_route=%2Fwp%2Fv2%2Fproduct_brand&post=4162"},{"taxonomy":"product_cat","embeddable":true,"href":"https:\/\/totallubri.com.br\/index.php?rest_route=%2Fwp%2Fv2%2Fproduct_cat&post=4162"},{"taxonomy":"product_tag","embeddable":true,"href":"https:\/\/totallubri.com.br\/index.php?rest_route=%2Fwp%2Fv2%2Fproduct_tag&post=4162"}],"curies":[{"name":"wp","href":"https:\/\/api.w.org\/{rel}","templated":true}]}}