{"id":4172,"date":"2017-01-06T08:56:56","date_gmt":"2017-01-06T10:56:56","guid":{"rendered":"http:\/\/totallubri.com.br\/?post_type=product&#038;p=4172"},"modified":"2025-02-18T10:17:52","modified_gmt":"2025-02-18T13:17:52","slug":"carrinho-para-entornar-tambor-200-l-3041-lupus","status":"publish","type":"product","link":"https:\/\/totallubri.com.br\/?product=carrinho-para-entornar-tambor-200-l-3041-lupus","title":{"rendered":"Carrinho Para Entornar Tambor 200 L \u2013 3041 \u2013 Lupus"},"content":{"rendered":"<p>&#8211; em a\u00e7o<br \/>\n&#8211; pintura ep\u00f3xi<br \/>\n&#8211; com duas rodas fixas e uma girat\u00f3ria<br \/>\n&#8211; capacidade para um tambor 200 L<br \/>\n&#8211; capacidade da roda at\u00e9 300 KG<\/p>\n<p>obs: tambor n\u00e3o acompanha equipamento<\/p>\n","protected":false},"excerpt":{"rendered":"<p>&#8211; em a\u00e7o &#8211; pintura ep\u00f3xi &#8211; com duas rodas fixas e uma girat\u00f3ria &#8211; capacidade para um tambor 200 L &#8211; capacidade da roda at\u00e9 300 KG obs: tambor n\u00e3o acompanha equipamento<\/p>\n","protected":false},"featured_media":4173,"comment_status":"open","ping_status":"closed","template":"","meta":{"_exactmetrics_skip_tracking":false,"_exactmetrics_sitenote_active":false,"_exactmetrics_sitenote_note":"","_exactmetrics_sitenote_category":0},"product_brand":[],"product_cat":[63],"product_tag":[],"class_list":{"0":"post-4172","1":"product","2":"type-product","3":"status-publish","4":"has-post-thumbnail","6":"product_cat-meio-ambiente","8":"first","9":"instock","10":"shipping-taxable","11":"product-type-simple"},"_links":{"self":[{"href":"https:\/\/totallubri.com.br\/index.php?rest_route=\/wp\/v2\/product\/4172","targetHints":{"allow":["GET"]}}],"collection":[{"href":"https:\/\/totallubri.com.br\/index.php?rest_route=\/wp\/v2\/product"}],"about":[{"href":"https:\/\/totallubri.com.br\/index.php?rest_route=\/wp\/v2\/types\/product"}],"replies":[{"embeddable":true,"href":"https:\/\/totallubri.com.br\/index.php?rest_route=%2Fwp%2Fv2%2Fcomments&post=4172"}],"wp:featuredmedia":[{"embeddable":true,"href":"https:\/\/totallubri.com.br\/index.php?rest_route=\/wp\/v2\/media\/4173"}],"wp:attachment":[{"href":"https:\/\/totallubri.com.br\/index.php?rest_route=%2Fwp%2Fv2%2Fmedia&parent=4172"}],"wp:term":[{"taxonomy":"product_brand","embeddable":true,"href":"https:\/\/totallubri.com.br\/index.php?rest_route=%2Fwp%2Fv2%2Fproduct_brand&post=4172"},{"taxonomy":"product_cat","embeddable":true,"href":"https:\/\/totallubri.com.br\/index.php?rest_route=%2Fwp%2Fv2%2Fproduct_cat&post=4172"},{"taxonomy":"product_tag","embeddable":true,"href":"https:\/\/totallubri.com.br\/index.php?rest_route=%2Fwp%2Fv2%2Fproduct_tag&post=4172"}],"curies":[{"name":"wp","href":"https:\/\/api.w.org\/{rel}","templated":true}]}}