{"id":4178,"date":"2017-01-06T09:01:07","date_gmt":"2017-01-06T11:01:07","guid":{"rendered":"http:\/\/totallubri.com.br\/?post_type=product&#038;p=4178"},"modified":"2025-02-18T10:10:24","modified_gmt":"2025-02-18T13:10:24","slug":"carrinho-para-transporte-de-tambor-3044-lupus","status":"publish","type":"product","link":"https:\/\/totallubri.com.br\/?product=carrinho-para-transporte-de-tambor-3044-lupus","title":{"rendered":"Carrinho para Transporte de Tambor \u2013 3044 \u2013 Lupus"},"content":{"rendered":"<p>Em a\u00e7o, com pintura ep\u00f3xi.<\/p>\n<p>Rolamento <strong>alum\u00ednio<br \/>\n<\/strong>Rodas fixas <strong>02\/ pneum\u00e1ticas<br \/>\n<\/strong>Roda girat\u00f3ria <strong>01\/ maci\u00e7a<br \/>\n<\/strong>Capacidade <strong>tambor<\/strong> <strong>200 L\/ 200 kg<\/strong><\/p>\n<p>Peso <strong>15 kg<\/strong><br \/>\nMedidas <strong>(A)\u00a01005 mm x (L)\u00a0750 mm x (C)\u00a0875 mm<br \/>\n<\/strong><strong><br \/>\nOPCIONAL 3048<\/strong><br \/>\nCarrinho com 03 rodas maci\u00e7as.<\/p>\n","protected":false},"excerpt":{"rendered":"<p>Em a\u00e7o, com pintura ep\u00f3xi. Rolamento alum\u00ednio Rodas fixas 02\/ pneum\u00e1ticas Roda girat\u00f3ria 01\/ maci\u00e7a Capacidade tambor 200 L\/ 200 kg Peso 15 kg Medidas (A)\u00a01005 mm x (L)\u00a0750 mm x (C)\u00a0875 mm OPCIONAL 3048 Carrinho com 03 rodas maci\u00e7as.<\/p>\n","protected":false},"featured_media":4179,"comment_status":"open","ping_status":"closed","template":"","meta":{"_exactmetrics_skip_tracking":false,"_exactmetrics_sitenote_active":false,"_exactmetrics_sitenote_note":"","_exactmetrics_sitenote_category":0},"product_brand":[],"product_cat":[63],"product_tag":[],"class_list":{"0":"post-4178","1":"product","2":"type-product","3":"status-publish","4":"has-post-thumbnail","6":"product_cat-meio-ambiente","8":"first","9":"instock","10":"shipping-taxable","11":"product-type-simple"},"_links":{"self":[{"href":"https:\/\/totallubri.com.br\/index.php?rest_route=\/wp\/v2\/product\/4178","targetHints":{"allow":["GET"]}}],"collection":[{"href":"https:\/\/totallubri.com.br\/index.php?rest_route=\/wp\/v2\/product"}],"about":[{"href":"https:\/\/totallubri.com.br\/index.php?rest_route=\/wp\/v2\/types\/product"}],"replies":[{"embeddable":true,"href":"https:\/\/totallubri.com.br\/index.php?rest_route=%2Fwp%2Fv2%2Fcomments&post=4178"}],"wp:featuredmedia":[{"embeddable":true,"href":"https:\/\/totallubri.com.br\/index.php?rest_route=\/wp\/v2\/media\/4179"}],"wp:attachment":[{"href":"https:\/\/totallubri.com.br\/index.php?rest_route=%2Fwp%2Fv2%2Fmedia&parent=4178"}],"wp:term":[{"taxonomy":"product_brand","embeddable":true,"href":"https:\/\/totallubri.com.br\/index.php?rest_route=%2Fwp%2Fv2%2Fproduct_brand&post=4178"},{"taxonomy":"product_cat","embeddable":true,"href":"https:\/\/totallubri.com.br\/index.php?rest_route=%2Fwp%2Fv2%2Fproduct_cat&post=4178"},{"taxonomy":"product_tag","embeddable":true,"href":"https:\/\/totallubri.com.br\/index.php?rest_route=%2Fwp%2Fv2%2Fproduct_tag&post=4178"}],"curies":[{"name":"wp","href":"https:\/\/api.w.org\/{rel}","templated":true}]}}