{"id":4240,"date":"2017-01-06T10:07:44","date_gmt":"2017-01-06T12:07:44","guid":{"rendered":"http:\/\/totallubri.com.br\/?post_type=product&#038;p=4240"},"modified":"2024-11-28T18:02:00","modified_gmt":"2024-11-28T21:02:00","slug":"coletor-com-rodas-9003-pl-lupus","status":"publish","type":"product","link":"https:\/\/totallubri.com.br\/?product=coletor-com-rodas-9003-pl-lupus","title":{"rendered":"Coletor com Rodas &#8211; 9003-PL &#8211; Lupus"},"content":{"rendered":"<p>Em polietileno, com buj\u00e3o de escoamento, bacia com regulagem de atura e visor transl\u00facido graduado para leitura do n\u00edvel de \u00f3leo.<\/p>\n<p>Capacidade\u00a0<strong>65 L<\/strong><\/p>\n<p>Peso\u00a0<strong>12 kg<\/strong><br \/>\nMedidas<strong> (A) 1500 mm x (L)\u00a0400 mm<\/strong><\/p>\n","protected":false},"excerpt":{"rendered":"<p>Em polietileno, com buj\u00e3o de escoamento, bacia com regulagem de atura e visor transl\u00facido graduado para leitura do n\u00edvel de \u00f3leo. Capacidade\u00a065 L Peso\u00a012 kg Medidas (A) 1500 mm x (L)\u00a0400 mm<\/p>\n","protected":false},"featured_media":4241,"comment_status":"open","ping_status":"closed","template":"","meta":{"_exactmetrics_skip_tracking":false,"_exactmetrics_sitenote_active":false,"_exactmetrics_sitenote_note":"","_exactmetrics_sitenote_category":0},"product_brand":[],"product_cat":[107],"product_tag":[],"class_list":{"0":"post-4240","1":"product","2":"type-product","3":"status-publish","4":"has-post-thumbnail","6":"product_cat-equipamentos-para-troca-de-oleo","8":"first","9":"instock","10":"shipping-taxable","11":"product-type-simple"},"_links":{"self":[{"href":"https:\/\/totallubri.com.br\/index.php?rest_route=\/wp\/v2\/product\/4240","targetHints":{"allow":["GET"]}}],"collection":[{"href":"https:\/\/totallubri.com.br\/index.php?rest_route=\/wp\/v2\/product"}],"about":[{"href":"https:\/\/totallubri.com.br\/index.php?rest_route=\/wp\/v2\/types\/product"}],"replies":[{"embeddable":true,"href":"https:\/\/totallubri.com.br\/index.php?rest_route=%2Fwp%2Fv2%2Fcomments&post=4240"}],"wp:featuredmedia":[{"embeddable":true,"href":"https:\/\/totallubri.com.br\/index.php?rest_route=\/wp\/v2\/media\/4241"}],"wp:attachment":[{"href":"https:\/\/totallubri.com.br\/index.php?rest_route=%2Fwp%2Fv2%2Fmedia&parent=4240"}],"wp:term":[{"taxonomy":"product_brand","embeddable":true,"href":"https:\/\/totallubri.com.br\/index.php?rest_route=%2Fwp%2Fv2%2Fproduct_brand&post=4240"},{"taxonomy":"product_cat","embeddable":true,"href":"https:\/\/totallubri.com.br\/index.php?rest_route=%2Fwp%2Fv2%2Fproduct_cat&post=4240"},{"taxonomy":"product_tag","embeddable":true,"href":"https:\/\/totallubri.com.br\/index.php?rest_route=%2Fwp%2Fv2%2Fproduct_tag&post=4240"}],"curies":[{"name":"wp","href":"https:\/\/api.w.org\/{rel}","templated":true}]}}