{"id":4242,"date":"2017-01-06T10:09:38","date_gmt":"2017-01-06T12:09:38","guid":{"rendered":"http:\/\/totallubri.com.br\/?post_type=product&#038;p=4242"},"modified":"2024-11-29T11:04:25","modified_gmt":"2024-11-29T14:04:25","slug":"coletor-pressurizado-9300-p-samoa","status":"publish","type":"product","link":"https:\/\/totallubri.com.br\/?product=coletor-pressurizado-9300-p-samoa","title":{"rendered":"Coletor Pressurizado &#8211; 9300-P &#8211; Samoa"},"content":{"rendered":"<p>Em chapa de a\u00e7o, com visor de n\u00edvel lateral, pressuriza\u00e7\u00e3o por v\u00e1lvula de encher pneus at\u00e9 0,5 bar, v\u00e1lvula de seguran\u00e7a e mangueira de descarga 3\/4&#8243;.<\/p>\n<p>Capacidade <strong>70 L<\/strong><\/p>\n<p>Peso <strong>28 kg<\/strong><br \/>\nMedidas <strong>(A) 1370 mm\u00a0 x (L) 580 mm<\/strong><\/p>\n","protected":false},"excerpt":{"rendered":"<p>Em chapa de a\u00e7o, com visor de n\u00edvel lateral, pressuriza\u00e7\u00e3o por v\u00e1lvula de encher pneus at\u00e9 0,5 bar, v\u00e1lvula de seguran\u00e7a e mangueira de descarga 3\/4&#8243;. Capacidade 70 L Peso 28 kg Medidas (A) 1370 mm\u00a0 x (L) 580 mm<\/p>\n","protected":false},"featured_media":4243,"comment_status":"open","ping_status":"closed","template":"","meta":{"_exactmetrics_skip_tracking":false,"_exactmetrics_sitenote_active":false,"_exactmetrics_sitenote_note":"","_exactmetrics_sitenote_category":0},"product_brand":[],"product_cat":[107],"product_tag":[],"class_list":{"0":"post-4242","1":"product","2":"type-product","3":"status-publish","4":"has-post-thumbnail","6":"product_cat-equipamentos-para-troca-de-oleo","8":"first","9":"instock","10":"shipping-taxable","11":"product-type-simple"},"_links":{"self":[{"href":"https:\/\/totallubri.com.br\/index.php?rest_route=\/wp\/v2\/product\/4242","targetHints":{"allow":["GET"]}}],"collection":[{"href":"https:\/\/totallubri.com.br\/index.php?rest_route=\/wp\/v2\/product"}],"about":[{"href":"https:\/\/totallubri.com.br\/index.php?rest_route=\/wp\/v2\/types\/product"}],"replies":[{"embeddable":true,"href":"https:\/\/totallubri.com.br\/index.php?rest_route=%2Fwp%2Fv2%2Fcomments&post=4242"}],"wp:featuredmedia":[{"embeddable":true,"href":"https:\/\/totallubri.com.br\/index.php?rest_route=\/wp\/v2\/media\/4243"}],"wp:attachment":[{"href":"https:\/\/totallubri.com.br\/index.php?rest_route=%2Fwp%2Fv2%2Fmedia&parent=4242"}],"wp:term":[{"taxonomy":"product_brand","embeddable":true,"href":"https:\/\/totallubri.com.br\/index.php?rest_route=%2Fwp%2Fv2%2Fproduct_brand&post=4242"},{"taxonomy":"product_cat","embeddable":true,"href":"https:\/\/totallubri.com.br\/index.php?rest_route=%2Fwp%2Fv2%2Fproduct_cat&post=4242"},{"taxonomy":"product_tag","embeddable":true,"href":"https:\/\/totallubri.com.br\/index.php?rest_route=%2Fwp%2Fv2%2Fproduct_tag&post=4242"}],"curies":[{"name":"wp","href":"https:\/\/api.w.org\/{rel}","templated":true}]}}