{"id":4246,"date":"2017-01-06T10:13:38","date_gmt":"2017-01-06T12:13:38","guid":{"rendered":"http:\/\/totallubri.com.br\/?post_type=product&#038;p=4246"},"modified":"2024-11-29T11:10:54","modified_gmt":"2024-11-29T14:10:54","slug":"coletor-rotomoldado-9302-lupus","status":"publish","type":"product","link":"https:\/\/totallubri.com.br\/?product=coletor-rotomoldado-9302-lupus","title":{"rendered":"Coletor Rotomoldado &#8211; 9302 &#8211; Lupus"},"content":{"rendered":"<p>Em polietileno de m\u00e9dia densidade, com design inovador, visor de n\u00edvel embutido, com conector para engate r\u00e1pido, captador com filtro, v\u00e1lvula de dreno, painel para identifica\u00e7\u00e3o visual nas duas laterais.<\/p>\n<p>Capacidade <strong>120 L<\/strong><br \/>\nV\u00e1lvula de dreno<br \/>\n<strong>1\/2&#8243; \/ embutida<\/strong><br \/>\nengate r\u00e1pido de esferas<br \/>\n<strong>1\/2&#8243;<\/strong><br \/>\nDimens\u00f5es do carrinho<br \/>\n<strong>(A) 903 x (L) 580 x (C) 530<br \/>\n<\/strong>Dimens\u00f5es do captador<br \/>\n<strong>(A) 235 x (L) 620 x (C) 550<br \/>\n<\/strong>Altura do tubo conector<br \/>\n<strong>998 mm<\/strong><br \/>\nAltura m\u00e1xima<br \/>\n<strong>1.980 mm<\/strong><\/p>\n<p>Peso <strong>24 kg<\/strong><\/p>\n","protected":false},"excerpt":{"rendered":"<p>Em polietileno de m\u00e9dia densidade, com design inovador, visor de n\u00edvel embutido, com conector para engate r\u00e1pido, captador com filtro, v\u00e1lvula de dreno, painel para identifica\u00e7\u00e3o visual nas duas laterais. Capacidade 120 L V\u00e1lvula de dreno 1\/2&#8243; \/ embutida engate r\u00e1pido de esferas 1\/2&#8243; Dimens\u00f5es do carrinho (A) 903 x (L) 580 x (C) 530 [&hellip;]<\/p>\n","protected":false},"featured_media":4247,"comment_status":"open","ping_status":"closed","template":"","meta":{"_exactmetrics_skip_tracking":false,"_exactmetrics_sitenote_active":false,"_exactmetrics_sitenote_note":"","_exactmetrics_sitenote_category":0},"product_brand":[],"product_cat":[107],"product_tag":[],"class_list":{"0":"post-4246","1":"product","2":"type-product","3":"status-publish","4":"has-post-thumbnail","6":"product_cat-equipamentos-para-troca-de-oleo","8":"first","9":"instock","10":"shipping-taxable","11":"product-type-simple"},"_links":{"self":[{"href":"https:\/\/totallubri.com.br\/index.php?rest_route=\/wp\/v2\/product\/4246","targetHints":{"allow":["GET"]}}],"collection":[{"href":"https:\/\/totallubri.com.br\/index.php?rest_route=\/wp\/v2\/product"}],"about":[{"href":"https:\/\/totallubri.com.br\/index.php?rest_route=\/wp\/v2\/types\/product"}],"replies":[{"embeddable":true,"href":"https:\/\/totallubri.com.br\/index.php?rest_route=%2Fwp%2Fv2%2Fcomments&post=4246"}],"wp:featuredmedia":[{"embeddable":true,"href":"https:\/\/totallubri.com.br\/index.php?rest_route=\/wp\/v2\/media\/4247"}],"wp:attachment":[{"href":"https:\/\/totallubri.com.br\/index.php?rest_route=%2Fwp%2Fv2%2Fmedia&parent=4246"}],"wp:term":[{"taxonomy":"product_brand","embeddable":true,"href":"https:\/\/totallubri.com.br\/index.php?rest_route=%2Fwp%2Fv2%2Fproduct_brand&post=4246"},{"taxonomy":"product_cat","embeddable":true,"href":"https:\/\/totallubri.com.br\/index.php?rest_route=%2Fwp%2Fv2%2Fproduct_cat&post=4246"},{"taxonomy":"product_tag","embeddable":true,"href":"https:\/\/totallubri.com.br\/index.php?rest_route=%2Fwp%2Fv2%2Fproduct_tag&post=4246"}],"curies":[{"name":"wp","href":"https:\/\/api.w.org\/{rel}","templated":true}]}}