{"id":4248,"date":"2017-01-06T10:15:02","date_gmt":"2017-01-06T12:15:02","guid":{"rendered":"http:\/\/totallubri.com.br\/?post_type=product&#038;p=4248"},"modified":"2024-11-29T11:07:10","modified_gmt":"2024-11-29T14:07:10","slug":"coletor-pressurizado-9400-p-samoa","status":"publish","type":"product","link":"https:\/\/totallubri.com.br\/?product=coletor-pressurizado-9400-p-samoa","title":{"rendered":"Coletor Pressurizado \u2013 9400-P \u2013 Samoa"},"content":{"rendered":"<p>Em chapa de a\u00e7o, com visor de n\u00edvel lateral, pressuriza\u00e7\u00e3o por v\u00e1lvula de encher pneus at\u00e9 0,5 bar, v\u00e1lvula de seguran\u00e7a e mangueira de descarga.<\/p>\n<p>Capacidade <strong>100 L<\/strong><br \/>\nMangueira de descarga<br \/>\n<strong>1,5 m \/ 3\/4&#8243;<\/strong><\/p>\n<p>Medidas <strong>(A) 2000 mm x (L) 630 mm<\/strong><\/p>\n","protected":false},"excerpt":{"rendered":"<p>Em chapa de a\u00e7o, com visor de n\u00edvel lateral, pressuriza\u00e7\u00e3o por v\u00e1lvula de encher pneus at\u00e9 0,5 bar, v\u00e1lvula de seguran\u00e7a e mangueira de descarga. Capacidade 100 L Mangueira de descarga 1,5 m \/ 3\/4&#8243; Medidas (A) 2000 mm x (L) 630 mm<\/p>\n","protected":false},"featured_media":4249,"comment_status":"open","ping_status":"closed","template":"","meta":{"_exactmetrics_skip_tracking":false,"_exactmetrics_sitenote_active":false,"_exactmetrics_sitenote_note":"","_exactmetrics_sitenote_category":0},"product_brand":[],"product_cat":[107],"product_tag":[],"class_list":{"0":"post-4248","1":"product","2":"type-product","3":"status-publish","4":"has-post-thumbnail","6":"product_cat-equipamentos-para-troca-de-oleo","8":"first","9":"instock","10":"shipping-taxable","11":"product-type-simple"},"_links":{"self":[{"href":"https:\/\/totallubri.com.br\/index.php?rest_route=\/wp\/v2\/product\/4248","targetHints":{"allow":["GET"]}}],"collection":[{"href":"https:\/\/totallubri.com.br\/index.php?rest_route=\/wp\/v2\/product"}],"about":[{"href":"https:\/\/totallubri.com.br\/index.php?rest_route=\/wp\/v2\/types\/product"}],"replies":[{"embeddable":true,"href":"https:\/\/totallubri.com.br\/index.php?rest_route=%2Fwp%2Fv2%2Fcomments&post=4248"}],"wp:featuredmedia":[{"embeddable":true,"href":"https:\/\/totallubri.com.br\/index.php?rest_route=\/wp\/v2\/media\/4249"}],"wp:attachment":[{"href":"https:\/\/totallubri.com.br\/index.php?rest_route=%2Fwp%2Fv2%2Fmedia&parent=4248"}],"wp:term":[{"taxonomy":"product_brand","embeddable":true,"href":"https:\/\/totallubri.com.br\/index.php?rest_route=%2Fwp%2Fv2%2Fproduct_brand&post=4248"},{"taxonomy":"product_cat","embeddable":true,"href":"https:\/\/totallubri.com.br\/index.php?rest_route=%2Fwp%2Fv2%2Fproduct_cat&post=4248"},{"taxonomy":"product_tag","embeddable":true,"href":"https:\/\/totallubri.com.br\/index.php?rest_route=%2Fwp%2Fv2%2Fproduct_tag&post=4248"}],"curies":[{"name":"wp","href":"https:\/\/api.w.org\/{rel}","templated":true}]}}