{"id":4250,"date":"2017-01-06T10:17:02","date_gmt":"2017-01-06T12:17:02","guid":{"rendered":"http:\/\/totallubri.com.br\/?post_type=product&#038;p=4250"},"modified":"2024-11-29T11:01:01","modified_gmt":"2024-11-29T14:01:01","slug":"coletor-de-oleo-pressurizado-para-motos-9300-mt-samoa","status":"publish","type":"product","link":"https:\/\/totallubri.com.br\/?product=coletor-de-oleo-pressurizado-para-motos-9300-mt-samoa","title":{"rendered":"Coletor de \u00d3leo Pressurizado para Motos \u2013 9300-MT \u2013 Samoa"},"content":{"rendered":"<p>Em chapa de a\u00e7o, com visor de n\u00edvel lateral, pressuriza\u00e7\u00e3o por v\u00e1lvula de encher pneus at\u00e9 0,5 bar, v\u00e1lvula de seguran\u00e7a e v\u00e1lvula e mangueira de descarga.<\/p>\n<p>Capacidade\u00a0<strong>70 L<\/strong><br \/>\nMangueira de descarga<br \/>\n<strong>3\/4&#8243;\/ com registro<br \/>\n<\/strong>Bandeja coletora<br \/>\n<strong>ajust\u00e1vel \/ 950 a 1.100 mm<\/strong><\/p>\n<p>Peso <strong>28 kg<br \/>\n<\/strong>Medidas <strong>(A) 1100 mm x (L)\u00a0580 mm x (C) 530 mm<\/strong><\/p>\n","protected":false},"excerpt":{"rendered":"<p>Em chapa de a\u00e7o, com visor de n\u00edvel lateral, pressuriza\u00e7\u00e3o por v\u00e1lvula de encher pneus at\u00e9 0,5 bar, v\u00e1lvula de seguran\u00e7a e v\u00e1lvula e mangueira de descarga. Capacidade\u00a070 L Mangueira de descarga 3\/4&#8243;\/ com registro Bandeja coletora ajust\u00e1vel \/ 950 a 1.100 mm Peso 28 kg Medidas (A) 1100 mm x (L)\u00a0580 mm x (C) [&hellip;]<\/p>\n","protected":false},"featured_media":4251,"comment_status":"open","ping_status":"closed","template":"","meta":{"_exactmetrics_skip_tracking":false,"_exactmetrics_sitenote_active":false,"_exactmetrics_sitenote_note":"","_exactmetrics_sitenote_category":0},"product_brand":[],"product_cat":[107],"product_tag":[],"class_list":{"0":"post-4250","1":"product","2":"type-product","3":"status-publish","4":"has-post-thumbnail","6":"product_cat-equipamentos-para-troca-de-oleo","8":"first","9":"instock","10":"shipping-taxable","11":"product-type-simple"},"_links":{"self":[{"href":"https:\/\/totallubri.com.br\/index.php?rest_route=\/wp\/v2\/product\/4250","targetHints":{"allow":["GET"]}}],"collection":[{"href":"https:\/\/totallubri.com.br\/index.php?rest_route=\/wp\/v2\/product"}],"about":[{"href":"https:\/\/totallubri.com.br\/index.php?rest_route=\/wp\/v2\/types\/product"}],"replies":[{"embeddable":true,"href":"https:\/\/totallubri.com.br\/index.php?rest_route=%2Fwp%2Fv2%2Fcomments&post=4250"}],"wp:featuredmedia":[{"embeddable":true,"href":"https:\/\/totallubri.com.br\/index.php?rest_route=\/wp\/v2\/media\/4251"}],"wp:attachment":[{"href":"https:\/\/totallubri.com.br\/index.php?rest_route=%2Fwp%2Fv2%2Fmedia&parent=4250"}],"wp:term":[{"taxonomy":"product_brand","embeddable":true,"href":"https:\/\/totallubri.com.br\/index.php?rest_route=%2Fwp%2Fv2%2Fproduct_brand&post=4250"},{"taxonomy":"product_cat","embeddable":true,"href":"https:\/\/totallubri.com.br\/index.php?rest_route=%2Fwp%2Fv2%2Fproduct_cat&post=4250"},{"taxonomy":"product_tag","embeddable":true,"href":"https:\/\/totallubri.com.br\/index.php?rest_route=%2Fwp%2Fv2%2Fproduct_tag&post=4250"}],"curies":[{"name":"wp","href":"https:\/\/api.w.org\/{rel}","templated":true}]}}