{"id":4252,"date":"2017-01-06T10:18:48","date_gmt":"2017-01-06T12:18:48","guid":{"rendered":"http:\/\/totallubri.com.br\/?post_type=product&#038;p=4252"},"modified":"2024-11-29T11:08:14","modified_gmt":"2024-11-29T14:08:14","slug":"coletor-pressurizado-9401-samoa","status":"publish","type":"product","link":"https:\/\/totallubri.com.br\/?product=coletor-pressurizado-9401-samoa","title":{"rendered":"Coletor Pressurizado &#8211; 9401 &#8211; Samoa"},"content":{"rendered":"<p>Em chapa de a\u00e7o, com visor de n\u00edvel lateral, pressuriza\u00e7\u00e3o por v\u00e1lvula de encher pneus at\u00e9 0,5 bar, v\u00e1lvula de seguran\u00e7a e conector para engate r\u00e1pido.<\/p>\n<p>Capacidade\u00a0<strong>100 L<\/strong><br \/>\nConector engate r\u00e1pido <strong>3\/4&#8243;<\/strong><br \/>\n<strong><br \/>\n<\/strong>Medidas <strong>(A)\u00a02000 mm x (L)\u00a0630 mm<\/strong><\/p>\n","protected":false},"excerpt":{"rendered":"<p>Em chapa de a\u00e7o, com visor de n\u00edvel lateral, pressuriza\u00e7\u00e3o por v\u00e1lvula de encher pneus at\u00e9 0,5 bar, v\u00e1lvula de seguran\u00e7a e conector para engate r\u00e1pido. Capacidade\u00a0100 L Conector engate r\u00e1pido 3\/4&#8243; Medidas (A)\u00a02000 mm x (L)\u00a0630 mm<\/p>\n","protected":false},"featured_media":4253,"comment_status":"open","ping_status":"closed","template":"","meta":{"_exactmetrics_skip_tracking":false,"_exactmetrics_sitenote_active":false,"_exactmetrics_sitenote_note":"","_exactmetrics_sitenote_category":0},"product_brand":[],"product_cat":[107],"product_tag":[],"class_list":{"0":"post-4252","1":"product","2":"type-product","3":"status-publish","4":"has-post-thumbnail","6":"product_cat-equipamentos-para-troca-de-oleo","8":"first","9":"instock","10":"shipping-taxable","11":"product-type-simple"},"_links":{"self":[{"href":"https:\/\/totallubri.com.br\/index.php?rest_route=\/wp\/v2\/product\/4252","targetHints":{"allow":["GET"]}}],"collection":[{"href":"https:\/\/totallubri.com.br\/index.php?rest_route=\/wp\/v2\/product"}],"about":[{"href":"https:\/\/totallubri.com.br\/index.php?rest_route=\/wp\/v2\/types\/product"}],"replies":[{"embeddable":true,"href":"https:\/\/totallubri.com.br\/index.php?rest_route=%2Fwp%2Fv2%2Fcomments&post=4252"}],"wp:featuredmedia":[{"embeddable":true,"href":"https:\/\/totallubri.com.br\/index.php?rest_route=\/wp\/v2\/media\/4253"}],"wp:attachment":[{"href":"https:\/\/totallubri.com.br\/index.php?rest_route=%2Fwp%2Fv2%2Fmedia&parent=4252"}],"wp:term":[{"taxonomy":"product_brand","embeddable":true,"href":"https:\/\/totallubri.com.br\/index.php?rest_route=%2Fwp%2Fv2%2Fproduct_brand&post=4252"},{"taxonomy":"product_cat","embeddable":true,"href":"https:\/\/totallubri.com.br\/index.php?rest_route=%2Fwp%2Fv2%2Fproduct_cat&post=4252"},{"taxonomy":"product_tag","embeddable":true,"href":"https:\/\/totallubri.com.br\/index.php?rest_route=%2Fwp%2Fv2%2Fproduct_tag&post=4252"}],"curies":[{"name":"wp","href":"https:\/\/api.w.org\/{rel}","templated":true}]}}