{"id":4254,"date":"2017-01-06T10:20:08","date_gmt":"2017-01-06T12:20:08","guid":{"rendered":"http:\/\/totallubri.com.br\/?post_type=product&#038;p=4254"},"modified":"2024-11-29T10:55:02","modified_gmt":"2024-11-29T13:55:02","slug":"coletor-de-oleo-para-valas-9301-cs-lupus","status":"publish","type":"product","link":"https:\/\/totallubri.com.br\/?product=coletor-de-oleo-para-valas-9301-cs-lupus","title":{"rendered":"Coletor de \u00d3leo para Valas &#8211; 9301-CS &#8211; Lupus"},"content":{"rendered":"<p>Em chapa de a\u00e7o, usado em valetas nos boxes de troca de \u00f3leo de caminh\u00f5es e tratores, com bandeja\u00a0com tela de prote\u00e7\u00e3o e rolamentos para deslizar dentro da vala.<\/p>\n<p>Capacidade\u00a0<strong>65 L<\/strong><br \/>\nEspig\u00e3o 30 mm<br \/>\nHaste de rolamentos<strong> ajust\u00e1vel\/ 750 e 1200 mm<\/strong><\/p>\n<p>Peso <strong>28 kg<br \/>\n<\/strong>Medidas <strong>(A)\u00a0220 mm x (L)\u00a0510 mm x (C)\u00a0660 mm<\/strong><\/p>\n","protected":false},"excerpt":{"rendered":"<p>Em chapa de a\u00e7o, usado em valetas nos boxes de troca de \u00f3leo de caminh\u00f5es e tratores, com bandeja\u00a0com tela de prote\u00e7\u00e3o e rolamentos para deslizar dentro da vala. Capacidade\u00a065 L Espig\u00e3o 30 mm Haste de rolamentos ajust\u00e1vel\/ 750 e 1200 mm Peso 28 kg Medidas (A)\u00a0220 mm x (L)\u00a0510 mm x (C)\u00a0660 mm<\/p>\n","protected":false},"featured_media":4255,"comment_status":"open","ping_status":"closed","template":"","meta":{"_exactmetrics_skip_tracking":false,"_exactmetrics_sitenote_active":false,"_exactmetrics_sitenote_note":"","_exactmetrics_sitenote_category":0},"product_brand":[],"product_cat":[107],"product_tag":[],"class_list":{"0":"post-4254","1":"product","2":"type-product","3":"status-publish","4":"has-post-thumbnail","6":"product_cat-equipamentos-para-troca-de-oleo","8":"first","9":"instock","10":"shipping-taxable","11":"product-type-simple"},"_links":{"self":[{"href":"https:\/\/totallubri.com.br\/index.php?rest_route=\/wp\/v2\/product\/4254","targetHints":{"allow":["GET"]}}],"collection":[{"href":"https:\/\/totallubri.com.br\/index.php?rest_route=\/wp\/v2\/product"}],"about":[{"href":"https:\/\/totallubri.com.br\/index.php?rest_route=\/wp\/v2\/types\/product"}],"replies":[{"embeddable":true,"href":"https:\/\/totallubri.com.br\/index.php?rest_route=%2Fwp%2Fv2%2Fcomments&post=4254"}],"wp:featuredmedia":[{"embeddable":true,"href":"https:\/\/totallubri.com.br\/index.php?rest_route=\/wp\/v2\/media\/4255"}],"wp:attachment":[{"href":"https:\/\/totallubri.com.br\/index.php?rest_route=%2Fwp%2Fv2%2Fmedia&parent=4254"}],"wp:term":[{"taxonomy":"product_brand","embeddable":true,"href":"https:\/\/totallubri.com.br\/index.php?rest_route=%2Fwp%2Fv2%2Fproduct_brand&post=4254"},{"taxonomy":"product_cat","embeddable":true,"href":"https:\/\/totallubri.com.br\/index.php?rest_route=%2Fwp%2Fv2%2Fproduct_cat&post=4254"},{"taxonomy":"product_tag","embeddable":true,"href":"https:\/\/totallubri.com.br\/index.php?rest_route=%2Fwp%2Fv2%2Fproduct_tag&post=4254"}],"curies":[{"name":"wp","href":"https:\/\/api.w.org\/{rel}","templated":true}]}}