{"id":4258,"date":"2017-01-06T10:24:28","date_gmt":"2017-01-06T12:24:28","guid":{"rendered":"http:\/\/totallubri.com.br\/?post_type=product&#038;p=4258"},"modified":"2024-11-29T11:03:17","modified_gmt":"2024-11-29T14:03:17","slug":"coletor-para-vala-9300-cs-lupus","status":"publish","type":"product","link":"https:\/\/totallubri.com.br\/?product=coletor-para-vala-9300-cs-lupus","title":{"rendered":"Coletor para Vala &#8211; 9300-CS &#8211; Lupus"},"content":{"rendered":"<p>Em chapa de a\u00e7o, usado em valetas nos boxes de troca de \u00f3leo de caminh\u00f5es e tratores,\u00a0com\u00a0buj\u00e3o de escoamento, bandeja\u00a0com tela de prote\u00e7\u00e3o, registro, quebra-ondas e rodilhos\u00a0pra deslocamento dentro da vala.<\/p>\n<p>Capacidade\u00a0<strong>95 L<\/strong><br \/>\nSa\u00edda <strong>1&#8243;\/ adapt\u00e1vel \u00e0 bombas de duplo diafragma<\/strong><\/p>\n<p>Peso\u00a0<strong>60 kg<br \/>\n<\/strong>Medidas <strong>(A)\u00a0460 mm x (L)\u00a0825 mm x (C)\u00a0605 mm<\/strong><\/p>\n","protected":false},"excerpt":{"rendered":"<p>Em chapa de a\u00e7o, usado em valetas nos boxes de troca de \u00f3leo de caminh\u00f5es e tratores,\u00a0com\u00a0buj\u00e3o de escoamento, bandeja\u00a0com tela de prote\u00e7\u00e3o, registro, quebra-ondas e rodilhos\u00a0pra deslocamento dentro da vala. Capacidade\u00a095 L Sa\u00edda 1&#8243;\/ adapt\u00e1vel \u00e0 bombas de duplo diafragma Peso\u00a060 kg Medidas (A)\u00a0460 mm x (L)\u00a0825 mm x (C)\u00a0605 mm<\/p>\n","protected":false},"featured_media":4259,"comment_status":"open","ping_status":"closed","template":"","meta":{"_exactmetrics_skip_tracking":false,"_exactmetrics_sitenote_active":false,"_exactmetrics_sitenote_note":"","_exactmetrics_sitenote_category":0},"product_brand":[],"product_cat":[107],"product_tag":[],"class_list":{"0":"post-4258","1":"product","2":"type-product","3":"status-publish","4":"has-post-thumbnail","6":"product_cat-equipamentos-para-troca-de-oleo","8":"first","9":"instock","10":"shipping-taxable","11":"product-type-simple"},"_links":{"self":[{"href":"https:\/\/totallubri.com.br\/index.php?rest_route=\/wp\/v2\/product\/4258","targetHints":{"allow":["GET"]}}],"collection":[{"href":"https:\/\/totallubri.com.br\/index.php?rest_route=\/wp\/v2\/product"}],"about":[{"href":"https:\/\/totallubri.com.br\/index.php?rest_route=\/wp\/v2\/types\/product"}],"replies":[{"embeddable":true,"href":"https:\/\/totallubri.com.br\/index.php?rest_route=%2Fwp%2Fv2%2Fcomments&post=4258"}],"wp:featuredmedia":[{"embeddable":true,"href":"https:\/\/totallubri.com.br\/index.php?rest_route=\/wp\/v2\/media\/4259"}],"wp:attachment":[{"href":"https:\/\/totallubri.com.br\/index.php?rest_route=%2Fwp%2Fv2%2Fmedia&parent=4258"}],"wp:term":[{"taxonomy":"product_brand","embeddable":true,"href":"https:\/\/totallubri.com.br\/index.php?rest_route=%2Fwp%2Fv2%2Fproduct_brand&post=4258"},{"taxonomy":"product_cat","embeddable":true,"href":"https:\/\/totallubri.com.br\/index.php?rest_route=%2Fwp%2Fv2%2Fproduct_cat&post=4258"},{"taxonomy":"product_tag","embeddable":true,"href":"https:\/\/totallubri.com.br\/index.php?rest_route=%2Fwp%2Fv2%2Fproduct_tag&post=4258"}],"curies":[{"name":"wp","href":"https:\/\/api.w.org\/{rel}","templated":true}]}}