{"id":4285,"date":"2017-01-06T10:48:52","date_gmt":"2017-01-06T12:48:52","guid":{"rendered":"http:\/\/totallubri.com.br\/?post_type=product&#038;p=4285"},"modified":"2024-11-28T17:43:42","modified_gmt":"2024-11-28T20:43:42","slug":"unidade-de-succao-de-oleo-pressurizada-9802-vb-samoa","status":"publish","type":"product","link":"https:\/\/totallubri.com.br\/?product=unidade-de-succao-de-oleo-pressurizada-9802-vb-samoa","title":{"rendered":"Unidade de Suc\u00e7\u00e3o de \u00d3leo Pressurizada \u2013 9802-VB \u2013 Samoa"},"content":{"rendered":"<p>Em chapa de a\u00e7o, com visor de n\u00edvel lateral,\u00a0 com captador para coleta por gravidade,c\u00e2mara de v\u00e1cuo, \u00a0vacu\u00f4metro e mangueiras.<\/p>\n<p>Capacidade\u00a0<strong>100 L<\/strong><br \/>\nMangueira de suc\u00e7\u00e3o<br \/>\n<strong>2 m\/ com registro<\/strong><br \/>\nMangueira de descarga<br \/>\n<strong>1,5 m \/ com bengala<\/strong><br \/>\nReservat\u00f3rio<br \/>\n<strong>10 L\/ c\u00e2mara de v\u00e1cuo graduada<br \/>\n<\/strong>Sondas<br \/>\n<strong>05 unidades \/ com suporte<br \/>\n<\/strong>Adaptadores<br \/>\n<strong>02 unidades<\/strong><\/p>\n<p>Peso\u00a0<strong>43 kg<\/strong><br \/>\nMedidas<strong> (A)\u00a01880 mm x (L)\u00a0640 mm<\/strong><\/p>\n","protected":false},"excerpt":{"rendered":"<p>Em chapa de a\u00e7o, com visor de n\u00edvel lateral,\u00a0 com captador para coleta por gravidade,c\u00e2mara de v\u00e1cuo, \u00a0vacu\u00f4metro e mangueiras. Capacidade\u00a0100 L Mangueira de suc\u00e7\u00e3o 2 m\/ com registro Mangueira de descarga 1,5 m \/ com bengala Reservat\u00f3rio 10 L\/ c\u00e2mara de v\u00e1cuo graduada Sondas 05 unidades \/ com suporte Adaptadores 02 unidades Peso\u00a043 kg [&hellip;]<\/p>\n","protected":false},"featured_media":4286,"comment_status":"open","ping_status":"closed","template":"","meta":{"_exactmetrics_skip_tracking":false,"_exactmetrics_sitenote_active":false,"_exactmetrics_sitenote_note":"","_exactmetrics_sitenote_category":0},"product_brand":[],"product_cat":[107],"product_tag":[],"class_list":{"0":"post-4285","1":"product","2":"type-product","3":"status-publish","4":"has-post-thumbnail","6":"product_cat-equipamentos-para-troca-de-oleo","8":"first","9":"instock","10":"shipping-taxable","11":"product-type-simple"},"_links":{"self":[{"href":"https:\/\/totallubri.com.br\/index.php?rest_route=\/wp\/v2\/product\/4285","targetHints":{"allow":["GET"]}}],"collection":[{"href":"https:\/\/totallubri.com.br\/index.php?rest_route=\/wp\/v2\/product"}],"about":[{"href":"https:\/\/totallubri.com.br\/index.php?rest_route=\/wp\/v2\/types\/product"}],"replies":[{"embeddable":true,"href":"https:\/\/totallubri.com.br\/index.php?rest_route=%2Fwp%2Fv2%2Fcomments&post=4285"}],"wp:featuredmedia":[{"embeddable":true,"href":"https:\/\/totallubri.com.br\/index.php?rest_route=\/wp\/v2\/media\/4286"}],"wp:attachment":[{"href":"https:\/\/totallubri.com.br\/index.php?rest_route=%2Fwp%2Fv2%2Fmedia&parent=4285"}],"wp:term":[{"taxonomy":"product_brand","embeddable":true,"href":"https:\/\/totallubri.com.br\/index.php?rest_route=%2Fwp%2Fv2%2Fproduct_brand&post=4285"},{"taxonomy":"product_cat","embeddable":true,"href":"https:\/\/totallubri.com.br\/index.php?rest_route=%2Fwp%2Fv2%2Fproduct_cat&post=4285"},{"taxonomy":"product_tag","embeddable":true,"href":"https:\/\/totallubri.com.br\/index.php?rest_route=%2Fwp%2Fv2%2Fproduct_tag&post=4285"}],"curies":[{"name":"wp","href":"https:\/\/api.w.org\/{rel}","templated":true}]}}