{"id":4289,"date":"2017-01-06T10:52:57","date_gmt":"2017-01-06T12:52:57","guid":{"rendered":"http:\/\/totallubri.com.br\/?post_type=product&#038;p=4289"},"modified":"2024-11-28T17:23:53","modified_gmt":"2024-11-28T20:23:53","slug":"unidade-de-succao-de-oleo-eletrica-9800-pe-samoa","status":"publish","type":"product","link":"https:\/\/totallubri.com.br\/?product=unidade-de-succao-de-oleo-eletrica-9800-pe-samoa","title":{"rendered":"Unidade de Suc\u00e7\u00e3o de \u00d3leo El\u00e9trica &#8211; 9800-PE &#8211; Samoa"},"content":{"rendered":"<p>Em chapa de a\u00e7o, com carrinho, vacu\u00f4metro, bomba de engrenagens e mangueira.<\/p>\n<p>Capacidade <strong>12 L<br \/>\n<\/strong>Vaz\u00e3o livre\u00a0<strong>10L\/min<\/strong><br \/>\nMangueira de suc\u00e7\u00e3o <strong>2 m<\/strong><br \/>\nReservat\u00f3rio<strong> 2L\/ polietileno<\/strong><br \/>\nalimenta\u00e7\u00e3o <strong>220 V<\/strong><br \/>\nSondas <strong>05 unidades \/ com suporte<br \/>\n<\/strong>Adaptadores <strong>02 unidades<\/strong><\/p>\n<p>Peso\u00a0<strong>20 kg<\/strong><br \/>\nMedidas<strong> (A)\u00a0900 mm x (L)\u00a0320 mm<\/strong><\/p>\n","protected":false},"excerpt":{"rendered":"<p>Em chapa de a\u00e7o, com carrinho, vacu\u00f4metro, bomba de engrenagens e mangueira. Capacidade 12 L Vaz\u00e3o livre\u00a010L\/min Mangueira de suc\u00e7\u00e3o 2 m Reservat\u00f3rio 2L\/ polietileno alimenta\u00e7\u00e3o 220 V Sondas 05 unidades \/ com suporte Adaptadores 02 unidades Peso\u00a020 kg Medidas (A)\u00a0900 mm x (L)\u00a0320 mm<\/p>\n","protected":false},"featured_media":4290,"comment_status":"open","ping_status":"closed","template":"","meta":{"_exactmetrics_skip_tracking":false,"_exactmetrics_sitenote_active":false,"_exactmetrics_sitenote_note":"","_exactmetrics_sitenote_category":0},"product_brand":[],"product_cat":[107],"product_tag":[],"class_list":{"0":"post-4289","1":"product","2":"type-product","3":"status-publish","4":"has-post-thumbnail","6":"product_cat-equipamentos-para-troca-de-oleo","8":"first","9":"instock","10":"shipping-taxable","11":"product-type-simple"},"_links":{"self":[{"href":"https:\/\/totallubri.com.br\/index.php?rest_route=\/wp\/v2\/product\/4289","targetHints":{"allow":["GET"]}}],"collection":[{"href":"https:\/\/totallubri.com.br\/index.php?rest_route=\/wp\/v2\/product"}],"about":[{"href":"https:\/\/totallubri.com.br\/index.php?rest_route=\/wp\/v2\/types\/product"}],"replies":[{"embeddable":true,"href":"https:\/\/totallubri.com.br\/index.php?rest_route=%2Fwp%2Fv2%2Fcomments&post=4289"}],"wp:featuredmedia":[{"embeddable":true,"href":"https:\/\/totallubri.com.br\/index.php?rest_route=\/wp\/v2\/media\/4290"}],"wp:attachment":[{"href":"https:\/\/totallubri.com.br\/index.php?rest_route=%2Fwp%2Fv2%2Fmedia&parent=4289"}],"wp:term":[{"taxonomy":"product_brand","embeddable":true,"href":"https:\/\/totallubri.com.br\/index.php?rest_route=%2Fwp%2Fv2%2Fproduct_brand&post=4289"},{"taxonomy":"product_cat","embeddable":true,"href":"https:\/\/totallubri.com.br\/index.php?rest_route=%2Fwp%2Fv2%2Fproduct_cat&post=4289"},{"taxonomy":"product_tag","embeddable":true,"href":"https:\/\/totallubri.com.br\/index.php?rest_route=%2Fwp%2Fv2%2Fproduct_tag&post=4289"}],"curies":[{"name":"wp","href":"https:\/\/api.w.org\/{rel}","templated":true}]}}