{"id":4291,"date":"2017-01-06T10:54:45","date_gmt":"2017-01-06T12:54:45","guid":{"rendered":"http:\/\/totallubri.com.br\/?post_type=product&#038;p=4291"},"modified":"2024-11-28T17:31:04","modified_gmt":"2024-11-28T20:31:04","slug":"unidade-de-succao-de-oleo-pneumatica-9803-samoa","status":"publish","type":"product","link":"https:\/\/totallubri.com.br\/?product=unidade-de-succao-de-oleo-pneumatica-9803-samoa","title":{"rendered":"Unidade de Suc\u00e7\u00e3o de \u00d3leo Pneum\u00e1tica &#8211; 9803 &#8211; Samoa"},"content":{"rendered":"<p>Sistema de esgotamento e transfer\u00eancia de \u00f3leo, adapt\u00e1vel a tambores de 200 L, com propulsora pneum\u00e1tica em alum\u00ednio e a\u00e7o inox, filtro regulador de ar, bengala e registro.<\/p>\n<p>Capacidade\u00a0<strong>200 L<br \/>\n<\/strong>Vaz\u00e3o livre\u00a0<strong>18 L\/min<\/strong><br \/>\nMangueira de suc\u00e7\u00e3o <strong>2 m\/ 1&#8243;<\/strong><\/p>\n<p>Peso\u00a0<strong>5,2 kg<\/strong><\/p>\n<p>OBS: Tambor n\u00e3o acompanha o produto.<\/p>\n","protected":false},"excerpt":{"rendered":"<p>Sistema de esgotamento e transfer\u00eancia de \u00f3leo, adapt\u00e1vel a tambores de 200 L, com propulsora pneum\u00e1tica em alum\u00ednio e a\u00e7o inox, filtro regulador de ar, bengala e registro. Capacidade\u00a0200 L Vaz\u00e3o livre\u00a018 L\/min Mangueira de suc\u00e7\u00e3o 2 m\/ 1&#8243; Peso\u00a05,2 kg OBS: Tambor n\u00e3o acompanha o produto.<\/p>\n","protected":false},"featured_media":4292,"comment_status":"open","ping_status":"closed","template":"","meta":{"_exactmetrics_skip_tracking":false,"_exactmetrics_sitenote_active":false,"_exactmetrics_sitenote_note":"","_exactmetrics_sitenote_category":0},"product_brand":[],"product_cat":[107],"product_tag":[],"class_list":{"0":"post-4291","1":"product","2":"type-product","3":"status-publish","4":"has-post-thumbnail","6":"product_cat-equipamentos-para-troca-de-oleo","8":"first","9":"instock","10":"shipping-taxable","11":"product-type-simple"},"_links":{"self":[{"href":"https:\/\/totallubri.com.br\/index.php?rest_route=\/wp\/v2\/product\/4291","targetHints":{"allow":["GET"]}}],"collection":[{"href":"https:\/\/totallubri.com.br\/index.php?rest_route=\/wp\/v2\/product"}],"about":[{"href":"https:\/\/totallubri.com.br\/index.php?rest_route=\/wp\/v2\/types\/product"}],"replies":[{"embeddable":true,"href":"https:\/\/totallubri.com.br\/index.php?rest_route=%2Fwp%2Fv2%2Fcomments&post=4291"}],"wp:featuredmedia":[{"embeddable":true,"href":"https:\/\/totallubri.com.br\/index.php?rest_route=\/wp\/v2\/media\/4292"}],"wp:attachment":[{"href":"https:\/\/totallubri.com.br\/index.php?rest_route=%2Fwp%2Fv2%2Fmedia&parent=4291"}],"wp:term":[{"taxonomy":"product_brand","embeddable":true,"href":"https:\/\/totallubri.com.br\/index.php?rest_route=%2Fwp%2Fv2%2Fproduct_brand&post=4291"},{"taxonomy":"product_cat","embeddable":true,"href":"https:\/\/totallubri.com.br\/index.php?rest_route=%2Fwp%2Fv2%2Fproduct_cat&post=4291"},{"taxonomy":"product_tag","embeddable":true,"href":"https:\/\/totallubri.com.br\/index.php?rest_route=%2Fwp%2Fv2%2Fproduct_tag&post=4291"}],"curies":[{"name":"wp","href":"https:\/\/api.w.org\/{rel}","templated":true}]}}