{"id":4293,"date":"2017-01-06T10:56:53","date_gmt":"2017-01-06T12:56:53","guid":{"rendered":"http:\/\/totallubri.com.br\/?post_type=product&#038;p=4293"},"modified":"2024-11-28T17:28:44","modified_gmt":"2024-11-28T20:28:44","slug":"unidade-de-succao-de-oleo-pneumatica-9190-ks-samoa","status":"publish","type":"product","link":"https:\/\/totallubri.com.br\/?product=unidade-de-succao-de-oleo-pneumatica-9190-ks-samoa","title":{"rendered":"Unidade de Suc\u00e7\u00e3o de \u00d3leo Pneum\u00e1tica &#8211; 9190-KS &#8211; Samoa"},"content":{"rendered":"<p>Sistema de suc\u00e7\u00e3o de \u00f3leo usado, transferindo de um reservat\u00f3rio remoto ou unidade de recolhimento, com bomba pneum\u00e1tica de duplo diafragma com membranas em hytrel e suporte para fixa\u00e7\u00e3o da bomba.<\/p>\n<p>Vaz\u00e3o livre <strong>50 L\/min<br \/>\n<\/strong>Mangueira de suc\u00e7\u00e3o<strong> 3 m \/ com engate r\u00e1pido<\/strong><br \/>\nMangueira de descarte<strong> 1,5 m \/ com conector<br \/>\n<\/strong>Mangueira para ar comprimido<br \/>\n<strong>1,5 m \/ com engate r\u00e1pido e registro<br \/>\n<\/strong>Sondas <strong>05 unidades \/ com suporte<\/strong><br \/>\nAdaptadores <strong>02 unidades<\/strong><\/p>\n","protected":false},"excerpt":{"rendered":"<p>Sistema de suc\u00e7\u00e3o de \u00f3leo usado, transferindo de um reservat\u00f3rio remoto ou unidade de recolhimento, com bomba pneum\u00e1tica de duplo diafragma com membranas em hytrel e suporte para fixa\u00e7\u00e3o da bomba. Vaz\u00e3o livre 50 L\/min Mangueira de suc\u00e7\u00e3o 3 m \/ com engate r\u00e1pido Mangueira de descarte 1,5 m \/ com conector Mangueira para ar [&hellip;]<\/p>\n","protected":false},"featured_media":4294,"comment_status":"open","ping_status":"closed","template":"","meta":{"_exactmetrics_skip_tracking":false,"_exactmetrics_sitenote_active":false,"_exactmetrics_sitenote_note":"","_exactmetrics_sitenote_category":0},"product_brand":[],"product_cat":[107],"product_tag":[],"class_list":{"0":"post-4293","1":"product","2":"type-product","3":"status-publish","4":"has-post-thumbnail","6":"product_cat-equipamentos-para-troca-de-oleo","8":"first","9":"instock","10":"shipping-taxable","11":"product-type-simple"},"_links":{"self":[{"href":"https:\/\/totallubri.com.br\/index.php?rest_route=\/wp\/v2\/product\/4293","targetHints":{"allow":["GET"]}}],"collection":[{"href":"https:\/\/totallubri.com.br\/index.php?rest_route=\/wp\/v2\/product"}],"about":[{"href":"https:\/\/totallubri.com.br\/index.php?rest_route=\/wp\/v2\/types\/product"}],"replies":[{"embeddable":true,"href":"https:\/\/totallubri.com.br\/index.php?rest_route=%2Fwp%2Fv2%2Fcomments&post=4293"}],"wp:featuredmedia":[{"embeddable":true,"href":"https:\/\/totallubri.com.br\/index.php?rest_route=\/wp\/v2\/media\/4294"}],"wp:attachment":[{"href":"https:\/\/totallubri.com.br\/index.php?rest_route=%2Fwp%2Fv2%2Fmedia&parent=4293"}],"wp:term":[{"taxonomy":"product_brand","embeddable":true,"href":"https:\/\/totallubri.com.br\/index.php?rest_route=%2Fwp%2Fv2%2Fproduct_brand&post=4293"},{"taxonomy":"product_cat","embeddable":true,"href":"https:\/\/totallubri.com.br\/index.php?rest_route=%2Fwp%2Fv2%2Fproduct_cat&post=4293"},{"taxonomy":"product_tag","embeddable":true,"href":"https:\/\/totallubri.com.br\/index.php?rest_route=%2Fwp%2Fv2%2Fproduct_tag&post=4293"}],"curies":[{"name":"wp","href":"https:\/\/api.w.org\/{rel}","templated":true}]}}