{"id":4295,"date":"2017-01-06T10:58:49","date_gmt":"2017-01-06T12:58:49","guid":{"rendered":"http:\/\/totallubri.com.br\/?post_type=product&#038;p=4295"},"modified":"2024-11-28T17:32:18","modified_gmt":"2024-11-28T20:32:18","slug":"unidade-de-succao-de-oleo-pressurizada-9190-ps-samoa","status":"publish","type":"product","link":"https:\/\/totallubri.com.br\/?product=unidade-de-succao-de-oleo-pressurizada-9190-ps-samoa","title":{"rendered":"Unidade de Suc\u00e7\u00e3o de \u00d3leo Pressurizada &#8211; 9190-PS &#8211; Samoa"},"content":{"rendered":"<p>Sistema para transfer\u00eancia de \u00f3leo usado de um reservat\u00f3rio para unidades de \u00a0recolhimento, com bomba pneum\u00e1tica de duplo diafragma com membranas em hytrel e suporte para fixa\u00e7\u00e3o da bomba.<\/p>\n<p>Vaz\u00e3o livre <strong>50 L\/min<br \/>\n<\/strong>Mangueira de suc\u00e7\u00e3o<strong> 3 m \/ com engate r\u00e1pido<\/strong><br \/>\nMangueira de descarte<strong> 1,5 m \/ com conector<br \/>\n<\/strong>Mangueira para ar comprimido<br \/>\n<strong>1,5 m \/ com engate r\u00e1pido e registro<br \/>\n<\/strong><\/p>\n<p>Peso\u00a0<strong>4,8 kg<\/strong><\/p>\n","protected":false},"excerpt":{"rendered":"<p>Sistema para transfer\u00eancia de \u00f3leo usado de um reservat\u00f3rio para unidades de \u00a0recolhimento, com bomba pneum\u00e1tica de duplo diafragma com membranas em hytrel e suporte para fixa\u00e7\u00e3o da bomba. Vaz\u00e3o livre 50 L\/min Mangueira de suc\u00e7\u00e3o 3 m \/ com engate r\u00e1pido Mangueira de descarte 1,5 m \/ com conector Mangueira para ar comprimido 1,5 [&hellip;]<\/p>\n","protected":false},"featured_media":4296,"comment_status":"open","ping_status":"closed","template":"","meta":{"_exactmetrics_skip_tracking":false,"_exactmetrics_sitenote_active":false,"_exactmetrics_sitenote_note":"","_exactmetrics_sitenote_category":0},"product_brand":[],"product_cat":[107],"product_tag":[],"class_list":{"0":"post-4295","1":"product","2":"type-product","3":"status-publish","4":"has-post-thumbnail","6":"product_cat-equipamentos-para-troca-de-oleo","8":"first","9":"instock","10":"shipping-taxable","11":"product-type-simple"},"_links":{"self":[{"href":"https:\/\/totallubri.com.br\/index.php?rest_route=\/wp\/v2\/product\/4295","targetHints":{"allow":["GET"]}}],"collection":[{"href":"https:\/\/totallubri.com.br\/index.php?rest_route=\/wp\/v2\/product"}],"about":[{"href":"https:\/\/totallubri.com.br\/index.php?rest_route=\/wp\/v2\/types\/product"}],"replies":[{"embeddable":true,"href":"https:\/\/totallubri.com.br\/index.php?rest_route=%2Fwp%2Fv2%2Fcomments&post=4295"}],"wp:featuredmedia":[{"embeddable":true,"href":"https:\/\/totallubri.com.br\/index.php?rest_route=\/wp\/v2\/media\/4296"}],"wp:attachment":[{"href":"https:\/\/totallubri.com.br\/index.php?rest_route=%2Fwp%2Fv2%2Fmedia&parent=4295"}],"wp:term":[{"taxonomy":"product_brand","embeddable":true,"href":"https:\/\/totallubri.com.br\/index.php?rest_route=%2Fwp%2Fv2%2Fproduct_brand&post=4295"},{"taxonomy":"product_cat","embeddable":true,"href":"https:\/\/totallubri.com.br\/index.php?rest_route=%2Fwp%2Fv2%2Fproduct_cat&post=4295"},{"taxonomy":"product_tag","embeddable":true,"href":"https:\/\/totallubri.com.br\/index.php?rest_route=%2Fwp%2Fv2%2Fproduct_tag&post=4295"}],"curies":[{"name":"wp","href":"https:\/\/api.w.org\/{rel}","templated":true}]}}