{"id":4297,"date":"2017-01-06T11:00:23","date_gmt":"2017-01-06T13:00:23","guid":{"rendered":"http:\/\/totallubri.com.br\/?post_type=product&#038;p=4297"},"modified":"2024-11-28T17:27:02","modified_gmt":"2024-11-28T20:27:02","slug":"unidade-de-succao-de-oleo-eletrica-9800-v-piusi","status":"publish","type":"product","link":"https:\/\/totallubri.com.br\/?product=unidade-de-succao-de-oleo-eletrica-9800-v-piusi","title":{"rendered":"Unidade de Suc\u00e7\u00e3o de \u00d3leo El\u00e9trica \u2013 9800-V \u2013 Piusi"},"content":{"rendered":"<p>Em chapa de a\u00e7o e polipropileno, sistema de aspira\u00e7\u00e3o e impuls\u00e3o de \u00f3leo para dep\u00f3sito de armazenamento remoto.<\/p>\n<p>Vaz\u00e3o livre <strong>10 L\/min<br \/>\n<\/strong>Entrada e sa\u00edda<strong> 1\/2&#8243;<br \/>\n<\/strong>Alimenta\u00e7\u00e3o<strong> 220 V<br \/>\n<\/strong>Sondas<strong> 05 unidades\/ com suporte<br \/>\n<\/strong>Adaptadores<strong> 02 unidades<br \/>\n<\/strong>Mangueira de suc\u00e7\u00e3o<strong>\u00a02 m <\/strong><\/p>\n<p>Peso\u00a0<strong>10 kg<br \/>\n<\/strong>Medidas <strong>(A) 250 mm x (L) 220 mm<\/strong><\/p>\n","protected":false},"excerpt":{"rendered":"<p>Em chapa de a\u00e7o e polipropileno, sistema de aspira\u00e7\u00e3o e impuls\u00e3o de \u00f3leo para dep\u00f3sito de armazenamento remoto. Vaz\u00e3o livre 10 L\/min Entrada e sa\u00edda 1\/2&#8243; Alimenta\u00e7\u00e3o 220 V Sondas 05 unidades\/ com suporte Adaptadores 02 unidades Mangueira de suc\u00e7\u00e3o\u00a02 m Peso\u00a010 kg Medidas (A) 250 mm x (L) 220 mm<\/p>\n","protected":false},"featured_media":4298,"comment_status":"open","ping_status":"closed","template":"","meta":{"_exactmetrics_skip_tracking":false,"_exactmetrics_sitenote_active":false,"_exactmetrics_sitenote_note":"","_exactmetrics_sitenote_category":0},"product_brand":[],"product_cat":[107],"product_tag":[],"class_list":{"0":"post-4297","1":"product","2":"type-product","3":"status-publish","4":"has-post-thumbnail","6":"product_cat-equipamentos-para-troca-de-oleo","8":"first","9":"instock","10":"shipping-taxable","11":"product-type-simple"},"_links":{"self":[{"href":"https:\/\/totallubri.com.br\/index.php?rest_route=\/wp\/v2\/product\/4297","targetHints":{"allow":["GET"]}}],"collection":[{"href":"https:\/\/totallubri.com.br\/index.php?rest_route=\/wp\/v2\/product"}],"about":[{"href":"https:\/\/totallubri.com.br\/index.php?rest_route=\/wp\/v2\/types\/product"}],"replies":[{"embeddable":true,"href":"https:\/\/totallubri.com.br\/index.php?rest_route=%2Fwp%2Fv2%2Fcomments&post=4297"}],"wp:featuredmedia":[{"embeddable":true,"href":"https:\/\/totallubri.com.br\/index.php?rest_route=\/wp\/v2\/media\/4298"}],"wp:attachment":[{"href":"https:\/\/totallubri.com.br\/index.php?rest_route=%2Fwp%2Fv2%2Fmedia&parent=4297"}],"wp:term":[{"taxonomy":"product_brand","embeddable":true,"href":"https:\/\/totallubri.com.br\/index.php?rest_route=%2Fwp%2Fv2%2Fproduct_brand&post=4297"},{"taxonomy":"product_cat","embeddable":true,"href":"https:\/\/totallubri.com.br\/index.php?rest_route=%2Fwp%2Fv2%2Fproduct_cat&post=4297"},{"taxonomy":"product_tag","embeddable":true,"href":"https:\/\/totallubri.com.br\/index.php?rest_route=%2Fwp%2Fv2%2Fproduct_tag&post=4297"}],"curies":[{"name":"wp","href":"https:\/\/api.w.org\/{rel}","templated":true}]}}