{"id":4301,"date":"2017-01-06T11:04:00","date_gmt":"2017-01-06T13:04:00","guid":{"rendered":"http:\/\/totallubri.com.br\/?post_type=product&#038;p=4301"},"modified":"2024-12-19T15:06:06","modified_gmt":"2024-12-19T18:06:06","slug":"portico-para-carreteis-3000-s3-samoa","status":"publish","type":"product","link":"https:\/\/totallubri.com.br\/?product=portico-para-carreteis-3000-s3-samoa","title":{"rendered":"P\u00f3rtico para Carret\u00e9is &#8211; 3000-S3 &#8211; Samoa"},"content":{"rendered":"<div class=\"cont_produto\">\n<p>Em a\u00e7o, com bandeja ecol\u00f3gica antigotejante.<\/p>\n<p>Capacidade de montagem <strong>03 carret\u00e9is<\/strong><\/p>\n<p>Peso <strong>122 kg<br \/>\n<\/strong>Medidas <strong>(A) 2400 mm x (L) 1300 x (C) 310 mm<br \/>\n<\/strong><\/p>\n<\/div>\n<div><\/div>\n","protected":false},"excerpt":{"rendered":"<p>Em a\u00e7o, com bandeja ecol\u00f3gica antigotejante. Capacidade de montagem 03 carret\u00e9is Peso 122 kg Medidas (A) 2400 mm x (L) 1300 x (C) 310 mm<\/p>\n","protected":false},"featured_media":4303,"comment_status":"open","ping_status":"closed","template":"","meta":{"_exactmetrics_skip_tracking":false,"_exactmetrics_sitenote_active":false,"_exactmetrics_sitenote_note":"","_exactmetrics_sitenote_category":0},"product_brand":[],"product_cat":[101,100],"product_tag":[],"class_list":{"0":"post-4301","1":"product","2":"type-product","3":"status-publish","4":"has-post-thumbnail","6":"product_cat-carreteis-samoa-e-coxreels","7":"product_cat-carretel-retratil","9":"first","10":"instock","11":"shipping-taxable","12":"product-type-simple"},"_links":{"self":[{"href":"https:\/\/totallubri.com.br\/index.php?rest_route=\/wp\/v2\/product\/4301","targetHints":{"allow":["GET"]}}],"collection":[{"href":"https:\/\/totallubri.com.br\/index.php?rest_route=\/wp\/v2\/product"}],"about":[{"href":"https:\/\/totallubri.com.br\/index.php?rest_route=\/wp\/v2\/types\/product"}],"replies":[{"embeddable":true,"href":"https:\/\/totallubri.com.br\/index.php?rest_route=%2Fwp%2Fv2%2Fcomments&post=4301"}],"wp:featuredmedia":[{"embeddable":true,"href":"https:\/\/totallubri.com.br\/index.php?rest_route=\/wp\/v2\/media\/4303"}],"wp:attachment":[{"href":"https:\/\/totallubri.com.br\/index.php?rest_route=%2Fwp%2Fv2%2Fmedia&parent=4301"}],"wp:term":[{"taxonomy":"product_brand","embeddable":true,"href":"https:\/\/totallubri.com.br\/index.php?rest_route=%2Fwp%2Fv2%2Fproduct_brand&post=4301"},{"taxonomy":"product_cat","embeddable":true,"href":"https:\/\/totallubri.com.br\/index.php?rest_route=%2Fwp%2Fv2%2Fproduct_cat&post=4301"},{"taxonomy":"product_tag","embeddable":true,"href":"https:\/\/totallubri.com.br\/index.php?rest_route=%2Fwp%2Fv2%2Fproduct_tag&post=4301"}],"curies":[{"name":"wp","href":"https:\/\/api.w.org\/{rel}","templated":true}]}}