{"id":4304,"date":"2017-01-06T11:06:57","date_gmt":"2017-01-06T13:06:57","guid":{"rendered":"http:\/\/totallubri.com.br\/?post_type=product&#038;p=4304"},"modified":"2024-12-19T15:04:31","modified_gmt":"2024-12-19T18:04:31","slug":"portico-para-carreteis-3000-s6-samoa","status":"publish","type":"product","link":"https:\/\/totallubri.com.br\/?product=portico-para-carreteis-3000-s6-samoa","title":{"rendered":"P\u00f3rtico para Carret\u00e9is &#8211; 3000-S6 &#8211; Samoa"},"content":{"rendered":"<p>Em a\u00e7o, com bandeja ecol\u00f3gica antigotejante com porta-papel rolo, 02 gavetas para ferramentas e lixeira.<\/p>\n<p>Capacidade de montagem <strong>06 carret\u00e9is<\/strong><\/p>\n<p>Peso\u00a0<strong>240 kg<br \/>\n<\/strong>Medidas <strong>(A) 2500 mm x (L) 1640 x (C) 700 mm<\/strong><\/p>\n","protected":false},"excerpt":{"rendered":"<p>Em a\u00e7o, com bandeja ecol\u00f3gica antigotejante com porta-papel rolo, 02 gavetas para ferramentas e lixeira. Capacidade de montagem 06 carret\u00e9is Peso\u00a0240 kg Medidas (A) 2500 mm x (L) 1640 x (C) 700 mm<\/p>\n","protected":false},"featured_media":4302,"comment_status":"open","ping_status":"closed","template":"","meta":{"_exactmetrics_skip_tracking":false,"_exactmetrics_sitenote_active":false,"_exactmetrics_sitenote_note":"","_exactmetrics_sitenote_category":0},"product_brand":[],"product_cat":[101,100],"product_tag":[],"class_list":{"0":"post-4304","1":"product","2":"type-product","3":"status-publish","4":"has-post-thumbnail","6":"product_cat-carreteis-samoa-e-coxreels","7":"product_cat-carretel-retratil","9":"first","10":"instock","11":"shipping-taxable","12":"product-type-simple"},"_links":{"self":[{"href":"https:\/\/totallubri.com.br\/index.php?rest_route=\/wp\/v2\/product\/4304","targetHints":{"allow":["GET"]}}],"collection":[{"href":"https:\/\/totallubri.com.br\/index.php?rest_route=\/wp\/v2\/product"}],"about":[{"href":"https:\/\/totallubri.com.br\/index.php?rest_route=\/wp\/v2\/types\/product"}],"replies":[{"embeddable":true,"href":"https:\/\/totallubri.com.br\/index.php?rest_route=%2Fwp%2Fv2%2Fcomments&post=4304"}],"wp:featuredmedia":[{"embeddable":true,"href":"https:\/\/totallubri.com.br\/index.php?rest_route=\/wp\/v2\/media\/4302"}],"wp:attachment":[{"href":"https:\/\/totallubri.com.br\/index.php?rest_route=%2Fwp%2Fv2%2Fmedia&parent=4304"}],"wp:term":[{"taxonomy":"product_brand","embeddable":true,"href":"https:\/\/totallubri.com.br\/index.php?rest_route=%2Fwp%2Fv2%2Fproduct_brand&post=4304"},{"taxonomy":"product_cat","embeddable":true,"href":"https:\/\/totallubri.com.br\/index.php?rest_route=%2Fwp%2Fv2%2Fproduct_cat&post=4304"},{"taxonomy":"product_tag","embeddable":true,"href":"https:\/\/totallubri.com.br\/index.php?rest_route=%2Fwp%2Fv2%2Fproduct_tag&post=4304"}],"curies":[{"name":"wp","href":"https:\/\/api.w.org\/{rel}","templated":true}]}}