{"id":4305,"date":"2017-01-06T11:08:46","date_gmt":"2017-01-06T13:08:46","guid":{"rendered":"http:\/\/totallubri.com.br\/?post_type=product&#038;p=4305"},"modified":"2024-12-22T14:50:59","modified_gmt":"2024-12-22T17:50:59","slug":"suporte-para-carreteis-3000-sm-samoa","status":"publish","type":"product","link":"https:\/\/totallubri.com.br\/?product=suporte-para-carreteis-3000-sm-samoa","title":{"rendered":"Suporte para Carret\u00e9is &#8211; 3000-SM &#8211; Lupus"},"content":{"rendered":"<p>Em a\u00e7o, com 04 chumbadores, para carret\u00e9is de retra\u00e7\u00e3o autom\u00e1tica, para fixa\u00e7\u00e3o no solo.<\/p>\n<p>Modelos de carret\u00e9is<br \/>\n<strong>3002\/ 3003\/ 3004\/ 3005<br \/>\n3006\/ 3007\/ 3010\/ 3011<br \/>\n3023\/ 3024\/ 3025\/ 3026<br \/>\n<\/strong><br \/>\nPeso <strong>20 kg<br \/>\n<\/strong>Medidas <strong>(A) 2280 mm x (L) 235 mm x (C) 250 mm<\/strong><\/p>\n","protected":false},"excerpt":{"rendered":"<p>Em a\u00e7o, com 04 chumbadores, para carret\u00e9is de retra\u00e7\u00e3o autom\u00e1tica, para fixa\u00e7\u00e3o no solo. Modelos de carret\u00e9is 3002\/ 3003\/ 3004\/ 3005 3006\/ 3007\/ 3010\/ 3011 3023\/ 3024\/ 3025\/ 3026 Peso 20 kg Medidas (A) 2280 mm x (L) 235 mm x (C) 250 mm<\/p>\n","protected":false},"featured_media":4306,"comment_status":"open","ping_status":"closed","template":"","meta":{"_exactmetrics_skip_tracking":false,"_exactmetrics_sitenote_active":false,"_exactmetrics_sitenote_note":"","_exactmetrics_sitenote_category":0},"product_brand":[],"product_cat":[100],"product_tag":[],"class_list":{"0":"post-4305","1":"product","2":"type-product","3":"status-publish","4":"has-post-thumbnail","6":"product_cat-carretel-retratil","8":"first","9":"instock","10":"shipping-taxable","11":"product-type-simple"},"_links":{"self":[{"href":"https:\/\/totallubri.com.br\/index.php?rest_route=\/wp\/v2\/product\/4305","targetHints":{"allow":["GET"]}}],"collection":[{"href":"https:\/\/totallubri.com.br\/index.php?rest_route=\/wp\/v2\/product"}],"about":[{"href":"https:\/\/totallubri.com.br\/index.php?rest_route=\/wp\/v2\/types\/product"}],"replies":[{"embeddable":true,"href":"https:\/\/totallubri.com.br\/index.php?rest_route=%2Fwp%2Fv2%2Fcomments&post=4305"}],"wp:featuredmedia":[{"embeddable":true,"href":"https:\/\/totallubri.com.br\/index.php?rest_route=\/wp\/v2\/media\/4306"}],"wp:attachment":[{"href":"https:\/\/totallubri.com.br\/index.php?rest_route=%2Fwp%2Fv2%2Fmedia&parent=4305"}],"wp:term":[{"taxonomy":"product_brand","embeddable":true,"href":"https:\/\/totallubri.com.br\/index.php?rest_route=%2Fwp%2Fv2%2Fproduct_brand&post=4305"},{"taxonomy":"product_cat","embeddable":true,"href":"https:\/\/totallubri.com.br\/index.php?rest_route=%2Fwp%2Fv2%2Fproduct_cat&post=4305"},{"taxonomy":"product_tag","embeddable":true,"href":"https:\/\/totallubri.com.br\/index.php?rest_route=%2Fwp%2Fv2%2Fproduct_tag&post=4305"}],"curies":[{"name":"wp","href":"https:\/\/api.w.org\/{rel}","templated":true}]}}