{"id":4309,"date":"2017-01-06T11:13:47","date_gmt":"2017-01-06T13:13:47","guid":{"rendered":"http:\/\/totallubri.com.br\/?post_type=product&#038;p=4309"},"modified":"2024-12-22T14:48:26","modified_gmt":"2024-12-22T17:48:26","slug":"suporte-para-carretel-3000-sg-samoa","status":"publish","type":"product","link":"https:\/\/totallubri.com.br\/?product=suporte-para-carretel-3000-sg-samoa","title":{"rendered":"Suporte para Carretel &#8211; 3000-SG &#8211; Lupus"},"content":{"rendered":"<p>Em a\u00e7o, girat\u00f3rio,\u00a0para carret\u00e9is com retra\u00e7\u00e3o autom\u00e1tica.<\/p>\n<p>Peso<strong>\u00a02 kg<\/strong><br \/>\nMedidas <strong>(A)\u00a0250 mm x (L)\u00a0190 mm<\/strong><\/p>\n","protected":false},"excerpt":{"rendered":"<p>Em a\u00e7o, girat\u00f3rio,\u00a0para carret\u00e9is com retra\u00e7\u00e3o autom\u00e1tica. Peso\u00a02 kg Medidas (A)\u00a0250 mm x (L)\u00a0190 mm<\/p>\n","protected":false},"featured_media":4310,"comment_status":"open","ping_status":"closed","template":"","meta":{"_exactmetrics_skip_tracking":false,"_exactmetrics_sitenote_active":false,"_exactmetrics_sitenote_note":"","_exactmetrics_sitenote_category":0},"product_brand":[],"product_cat":[100],"product_tag":[],"class_list":{"0":"post-4309","1":"product","2":"type-product","3":"status-publish","4":"has-post-thumbnail","6":"product_cat-carretel-retratil","8":"first","9":"instock","10":"shipping-taxable","11":"product-type-simple"},"_links":{"self":[{"href":"https:\/\/totallubri.com.br\/index.php?rest_route=\/wp\/v2\/product\/4309","targetHints":{"allow":["GET"]}}],"collection":[{"href":"https:\/\/totallubri.com.br\/index.php?rest_route=\/wp\/v2\/product"}],"about":[{"href":"https:\/\/totallubri.com.br\/index.php?rest_route=\/wp\/v2\/types\/product"}],"replies":[{"embeddable":true,"href":"https:\/\/totallubri.com.br\/index.php?rest_route=%2Fwp%2Fv2%2Fcomments&post=4309"}],"wp:featuredmedia":[{"embeddable":true,"href":"https:\/\/totallubri.com.br\/index.php?rest_route=\/wp\/v2\/media\/4310"}],"wp:attachment":[{"href":"https:\/\/totallubri.com.br\/index.php?rest_route=%2Fwp%2Fv2%2Fmedia&parent=4309"}],"wp:term":[{"taxonomy":"product_brand","embeddable":true,"href":"https:\/\/totallubri.com.br\/index.php?rest_route=%2Fwp%2Fv2%2Fproduct_brand&post=4309"},{"taxonomy":"product_cat","embeddable":true,"href":"https:\/\/totallubri.com.br\/index.php?rest_route=%2Fwp%2Fv2%2Fproduct_cat&post=4309"},{"taxonomy":"product_tag","embeddable":true,"href":"https:\/\/totallubri.com.br\/index.php?rest_route=%2Fwp%2Fv2%2Fproduct_tag&post=4309"}],"curies":[{"name":"wp","href":"https:\/\/api.w.org\/{rel}","templated":true}]}}