{"id":4315,"date":"2017-01-06T11:24:25","date_gmt":"2017-01-06T13:24:25","guid":{"rendered":"http:\/\/totallubri.com.br\/?post_type=product&#038;p=4315"},"modified":"2025-03-18T12:08:20","modified_gmt":"2025-03-18T15:08:20","slug":"mangueira-hidraulica-8100-lupus","status":"publish","type":"product","link":"https:\/\/totallubri.com.br\/?product=mangueira-hidraulica-8100-lupus","title":{"rendered":"Mangueira Hidr\u00e1ulica \u2013 8100 \u2013 Lupus"},"content":{"rendered":"<h2>Descri\u00e7\u00e3o<\/h2>\n<p>Acompanha terminais mangueiras \u00d8 1\/2\u201d 1 trama SAE 100R1.<\/p>\n<h2>Informa\u00e7\u00e3o adicional<\/h2>\n<table class=\"woocommerce-product-attributes shop_attributes\">\n<tbody>\n<tr class=\"woocommerce-product-attributes-item woocommerce-product-attributes-item--attribute_pa_terminais\">\n<th class=\"woocommerce-product-attributes-item__label\">Terminais<\/th>\n<td class=\"woocommerce-product-attributes-item__value\">\u00d8 1\/2\u201d NPT \/ macho \/ reto \/ fixo<\/td>\n<\/tr>\n<tr class=\"woocommerce-product-attributes-item woocommerce-product-attributes-item--attribute_pa_pressao-de-trabalho\">\n<th class=\"woocommerce-product-attributes-item__label\">Press\u00e3o de trabalho<\/th>\n<td class=\"woocommerce-product-attributes-item__value\">2.000 psi<\/td>\n<\/tr>\n<tr class=\"woocommerce-product-attributes-item woocommerce-product-attributes-item--attribute_pa_comprimento-linear\">\n<th class=\"woocommerce-product-attributes-item__label\">Comprimento linear<\/th>\n<td class=\"woocommerce-product-attributes-item__value\">5 m<\/td>\n<\/tr>\n<\/tbody>\n<\/table>\n<p>Peso: 2,4 Kg<\/p>\n<p>+ DETALHES SOBRE ESTE PRODUTO:<\/p>\n<table width=\"938\">\n<tbody>\n<tr>\n<td width=\"96\"><\/td>\n<td width=\"249\"><\/td>\n<td width=\"120\">\u00a0COMP.<\/td>\n<td width=\"87\"><\/td>\n<td width=\"386\"><\/td>\n<\/tr>\n<tr>\n<td>CODIGO<\/td>\n<td>\u00a0DESCRI\u00c7\u00c3O<\/td>\n<td>\u00a0LINEAR<\/td>\n<td>\u00a0PRESSAO<\/td>\n<td>\u00a0TERMINAIS<\/td>\n<\/tr>\n<tr>\n<td>8100<\/td>\n<td>\u00a0MANGUEIRA HIDRAULICA<\/td>\n<td>5<\/td>\n<td>2000PSI<\/td>\n<td>\u00d8 1\/2\u201d NPT \/ macho \/ reto \/ fixo<\/td>\n<\/tr>\n<tr>\n<td>8101<\/td>\n<td>\u00a0MANGUEIRA HIDRAULICA<\/td>\n<td>10<\/td>\n<td>2000PSI<\/td>\n<td>\u00d8 1\/2\u201d NPT \/ macho \/ reto \/ fixo<\/td>\n<\/tr>\n<tr>\n<td>8102<\/td>\n<td>\u00a0MANGUEIRA HIDRAULICA<\/td>\n<td width=\"120\">15<\/td>\n<td>2000PSI<\/td>\n<td>\u00d8 1\/2\u201d NPT \/ macho \/ reto \/ fixo<\/td>\n<\/tr>\n<tr>\n<td>8103<\/td>\n<td>\u00a0MANGUEIRA HIDRAULICA<\/td>\n<td width=\"120\">20<\/td>\n<td>2000PSI<\/td>\n<td>\u00d8 1\/2\u201d NPT \/ macho \/ reto \/ fixo<\/td>\n<\/tr>\n<tr>\n<td>8104<\/td>\n<td>\u00a0MANGUEIRA HIDRAULICA<\/td>\n<td width=\"120\">3<\/td>\n<td>2000PSI<\/td>\n<td>\u00d8 1\/2\u201d NPT \/ macho \/ reto \/ fixo<\/td>\n<\/tr>\n<tr>\n<td>8107<\/td>\n<td>\u00a0MANGUEIRA HIDRAULICA<\/td>\n<td width=\"120\">30<\/td>\n<td>2000PSI<\/td>\n<td>\u00d8 1\/2\u201d NPT \/ macho \/ reto \/ fixo<\/td>\n<\/tr>\n<tr>\n<td>8109<\/td>\n<td>\u00a0MANGUEIRA HIDRAULICA<\/td>\n<td width=\"120\">25<\/td>\n<td>2000PSI<\/td>\n<td>\u00d8 1\/2\u201d NPT \/ macho \/ reto \/ fixo<\/td>\n<\/tr>\n<\/tbody>\n<\/table>\n","protected":false},"excerpt":{"rendered":"<p>Descri\u00e7\u00e3o Acompanha terminais mangueiras \u00d8 1\/2\u201d 1 trama SAE 100R1. Informa\u00e7\u00e3o adicional Terminais \u00d8 1\/2\u201d NPT \/ macho \/ reto \/ fixo Press\u00e3o de trabalho 2.000 psi Comprimento linear 5 m Peso: 2,4 Kg + DETALHES SOBRE ESTE PRODUTO: \u00a0COMP. CODIGO \u00a0DESCRI\u00c7\u00c3O \u00a0LINEAR \u00a0PRESSAO \u00a0TERMINAIS 8100 \u00a0MANGUEIRA HIDRAULICA 5 2000PSI \u00d8 1\/2\u201d NPT \/ macho [&hellip;]<\/p>\n","protected":false},"featured_media":4316,"comment_status":"open","ping_status":"closed","template":"","meta":{"_exactmetrics_skip_tracking":false,"_exactmetrics_sitenote_active":false,"_exactmetrics_sitenote_note":"","_exactmetrics_sitenote_category":0},"product_brand":[],"product_cat":[97],"product_tag":[],"class_list":{"0":"post-4315","1":"product","2":"type-product","3":"status-publish","4":"has-post-thumbnail","6":"product_cat-mangueiras-terminais-e-acessorios-para-mangueiras","8":"first","9":"instock","10":"shipping-taxable","11":"product-type-simple"},"_links":{"self":[{"href":"https:\/\/totallubri.com.br\/index.php?rest_route=\/wp\/v2\/product\/4315","targetHints":{"allow":["GET"]}}],"collection":[{"href":"https:\/\/totallubri.com.br\/index.php?rest_route=\/wp\/v2\/product"}],"about":[{"href":"https:\/\/totallubri.com.br\/index.php?rest_route=\/wp\/v2\/types\/product"}],"replies":[{"embeddable":true,"href":"https:\/\/totallubri.com.br\/index.php?rest_route=%2Fwp%2Fv2%2Fcomments&post=4315"}],"wp:featuredmedia":[{"embeddable":true,"href":"https:\/\/totallubri.com.br\/index.php?rest_route=\/wp\/v2\/media\/4316"}],"wp:attachment":[{"href":"https:\/\/totallubri.com.br\/index.php?rest_route=%2Fwp%2Fv2%2Fmedia&parent=4315"}],"wp:term":[{"taxonomy":"product_brand","embeddable":true,"href":"https:\/\/totallubri.com.br\/index.php?rest_route=%2Fwp%2Fv2%2Fproduct_brand&post=4315"},{"taxonomy":"product_cat","embeddable":true,"href":"https:\/\/totallubri.com.br\/index.php?rest_route=%2Fwp%2Fv2%2Fproduct_cat&post=4315"},{"taxonomy":"product_tag","embeddable":true,"href":"https:\/\/totallubri.com.br\/index.php?rest_route=%2Fwp%2Fv2%2Fproduct_tag&post=4315"}],"curies":[{"name":"wp","href":"https:\/\/api.w.org\/{rel}","templated":true}]}}