{"id":4325,"date":"2017-01-06T11:38:20","date_gmt":"2017-01-06T13:38:20","guid":{"rendered":"http:\/\/totallubri.com.br\/?post_type=product&#038;p=4325"},"modified":"2025-03-17T11:52:08","modified_gmt":"2025-03-17T14:52:08","slug":"mangote-hidraulico-completo-8105-lupus","status":"publish","type":"product","link":"https:\/\/totallubri.com.br\/?product=mangote-hidraulico-completo-8105-lupus","title":{"rendered":"Mangote Hidr\u00e1ulico Completo \u2013 8105 \u2013 Lupus"},"content":{"rendered":"<div class=\"cont_produto\">\n<p>Acompanha terminais\u00a0e adaptador\u00a0\u00a0para mangueiras 1\/2&#8243; 1 trama SAE 100R1.<\/p>\n<p>Informa\u00e7\u00e3o adicional:<\/p>\n<table class=\"woocommerce-product-attributes shop_attributes\">\n<tbody>\n<tr class=\"woocommerce-product-attributes-item woocommerce-product-attributes-item--attribute_pa_comprimento-linear\">\n<th class=\"woocommerce-product-attributes-item__label\">Comprimento linear<\/th>\n<td class=\"woocommerce-product-attributes-item__value\">1 m<\/td>\n<\/tr>\n<tr class=\"woocommerce-product-attributes-item woocommerce-product-attributes-item--attribute_pa_pressao-de-trabalho\">\n<th class=\"woocommerce-product-attributes-item__label\">Press\u00e3o de trabalho<\/th>\n<td class=\"woocommerce-product-attributes-item__value\">2.000 psi<\/td>\n<\/tr>\n<tr class=\"woocommerce-product-attributes-item woocommerce-product-attributes-item--attribute_pa_terminais\">\n<th class=\"woocommerce-product-attributes-item__label\">Terminais<\/th>\n<td class=\"woocommerce-product-attributes-item__value\">\u00d8 1\/2&#8243; NPT \/ macho \/ reto \/ fixo, \u00d8 3\/4&#8243; UNF \/ f\u00eamea\/ girat\u00f3ria<\/td>\n<\/tr>\n<tr class=\"woocommerce-product-attributes-item woocommerce-product-attributes-item--attribute_pa_adaptador\">\n<th class=\"woocommerce-product-attributes-item__label\">Adaptador<\/th>\n<td class=\"woocommerce-product-attributes-item__value\">\u00d8 3\/4&#8243; UNF macho x JIC \u00d8 1\/2&#8243; NPT<\/td>\n<\/tr>\n<tr class=\"woocommerce-product-attributes-item woocommerce-product-attributes-item--attribute_pa_para-carreteis\">\n<th class=\"woocommerce-product-attributes-item__label\">Para carreteis<\/th>\n<td class=\"woocommerce-product-attributes-item__value\">3002 \/ 3004 \/ 3007<\/td>\n<\/tr>\n<\/tbody>\n<\/table>\n<p>+ DETALHES SOBRE ESTES PRODUTOS:<\/p>\n<table width=\"1165\">\n<tbody>\n<tr>\n<td width=\"68\"><\/td>\n<td width=\"458\"><\/td>\n<td width=\"109\">\u00a0COMPRIMENTO<\/td>\n<td width=\"87\"><\/td>\n<td width=\"443\"><\/td>\n<\/tr>\n<tr>\n<td>CODIGO<\/td>\n<td>\u00a0DESCRI\u00c7\u00c3O<\/td>\n<td>\u00a0LINEAR<\/td>\n<td>\u00a0PRESSAO<\/td>\n<td>\u00a0TERMINAIS<\/td>\n<\/tr>\n<tr>\n<td>8105<\/td>\n<td>\u00a0MANGOTE HIDRAULICO COMPL.8105-LUPUS P\/CARRETEIS 3002\/3004\/3007<\/td>\n<td>1<\/td>\n<td>2000PSI<\/td>\n<td>\u00d8 1\/2&#8243; NPT \/ macho \/ reto \/ fixo, \u00d8 3\/4&#8243; UNF \/ f\u00eamea\/ girat\u00f3ria<\/td>\n<\/tr>\n<tr>\n<td>8106<\/td>\n<td>\u00a0MANGOTE HIDRAULICO COMPL.8106-LUPUS P\/CARRETEIS 3002\/3004\/3007<\/td>\n<td>2<\/td>\n<td>2000PSI<\/td>\n<td width=\"443\">\u00d8 1\/2&#8243; NPT \/ f\u00eamea\/ girat\u00f3ria, \u00d8 3\/4&#8243; UNF \/ f\u00eamea\/ girat\u00f3ria<\/td>\n<\/tr>\n<tr>\n<td>8108<\/td>\n<td>\u00a0MANGOTE HIDRAULICO COMPL.8108 -LUPUS P\/CARRETEIS 3002\/3004\/3007<\/td>\n<td width=\"109\">1,5<\/td>\n<td>2000PSI<\/td>\n<td>\u00d8 1\/2&#8243; NPT \/ f\u00eamea\/ girat\u00f3ria, \u00d8 1\/2&#8243; NPT \/ macho \/ reto \/ fixo<\/td>\n<\/tr>\n<tr>\n<td>8301<\/td>\n<td>\u00a0MANGOTE HIDRAULICO COMPL.8301-LUPUS P\/CARRETEIS 3002\/3004\/3007<\/td>\n<td width=\"109\">1,5<\/td>\n<td>2000PSI<\/td>\n<td>\u00d8 3\/4&#8243; NPT \/ f\u00eamea \/ girat\u00f3ria, \u00d8 3\/4&#8243; NPT \/ macho \/ reto \/ fixo<\/td>\n<\/tr>\n<tr>\n<td>8302<\/td>\n<td>\u00a0MANGOTE HIDRAULICO COMPL.8302 LUPUS P\/CARRETEIS 3002\/3004\/3007<\/td>\n<td width=\"109\">1,5<\/td>\n<td>2000PSI<\/td>\n<td>1&#8243; NPT \/ f\u00eamea\/ girat\u00f3rio\/ boleado<\/td>\n<\/tr>\n<tr>\n<td>8305<\/td>\n<td>\u00a0MANGOTE HIDRAULICO COMPL.8305 LUPUS P\/CARRETEIS 3002\/3004\/3007<\/td>\n<td width=\"109\">1,5<\/td>\n<td>2000PSI<\/td>\n<td>\u00d8 1.1\/2&#8243; NPT \/ f\u00eamea \/ girat\u00f3ria, \u00d8 1.1\/2&#8243; NPT \/ macho \/ reto \/ fixo<\/td>\n<\/tr>\n<tr>\n<td>8105-C<\/td>\n<td>\u00a0MANGOTE HIDRAULICO COMPLETO-8105-C -LUPUS P\/CARRETEIS 3023\/3025<\/td>\n<td>1<\/td>\n<td>2000PSI<\/td>\n<td width=\"443\">\u00d8 1\/2&#8243; NPT \/ f\u00eamea, \u00d8 1\/2&#8243; NPT \/ macho \/ reto \/ fixo<\/td>\n<\/tr>\n<tr>\n<td>8106-C<\/td>\n<td>\u00a0MANGOTE HIDRAULICO COMPLETO &#8211; 8106-C -LUPUS P\/CARRETEIS 3023\/3025<\/td>\n<td>2<\/td>\n<td>2000PSI<\/td>\n<td>\u00d8 1\/2&#8243; NPT \/ macho \/ reto \/ fixo, \u00d8 3\/4&#8243; UNF \/ f\u00eamea \/ girat\u00f3ria curva<\/td>\n<\/tr>\n<tr>\n<td>8108-C<\/td>\n<td>\u00a0MANGOTE HIDRAULICO COMPLETO \u2013 LUPUS P\/CARRETEIS 3023\/3025<\/td>\n<td width=\"109\">1,5<\/td>\n<td>2000PSI<\/td>\n<td>\u00d8 1\/2&#8243; NPT \/ f\u00eamea \/ girat\u00f3ria curva, \u00d8 1\/2&#8243; NPT \/ macho \/ reto \/ fixo<\/td>\n<\/tr>\n<tr>\n<td>8301-C<\/td>\n<td>\u00a0MANGOTE HIDRAULICO COMPLETO \u2013 LUPUS P\/CARRETEIS 3023\/3025<\/td>\n<td>1,5<\/td>\n<td>2000PSI<\/td>\n<td>\u00d8 1.1\/16&#8243; JIC NPT \/ f\u00eamea \/ girat\u00f3ria \/ curva, \u00d8 3\/4&#8243; NPT \/ macho \/ reto \/ fixo<\/td>\n<\/tr>\n<tr>\n<td>8301-C<\/td>\n<td>\u00a0MANGOTE HIDRAULICO COMPL.8301-C LUPUS P\/CARRETEIS 3023\/3025<\/td>\n<td width=\"109\">1,5<\/td>\n<td>2000PSI<\/td>\n<td>\u00d8 1.1\/16&#8243; JIC NPT \/ f\u00eamea \/ girat\u00f3ria \/ curva, \u00d8 3\/4&#8243; NPT \/ macho \/ reto \/ fixo<\/td>\n<\/tr>\n<tr>\n<td>8302-c<\/td>\n<td>\u00a0MANGOTE HIDRAULICO COMPLETO \u2013 LUPUS P\/CARRETEIS 3023\/3025<\/td>\n<td>1,5<\/td>\n<td>2000PSI<\/td>\n<td>\u00d8 1&#8243; JIC NPT \/ f\u00eamea \/ girat\u00f3ria curva, \u00d8 1&#8243; NPT \/ macho \/ reto \/ fixo<\/td>\n<\/tr>\n<tr>\n<td>8302-C<\/td>\n<td>\u00a0MANGOTE HIDRAULICO COMPL.8302-C LUPUS P\/CARRETEIS 3023\/3025<\/td>\n<td width=\"109\">1,5<\/td>\n<td>2000PSI<\/td>\n<td>\u00d8 1&#8243; JIC NPT \/ f\u00eamea \/ girat\u00f3ria curva, \u00d8 1&#8243; NPT \/ macho \/ reto \/ fixo<\/td>\n<\/tr>\n<\/tbody>\n<\/table>\n<\/div>\n","protected":false},"excerpt":{"rendered":"<p>Acompanha terminais\u00a0e adaptador\u00a0\u00a0para mangueiras 1\/2&#8243; 1 trama SAE 100R1. Informa\u00e7\u00e3o adicional: Comprimento linear 1 m Press\u00e3o de trabalho 2.000 psi Terminais \u00d8 1\/2&#8243; NPT \/ macho \/ reto \/ fixo, \u00d8 3\/4&#8243; UNF \/ f\u00eamea\/ girat\u00f3ria Adaptador \u00d8 3\/4&#8243; UNF macho x JIC \u00d8 1\/2&#8243; NPT Para carreteis 3002 \/ 3004 \/ 3007 + DETALHES [&hellip;]<\/p>\n","protected":false},"featured_media":4326,"comment_status":"open","ping_status":"closed","template":"","meta":{"_exactmetrics_skip_tracking":false,"_exactmetrics_sitenote_active":false,"_exactmetrics_sitenote_note":"","_exactmetrics_sitenote_category":0},"product_brand":[],"product_cat":[97],"product_tag":[],"class_list":{"0":"post-4325","1":"product","2":"type-product","3":"status-publish","4":"has-post-thumbnail","6":"product_cat-mangueiras-terminais-e-acessorios-para-mangueiras","8":"first","9":"instock","10":"shipping-taxable","11":"product-type-simple"},"_links":{"self":[{"href":"https:\/\/totallubri.com.br\/index.php?rest_route=\/wp\/v2\/product\/4325","targetHints":{"allow":["GET"]}}],"collection":[{"href":"https:\/\/totallubri.com.br\/index.php?rest_route=\/wp\/v2\/product"}],"about":[{"href":"https:\/\/totallubri.com.br\/index.php?rest_route=\/wp\/v2\/types\/product"}],"replies":[{"embeddable":true,"href":"https:\/\/totallubri.com.br\/index.php?rest_route=%2Fwp%2Fv2%2Fcomments&post=4325"}],"wp:featuredmedia":[{"embeddable":true,"href":"https:\/\/totallubri.com.br\/index.php?rest_route=\/wp\/v2\/media\/4326"}],"wp:attachment":[{"href":"https:\/\/totallubri.com.br\/index.php?rest_route=%2Fwp%2Fv2%2Fmedia&parent=4325"}],"wp:term":[{"taxonomy":"product_brand","embeddable":true,"href":"https:\/\/totallubri.com.br\/index.php?rest_route=%2Fwp%2Fv2%2Fproduct_brand&post=4325"},{"taxonomy":"product_cat","embeddable":true,"href":"https:\/\/totallubri.com.br\/index.php?rest_route=%2Fwp%2Fv2%2Fproduct_cat&post=4325"},{"taxonomy":"product_tag","embeddable":true,"href":"https:\/\/totallubri.com.br\/index.php?rest_route=%2Fwp%2Fv2%2Fproduct_tag&post=4325"}],"curies":[{"name":"wp","href":"https:\/\/api.w.org\/{rel}","templated":true}]}}